{"id":1868,"date":"2013-12-17T15:33:40","date_gmt":"2013-12-17T15:33:40","guid":{"rendered":"http:\/\/www.gaia-oasis.com\/?page_id=1868"},"modified":"2022-03-30T19:15:43","modified_gmt":"2022-03-30T11:15:43","slug":"willkommen","status":"publish","type":"page","link":"https:\/\/www.gaia-oasis.com\/de\/","title":{"rendered":"Willkommen"},"content":{"rendered":"<p><img loading=\"lazy\" decoding=\"async\" class=\"alignnone size-full wp-image-6144\" src=\"https:\/\/www.gaia-oasis.com\/wp-content\/uploads\/2022\/03\/about-us-1.jpeg\" alt=\"\" width=\"700\" height=\"200\" srcset=\"https:\/\/www.gaia-oasis.com\/wp-content\/uploads\/2022\/03\/about-us-1.jpeg 700w, https:\/\/www.gaia-oasis.com\/wp-content\/uploads\/2022\/03\/about-us-1-300x86.jpeg 300w\" sizes=\"auto, (max-width: 700px) 100vw, 700px\" \/><\/p>\n<p><strong><em>Willkommen in Gaia!<\/em><\/strong><\/p>\n<p>Entdecken Sie\u00a0 unsere gr\u00fcne Oase, die sich von einem Berggipfel, \u00fcber seine gr\u00fcnen H\u00e4nge bis hinunter an den Strand erstreckt. Atmen Sie\u00a0 tief durch \u2013 und verschmelzen Sie mit den Rhythmen der nordbalinesischen Landschaft.<\/p>\n<p>Ob Sie nun in unserem spirituellen Ort der Besinnung auf dem Berg die Stille suchen, oder eher erholsame, heitere Ferien in unserem kleinen Paradies am Strand verbringen m\u00f6chten, &#8211; Sie werden sich auf\u00a0 jeden Fall ganz einfach zuhause f\u00fchlen.<\/p>\n","protected":false},"excerpt":{"rendered":"<p>Willkommen in Gaia! Entdecken Sie\u00a0 unsere gr\u00fcne Oase, die sich von einem Berggipfel, \u00fcber seine gr\u00fcnen H\u00e4nge bis hinunter an den Strand erstreckt. Atmen Sie\u00a0 tief durch \u2013 und verschmelzen [&hellip;]<\/p>\n","protected":false},"author":1,"featured_media":604,"parent":0,"menu_order":0,"comment_status":"closed","ping_status":"closed","template":"","meta":{"footnotes":""},"class_list":["post-1868","page","type-page","status-publish","has-post-thumbnail","hentry"],"_links":{"self":[{"href":"https:\/\/www.gaia-oasis.com\/de\/wp-json\/wp\/v2\/pages\/1868","targetHints":{"allow":["GET"]}}],"collection":[{"href":"https:\/\/www.gaia-oasis.com\/de\/wp-json\/wp\/v2\/pages"}],"about":[{"href":"https:\/\/www.gaia-oasis.com\/de\/wp-json\/wp\/v2\/types\/page"}],"author":[{"embeddable":true,"href":"https:\/\/www.gaia-oasis.com\/de\/wp-json\/wp\/v2\/users\/1"}],"replies":[{"embeddable":true,"href":"https:\/\/www.gaia-oasis.com\/de\/wp-json\/wp\/v2\/comments?post=1868"}],"version-history":[{"count":3,"href":"https:\/\/www.gaia-oasis.com\/de\/wp-json\/wp\/v2\/pages\/1868\/revisions"}],"predecessor-version":[{"id":6146,"href":"https:\/\/www.gaia-oasis.com\/de\/wp-json\/wp\/v2\/pages\/1868\/revisions\/6146"}],"wp:featuredmedia":[{"embeddable":true,"href":"https:\/\/www.gaia-oasis.com\/de\/wp-json\/wp\/v2\/media\/604"}],"wp:attachment":[{"href":"https:\/\/www.gaia-oasis.com\/de\/wp-json\/wp\/v2\/media?parent=1868"}],"curies":[{"name":"wp","href":"https:\/\/api.w.org\/{rel}","templated":true}]}}