{"id":1874,"date":"2013-12-17T16:07:27","date_gmt":"2013-12-17T16:07:27","guid":{"rendered":"http:\/\/www.gaia-oasis.com\/?page_id=1874"},"modified":"2014-08-08T09:16:54","modified_gmt":"2014-08-08T09:16:54","slug":"unsere-geschichte","status":"publish","type":"page","link":"https:\/\/www.gaia-oasis.com\/de\/willkommen\/unsere-geschichte\/","title":{"rendered":"Unsere Geschichte"},"content":{"rendered":"<p>Befl\u00fcgelt wurden wir auf unserer Suche von dem Wunsch nach Gemeinschaft und dem Willen, uns um die Mutter Erde und all ihre Bewohner zu k\u00fcmmern.<\/p>\n<p>Die Suche wurde eher zu einer spannenden Reise, mit allerlei unvorhergesehenen Wendungen, w\u00e4hrend wir uns auf das Experiment einlie\u00dfen, hier einen Ort der Heilung und des Erwachens zu schaffen; einen Ort, der im Einklang sein sollte sowohl mit unseren Werten, als auch mit der wunderbar gr\u00fcnen nordbalinesischen Landschaft\u00a0 um uns herum.<\/p>\n<p>So hat sich diese gemeinsame Reise jetzt als ein Retreat-Resort manifestiert, mit einem Platz zur Besinnung und einer gemeinn\u00fctzigen Stiftung<\/p>\n<p><a title=\"Abasan Mountain Retreat\" href=\"https:\/\/www.gaia-oasis.com\/de\/abasan-mountain-retreat\/\">Abasan <\/a>\u2013\u00a0 ein Ort der Besinnung in den Bergen, und das spirituelle Herz von Gaia<\/p>\n<p><a title=\"Pantai Beach Resort\" href=\"https:\/\/www.gaia-oasis.com\/de\/pantai-beach-resort\/\">Pantai <\/a>\u2013\u00a0 ein paradiesischer Urlaubsort weit weg vom Massentourismus<\/p>\n<p><a title=\"Gaia Foundation\" href=\"https:\/\/www.gaia-oasis.com\/de\/gaia-foundation\/\">Yayasan <\/a>\u2013\u00a0 eine ehrenamtliche und gemeinn\u00fctzige Organisation zur Zusammenarbeit mit der \u00f6rtlichen Gemeinde, zur Verbesserung der Lebensbedingungen und des Umfelds im n\u00f6rdlichen Bali<\/p>\n<p>Lesen Sie hier <a title=\"Sabine\u2019s Vision\" href=\"https:\/\/www.gaia-oasis.com\/de\/willkommen\/unsere-geschichte\/sabines-vision\/\">Sabines Vision<\/a>, die den Ansto\u00df f\u00fcr die Entstehung von Gaia gab, und eine Gruppe von Menschen zusammenbrachte, die seitdem unsere liebenswert-unperfekte Gemeinschaft bilden.<\/p>\n<p>&nbsp;<\/p>\n","protected":false},"excerpt":{"rendered":"<p>Befl\u00fcgelt wurden wir auf unserer Suche von dem Wunsch nach Gemeinschaft und dem Willen, uns um die Mutter Erde und all ihre Bewohner zu k\u00fcmmern. Die Suche wurde eher zu [&hellip;]<\/p>\n","protected":false},"author":1,"featured_media":5083,"parent":1868,"menu_order":1,"comment_status":"open","ping_status":"closed","template":"","meta":{"footnotes":""},"class_list":["post-1874","page","type-page","status-publish","has-post-thumbnail","hentry"],"_links":{"self":[{"href":"https:\/\/www.gaia-oasis.com\/de\/wp-json\/wp\/v2\/pages\/1874","targetHints":{"allow":["GET"]}}],"collection":[{"href":"https:\/\/www.gaia-oasis.com\/de\/wp-json\/wp\/v2\/pages"}],"about":[{"href":"https:\/\/www.gaia-oasis.com\/de\/wp-json\/wp\/v2\/types\/page"}],"author":[{"embeddable":true,"href":"https:\/\/www.gaia-oasis.com\/de\/wp-json\/wp\/v2\/users\/1"}],"replies":[{"embeddable":true,"href":"https:\/\/www.gaia-oasis.com\/de\/wp-json\/wp\/v2\/comments?post=1874"}],"version-history":[{"count":6,"href":"https:\/\/www.gaia-oasis.com\/de\/wp-json\/wp\/v2\/pages\/1874\/revisions"}],"predecessor-version":[{"id":2367,"href":"https:\/\/www.gaia-oasis.com\/de\/wp-json\/wp\/v2\/pages\/1874\/revisions\/2367"}],"up":[{"embeddable":true,"href":"https:\/\/www.gaia-oasis.com\/de\/wp-json\/wp\/v2\/pages\/1868"}],"wp:featuredmedia":[{"embeddable":true,"href":"https:\/\/www.gaia-oasis.com\/de\/wp-json\/wp\/v2\/media\/5083"}],"wp:attachment":[{"href":"https:\/\/www.gaia-oasis.com\/de\/wp-json\/wp\/v2\/media?parent=1874"}],"curies":[{"name":"wp","href":"https:\/\/api.w.org\/{rel}","templated":true}]}}