{"id":1877,"date":"2013-12-17T16:10:13","date_gmt":"2013-12-17T16:10:13","guid":{"rendered":"http:\/\/www.gaia-oasis.com\/?page_id=1877"},"modified":"2013-12-19T02:47:48","modified_gmt":"2013-12-19T02:47:48","slug":"unsere-gemeinschaft","status":"publish","type":"page","link":"https:\/\/www.gaia-oasis.com\/de\/willkommen\/unsere-gemeinschaft\/","title":{"rendered":"Unsere Gemeinschaft"},"content":{"rendered":"<p>Unsere Gruppe besteht aus 15 <a title=\"Member Profiles\" href=\"https:\/\/www.gaia-oasis.com\/de\/willkommen\/unsere-gemeinschaft\/member-profiles\/\">Paten und Patinnen<\/a>, einige davon sind seit der Gr\u00fcndung von Gaia um die Jahrtausendwende herum dabei. So unterschiedlich wir als Menschen auch sind, wir teilen doch den Traum einen Ort zu pflegen, der ganz der Ruhe, der Verbindung miteinander und dem respektvollen Miteinander gewidmet ist, in Gaia sowohl als auch in uns selbst.<\/p>\n<p>Unterst\u00fctzt werden wir dabei von 60+ <a title=\"Mitarbeiter\" href=\"https:\/\/www.gaia-oasis.com\/de\/willkommen\/unsere-gemeinschaft\/mitarbeiter\/\">Mitarbeitern und Mitarbeiterinnen<\/a>, die unsere Werte teilen, und die stets ihr Bestes tun, um Ihre Bed\u00fcrfnisse w\u00e4hrend Ihres Aufenthalts zu verstehen und zu erf\u00fcllen.<\/p>\n<p>Begleiten Sie uns auf unserer andauernden Reise des Lernens, oder brechen Sie einfach auf zu Ihrer eigenen Expedition in eine Welt der liebevollen Wertsch\u00e4tzung .<\/p>\n<p>Wenn Sie mehr \u00fcber unsere Entstehungsgeschichte erfahren m\u00f6chten, oder dar\u00fcber, wie Sie Gaia-Pate oder Patin werden k\u00f6nnen, schreiben Sie uns bitte an\u00a0\u00a0<a href=\"mailto:vorstand-EV@gaia-oasis.com \" target=\"_blank\">vorstand-EV@gaia-oasis.com<\/a><\/p>\n","protected":false},"excerpt":{"rendered":"<p>Unsere Gruppe besteht aus 15 Paten und Patinnen, einige davon sind seit der Gr\u00fcndung von Gaia um die Jahrtausendwende herum dabei. So unterschiedlich wir als Menschen auch sind, wir teilen [&hellip;]<\/p>\n","protected":false},"author":1,"featured_media":5080,"parent":1868,"menu_order":2,"comment_status":"open","ping_status":"closed","template":"","meta":{"footnotes":""},"class_list":["post-1877","page","type-page","status-publish","has-post-thumbnail","hentry"],"_links":{"self":[{"href":"https:\/\/www.gaia-oasis.com\/de\/wp-json\/wp\/v2\/pages\/1877","targetHints":{"allow":["GET"]}}],"collection":[{"href":"https:\/\/www.gaia-oasis.com\/de\/wp-json\/wp\/v2\/pages"}],"about":[{"href":"https:\/\/www.gaia-oasis.com\/de\/wp-json\/wp\/v2\/types\/page"}],"author":[{"embeddable":true,"href":"https:\/\/www.gaia-oasis.com\/de\/wp-json\/wp\/v2\/users\/1"}],"replies":[{"embeddable":true,"href":"https:\/\/www.gaia-oasis.com\/de\/wp-json\/wp\/v2\/comments?post=1877"}],"version-history":[{"count":4,"href":"https:\/\/www.gaia-oasis.com\/de\/wp-json\/wp\/v2\/pages\/1877\/revisions"}],"predecessor-version":[{"id":3070,"href":"https:\/\/www.gaia-oasis.com\/de\/wp-json\/wp\/v2\/pages\/1877\/revisions\/3070"}],"up":[{"embeddable":true,"href":"https:\/\/www.gaia-oasis.com\/de\/wp-json\/wp\/v2\/pages\/1868"}],"wp:featuredmedia":[{"embeddable":true,"href":"https:\/\/www.gaia-oasis.com\/de\/wp-json\/wp\/v2\/media\/5080"}],"wp:attachment":[{"href":"https:\/\/www.gaia-oasis.com\/de\/wp-json\/wp\/v2\/media?parent=1877"}],"curies":[{"name":"wp","href":"https:\/\/api.w.org\/{rel}","templated":true}]}}