{"id":1879,"date":"2013-12-17T16:13:16","date_gmt":"2013-12-17T16:13:16","guid":{"rendered":"http:\/\/www.gaia-oasis.com\/?page_id=1879"},"modified":"2014-03-26T09:43:45","modified_gmt":"2014-03-26T09:43:45","slug":"mitarbeiter","status":"publish","type":"page","link":"https:\/\/www.gaia-oasis.com\/de\/willkommen\/unsere-gemeinschaft\/mitarbeiter\/","title":{"rendered":"Mitarbeiter"},"content":{"rendered":"<p>Gaia-Oasis besch\u00e4ftigt mehr als 60 balinesische Mitarbeiter und Mitarbeiterinnen, in den unterschiedlichsten Bereichen. Zus\u00e4tzlich zu ihren Landesspachen (balinesisch und indonesisch) sprechen fast alle unserer Mitarbeiter auch englisch, einige sprechen auch etwas deutsch. Unsere ortsans\u00e4ssige Managerin (or Gesch\u00e4ftsf\u00fchrerin) ist Yap Miow Yen, oder einfach Yen, wie sie auch liebevoll genannt wird.<\/p>\n<p>Unsere Mitarbeiter legen gro\u00dfen Wert darauf, Sie auf\u2019s Beste zu umsorgen. Ihre hilfsbereite, freundliche und diskrete Art tr\u00e4gt gro\u00dfen Anteil am Wohlbefinden unserer G\u00e4ste.<\/p>\n<p>Unser Ziel ist es, uns an internationalen Standards zu orioentieren, und so westliche Annehmlichkeiten mit balinesischer Gastfreundschaft und W\u00e4rme zu verbinden.<\/p>\n<p><img loading=\"lazy\" decoding=\"async\" class=\"alignnone\" src=\"http:\/\/www.gaia-oasis.com\/wp-content\/uploads\/2013\/04\/employes.jpg\" alt=\"\" width=\"700\" height=\"200\" \/><\/p>\n","protected":false},"excerpt":{"rendered":"<p>Gaia-Oasis besch\u00e4ftigt mehr als 60 balinesische Mitarbeiter und Mitarbeiterinnen, in den unterschiedlichsten Bereichen. Zus\u00e4tzlich zu ihren Landesspachen (balinesisch und indonesisch) sprechen fast alle unserer Mitarbeiter auch englisch, einige sprechen auch [&hellip;]<\/p>\n","protected":false},"author":1,"featured_media":0,"parent":1877,"menu_order":1,"comment_status":"open","ping_status":"closed","template":"","meta":{"footnotes":""},"class_list":["post-1879","page","type-page","status-publish","hentry"],"_links":{"self":[{"href":"https:\/\/www.gaia-oasis.com\/de\/wp-json\/wp\/v2\/pages\/1879","targetHints":{"allow":["GET"]}}],"collection":[{"href":"https:\/\/www.gaia-oasis.com\/de\/wp-json\/wp\/v2\/pages"}],"about":[{"href":"https:\/\/www.gaia-oasis.com\/de\/wp-json\/wp\/v2\/types\/page"}],"author":[{"embeddable":true,"href":"https:\/\/www.gaia-oasis.com\/de\/wp-json\/wp\/v2\/users\/1"}],"replies":[{"embeddable":true,"href":"https:\/\/www.gaia-oasis.com\/de\/wp-json\/wp\/v2\/comments?post=1879"}],"version-history":[{"count":5,"href":"https:\/\/www.gaia-oasis.com\/de\/wp-json\/wp\/v2\/pages\/1879\/revisions"}],"predecessor-version":[{"id":1881,"href":"https:\/\/www.gaia-oasis.com\/de\/wp-json\/wp\/v2\/pages\/1879\/revisions\/1881"}],"up":[{"embeddable":true,"href":"https:\/\/www.gaia-oasis.com\/de\/wp-json\/wp\/v2\/pages\/1877"}],"wp:attachment":[{"href":"https:\/\/www.gaia-oasis.com\/de\/wp-json\/wp\/v2\/media?parent=1879"}],"curies":[{"name":"wp","href":"https:\/\/api.w.org\/{rel}","templated":true}]}}