{"id":1882,"date":"2012-03-16T04:41:22","date_gmt":"2012-03-16T04:41:22","guid":{"rendered":"http:\/\/www.gaia-oasis.com\/?page_id=1882"},"modified":"2016-06-05T01:47:41","modified_gmt":"2016-06-05T01:47:41","slug":"gaste","status":"publish","type":"page","link":"https:\/\/www.gaia-oasis.com\/de\/willkommen\/unsere-gemeinschaft\/gaste\/","title":{"rendered":"G\u00e4ste"},"content":{"rendered":"<p><span id=\"result_box\" lang=\"de\">Gaia-Oasis ist stolz zu verk\u00fcnden, dass wieder einmal haben wir eine <strong>&#8222;Tripadvisor Certificate of Excellence&#8220; f\u00fcr das Jahr 2014<\/strong> ausgezeichnet wurde, im Anschluss an unsere &#8222;Certificate of Excellence&#8220; Auszeichnung f\u00fcr das Jahr 2013.<\/span><\/p>\n<p><span id=\"result_box\" lang=\"de\">Wir danken allen unseren G\u00e4sten, Freunden und F\u00f6rderern f\u00fcr die Unterst\u00fctzung und f\u00fcr die Herstellung dieser Auszeichnung m\u00f6glich. Wir danken auch unseren Mitarbeitern und Mitgliedern f\u00fcr ihre hervorragende Gastfreundschaft, ihren tief empfundenen Beitrag und f\u00fcr die Werte aufrechtzuerhalten, die Gaia-Oasis so besonders machen.<\/span><\/p>\n<div id=\"TA_certificateOfExcellence209\" class=\"TA_certificateOfExcellence\">\n<ul id=\"VONVW7OKY\" class=\"TA_links pvMTXnKicr\">\n<li id=\"jHAEelhuJ4B\" class=\"r6g2ELDk\"><a href=\"http:\/\/www.tripadvisor.co.uk\/\" target=\"_blank\"><img decoding=\"async\" id=\"CDSWIDCOELOGO\" class=\"widCOEImg\" src=\"http:\/\/www.tripadvisor.co.uk\/img\/cdsi\/img2\/awards\/CoE2014_WidgetAsset-14348-2.png\" alt=\"TripAdvisor\" \/><\/a><\/li>\n<\/ul>\n<\/div>\n<p><script src=\"http:\/\/www.jscache.com\/wejs?wtype=certificateOfExcellence&amp;uniq=209&amp;locationId=1787745&amp;lang=en_UK&amp;year=2014\"><\/script><\/p>\n<p><span id=\"result_box\" lang=\"de\">Hier ist, was einige unserer G\u00e4ste und Gruppenleiter \u00fcber uns sagen:<\/span><\/p>\n","protected":false},"excerpt":{"rendered":"<p>Gaia-Oasis ist stolz zu verk\u00fcnden, dass wieder einmal haben wir eine &#8222;Tripadvisor Certificate of Excellence&#8220; f\u00fcr das Jahr 2014 ausgezeichnet wurde, im Anschluss an unsere &#8222;Certificate of Excellence&#8220; Auszeichnung f\u00fcr [&hellip;]<\/p>\n","protected":false},"author":1,"featured_media":0,"parent":1877,"menu_order":2,"comment_status":"closed","ping_status":"closed","template":"","meta":{"footnotes":""},"class_list":["post-1882","page","type-page","status-publish","hentry"],"_links":{"self":[{"href":"https:\/\/www.gaia-oasis.com\/de\/wp-json\/wp\/v2\/pages\/1882","targetHints":{"allow":["GET"]}}],"collection":[{"href":"https:\/\/www.gaia-oasis.com\/de\/wp-json\/wp\/v2\/pages"}],"about":[{"href":"https:\/\/www.gaia-oasis.com\/de\/wp-json\/wp\/v2\/types\/page"}],"author":[{"embeddable":true,"href":"https:\/\/www.gaia-oasis.com\/de\/wp-json\/wp\/v2\/users\/1"}],"replies":[{"embeddable":true,"href":"https:\/\/www.gaia-oasis.com\/de\/wp-json\/wp\/v2\/comments?post=1882"}],"version-history":[{"count":5,"href":"https:\/\/www.gaia-oasis.com\/de\/wp-json\/wp\/v2\/pages\/1882\/revisions"}],"predecessor-version":[{"id":3027,"href":"https:\/\/www.gaia-oasis.com\/de\/wp-json\/wp\/v2\/pages\/1882\/revisions\/3027"}],"up":[{"embeddable":true,"href":"https:\/\/www.gaia-oasis.com\/de\/wp-json\/wp\/v2\/pages\/1877"}],"wp:attachment":[{"href":"https:\/\/www.gaia-oasis.com\/de\/wp-json\/wp\/v2\/media?parent=1882"}],"curies":[{"name":"wp","href":"https:\/\/api.w.org\/{rel}","templated":true}]}}