{"id":1892,"date":"2013-12-18T03:46:50","date_gmt":"2013-12-18T03:46:50","guid":{"rendered":"http:\/\/www.gaia-oasis.com\/?page_id=1892"},"modified":"2016-10-10T04:04:59","modified_gmt":"2016-10-10T04:04:59","slug":"pantai-beach-resort","status":"publish","type":"page","link":"https:\/\/www.gaia-oasis.com\/de\/pantai-beach-resort\/","title":{"rendered":"Pantai Beach Resort"},"content":{"rendered":"<p>Genie\u00dfen Sie die Sch\u00f6nheit von \u201ePantai\u201c, das sich auf ungef\u00e4hr einem Hektar am pazifischen Ozean entlang streckt. Jeder unserer 11 individuell gestalteten und im balinesischen Stil erbauten Bungalows liegt direkt am Meer; Sonnenbaden, Schwimmen und Schnorcheln sind nur ein paar Schritte entfernt.<\/p>\n<p style=\"text-align: center;\"><img loading=\"lazy\" decoding=\"async\" class=\"aligncenter size-full wp-image-573\" title=\"Pantai Beach Resort\" src=\"http:\/\/www.gaia-oasis.com\/wp-content\/uploads\/pantai.jpg\" alt=\"\" width=\"700\" height=\"200\" \/><\/p>\n<p>Die Bungalows sind erbaut aus Bambus, Naturstein und Holz, und einige der Geb\u00e4ude sind mit traditionellen Alang-Alang Grasd\u00e4chern gedeckt. Die h\u00fcbschen Bungalows bieten au\u00dferdem Freiluftbadezimmer, Hei\u00dfwasserversorgung, voll ausgestattete K\u00fcchen, Moskitonetze, Schr\u00e4nke, Handt\u00fccher, Bettw\u00e4sche, und eine bequeme Tagesliege. F\u00fcr eine verantwortungsvolle Kohlendioxid Bilanz sind alle Bungalows auf nat\u00fcrliche Durchl\u00fcftung hin konzipiert, statt Klimaanlagen zu benutzen. Jeder Bungalow besteht aus 2 von ihren Besitzem liebevoll ausgestatteten Doppelzimmern. Unser <a class=\"photo-show\" href=\"#\">virtueller Spaziergang<\/a> gibt Ihnen Gelegenheit,\u00a0 in jeden unseren Bungalows hineinzuschnuppern, und einen Eindruck der Atmosph\u00e4re zu bekommen.<\/p>\n<p>&nbsp;<\/p>\n<p><strong>Sonnenbaden,\u00a0 Lotus Pool &amp; Strand<\/strong><\/p>\n<p>Falls Sie vorhaben, zum Strand zu gehen, fragen Sie unsere freundlichen Mitarbeiter nach Badeschuhen und Schnorcheln. Mit seinem schwarzen Sand, den glatten Kieseln und den Korallenb\u00e4nken bietet sich der Strand von Pantai einfach an f\u00fcr endlos lange Spazierg\u00e4nge, die Suche nach Muscheln, oder dem Lauschen auf das Konzert der Wellen. Beobachten Sie fr\u00fch morgens das Auslaufen der Fischerboote, oder fahren Sie selbst mit einem Boot hinaus &#8230; mit etwas Gl\u00fcck sehen Sie Delphine!<\/p>\n<p>Sonnen Sie sich an unserem wundersch\u00f6nen Lotus-Pool, oder schwimmen Sie darin einfach mal nachts, im Schein des Mondes und der Sterne. Der Lotus-Pool ist wunderbar geeignet zum Schwimmen, f\u00fcr Wasser-Therapie, und um andere G\u00e4ste zu treffen. Erfrischen Sie sich mit einem leckeren, frischgepressten Saft oder trinken Sie eine junge, aufgeschlagene Kokosnuss \u2013 ganz entspannt auf einer der bereitstehenden Liegen, oder in einem der Pool-Pavillons.<\/p>\n<p>&nbsp;<\/p>\n<p><strong>Restaurant<\/strong><\/p>\n<p>Genie\u00dfen Sie beim Essen einen traumhaften Blick \u00fcber das Meer \u2013 sch\u00f6ner geht es nicht! Unser balinesischer K\u00fcchenchef und sein Team bereiten 3 x t\u00e4glich leckere und gesunde Buffets f\u00fcr Sie vor, mit vorwiegend vegetarischen, indonesischen oder westlich beeinflussten Gerichten, unter Verwendung von frischem Meeresfisch und\u00a0 Biogem\u00fcse aus unseren G\u00e4rten.<\/p>\n<p>Unsren G\u00e4sten steht es frei, sich vorab f\u00fcr die Buffetmahlzeiten zu entscheiden, oder \u00e0 la carte zu bestellen. Frisch gepresste Fruchts\u00e4fte und Lassies (Mischgetr\u00e4nke mit Joghurt) sind nur auf Bestellung erh\u00e4ltlich, w\u00e4hrend Mineralwasser, verschiedene Tees, balinesischer Kaffee und Kakao den ganzen Tag lang kostenlos zur Verf\u00fcgung stehen.<\/p>\n<p>Mitten am Nachmittag reichen wir au\u00dferdem einen leckeren s\u00fc\u00dfen Imbiss, bestehend aus leichtem Geb\u00e4ck oder traditionellen balinesischen S\u00fc\u00dfigkeiten.<\/p>\n<p>&nbsp;<\/p>\n<p><strong>Diamond Seminar House<\/strong><\/p>\n<p>Unser Diamond Seminar House \u2013 ein achteckiger Bau mit hellem Terrazzoboden \u2013 ist mit sch\u00f6nen Meditationskissen und Matten, Musikanlage und d\u00e4mpfbarem Licht ausgestattet.\u00a0 Entspannen Sie sich in diesem weiten, luftigen Raum mit einer Grundfl\u00e4che von 140 m\u00b2 -perfekt geeignet f\u00fcr Kontemplation, Tanz und body-work und vielf\u00e4ltige Kreativarbeit.<\/p>\n<p>&nbsp;<\/p>\n<p><strong>Management und Dienstleistungen<\/strong><\/p>\n<p>Pantai bietet Raum f\u00fcr insgesamt etwas mehr als 40 G\u00e4ste. Alle Einrichtungen und Aktivit\u00e4ten in Pantai stehen sowohl allen Pantai-G\u00e4sten als auch den f\u00fcr Abasan gebuchten G\u00e4sten zur Verf\u00fcgung \u2013 und umgekehrt. Zwischen beiden Orten gibt es mehrmals t\u00e4glich einen kostenlosen Shuttle-Service zu festen Zeiten. Alle Mahlzeiten k\u00f6nnen wahlweise an beiden Orten eingenommen werden.\u00a0 Es kann zu Einschr\u00e4nkungen kommen, falls Gruppen anwesend sind.<\/p>\n<p>Unser B\u00fcro und unser freundliches B\u00fcroteam stehen Ihnen jeden Tag zwischen 7:00\u00a0 und 21:00 f\u00fcr Fragen und W\u00fcnsche zur Verf\u00fcgung.<\/p>\n<p style=\"text-align: center;\"><img loading=\"lazy\" decoding=\"async\" class=\"aligncenter size-full wp-image-791\" title=\"pantai-ribbon\" src=\"http:\/\/www.gaia-oasis.com\/wp-content\/uploads\/2012\/12\/pantai-ribbon.jpg\" alt=\"\" width=\"700\" height=\"200\" srcset=\"https:\/\/www.gaia-oasis.com\/wp-content\/uploads\/2012\/12\/pantai-ribbon.jpg 700w, https:\/\/www.gaia-oasis.com\/wp-content\/uploads\/2012\/12\/pantai-ribbon-300x85.jpg 300w\" sizes=\"auto, (max-width: 700px) 100vw, 700px\" \/><\/p>\n<p><a title=\"Preise und besondere Angebote\" href=\"https:\/\/www.gaia-oasis.com\/de\/preise-und-besondere-angebote\/\">Preise &amp; besondere Angebote<\/a>\u00a0| <a title=\"Buchung\" href=\"https:\/\/www.gaia-oasis.com\/de\/reservierungen\/buchung\/\">Buchungsformular<\/a>\u00a0| <a title=\"Kontakt\" href=\"https:\/\/www.gaia-oasis.com\/de\/reservierungen\/kontakt\/\">Formular f\u00fcr allgemeine Anfragen<\/a>\u00a0|\u00a0 <a title=\"Der Weg hierher\" href=\"https:\/\/www.gaia-oasis.com\/de\/willkommen\/wer-wir-sind\/der-weg-hierher\/\">Der Weg hierher<\/a><\/p>\n","protected":false},"excerpt":{"rendered":"<p>Genie\u00dfen Sie die Sch\u00f6nheit von \u201ePantai\u201c, das sich auf ungef\u00e4hr einem Hektar am pazifischen Ozean entlang streckt. Jeder unserer 11 individuell gestalteten und im balinesischen Stil erbauten Bungalows liegt direkt [&hellip;]<\/p>\n","protected":false},"author":1,"featured_media":509,"parent":0,"menu_order":1,"comment_status":"closed","ping_status":"closed","template":"","meta":{"footnotes":""},"class_list":["post-1892","page","type-page","status-publish","has-post-thumbnail","hentry"],"_links":{"self":[{"href":"https:\/\/www.gaia-oasis.com\/de\/wp-json\/wp\/v2\/pages\/1892","targetHints":{"allow":["GET"]}}],"collection":[{"href":"https:\/\/www.gaia-oasis.com\/de\/wp-json\/wp\/v2\/pages"}],"about":[{"href":"https:\/\/www.gaia-oasis.com\/de\/wp-json\/wp\/v2\/types\/page"}],"author":[{"embeddable":true,"href":"https:\/\/www.gaia-oasis.com\/de\/wp-json\/wp\/v2\/users\/1"}],"replies":[{"embeddable":true,"href":"https:\/\/www.gaia-oasis.com\/de\/wp-json\/wp\/v2\/comments?post=1892"}],"version-history":[{"count":11,"href":"https:\/\/www.gaia-oasis.com\/de\/wp-json\/wp\/v2\/pages\/1892\/revisions"}],"predecessor-version":[{"id":2771,"href":"https:\/\/www.gaia-oasis.com\/de\/wp-json\/wp\/v2\/pages\/1892\/revisions\/2771"}],"wp:featuredmedia":[{"embeddable":true,"href":"https:\/\/www.gaia-oasis.com\/de\/wp-json\/wp\/v2\/media\/509"}],"wp:attachment":[{"href":"https:\/\/www.gaia-oasis.com\/de\/wp-json\/wp\/v2\/media?parent=1892"}],"curies":[{"name":"wp","href":"https:\/\/api.w.org\/{rel}","templated":true}]}}