{"id":1895,"date":"2013-12-18T03:52:01","date_gmt":"2013-12-18T03:52:01","guid":{"rendered":"http:\/\/www.gaia-oasis.com\/?page_id=1895"},"modified":"2023-05-01T13:49:22","modified_gmt":"2023-05-01T05:49:22","slug":"abasan-mountain-retreat","status":"publish","type":"page","link":"https:\/\/www.gaia-oasis.com\/de\/abasan-mountain-retreat\/","title":{"rendered":"Abasan Berg Retreat"},"content":{"rendered":"<p>Berge repr\u00e4sentieren auf Bali die Beziehung zwischen Mensch und Sch\u00f6pfung. Abasan ist das spirituelle Herz von Gaia, und der Ort, an dem unsere Vision geboren wurde. Hier treffen sich auf\u2019s Wunderbarste die Erdelemente der Natur und die Vitalit\u00e4t des l\u00e4ndlichen Balis, und schaffen eine Umgebung, in der es leicht f\u00e4llt, sich wieder mit dem Wesentlichen zu verbinden und sich tief zu erholen.<\/p>\n<p style=\"text-align: center;\"><img loading=\"lazy\" decoding=\"async\" class=\"aligncenter size-full wp-image-573\" title=\"Abasan Mountain Retreat\" src=\"http:\/\/www.gaia-oasis.com\/wp-content\/uploads\/abasan.jpg\" alt=\"\" width=\"700\" height=\"200\" \/><\/p>\n<p>Abasan ist Sitz der <a href=\"https:\/\/www.gaia-oasis.com\/de\/gaia-foundation\/\">Gaia-Oasis Foundation<\/a>, einer gemeinn\u00fctzigen Stiftung, die sich auf die \u00f6rtliche Gemeinde konzentriert. Wir grenzen auf einer Seite an einen kleinen, belebten Weiler an und auf der anderen Seite an einen gesch\u00fctzten Gemeindewald. Abasans Klanglandschaft ist eine Mischung aus Naturger\u00e4uschen und tiefer Stille, gelegentlich unterbrochen von aufflackernder Musik und Dorfaktivit\u00e4ten. Hier sind wir \u201cin der Welt\u201c, aber nicht \u201cvon der Welt\u201c.<\/p>\n<p>Verstreut \u00fcber Abasan befinden sich 4 gro\u00dfe und 2 kleinere Bungalows im balinesischen Stil, die sich \u00fcber 4 Hektar verteilen. Die gr\u00f6\u00dferen Bungalows haben jeweils zwei Doppelzimmer, und die kleineren sind perfekt f\u00fcr ein Paar. Alle H\u00e4user befinden sich in diskreter Entfernung von ihren Nachbarn und verf\u00fcgen \u00fcber voll ausgestattete K\u00fcchen und Open-Air-Badezimmer. Jedes Haus ist einzigartig, liebevoll von seinen Eigent\u00fcmern eingerichtet und in wundersch\u00f6nen privaten G\u00e4rten gelegen.<\/p>\n<p>Abasan hat auch ein in einen Hang gebautes G\u00e4stehaus mit weitem Blick. In der N\u00e4he des Salzwasserpools gelegen, umfasst es 6 Zimmer mit eigenem Bad ohne K\u00fcche und eignet sich f\u00fcr diejenigen, die ein einfacheres Leben in unmittelbarer N\u00e4he zum nachbarlichen Weiler suchen.<\/p>\n<p>Unsere <a href=\"#\">virtuelle Tour<\/a> gibt Ihnen Gelegenheit, die Geb\u00e4ude und die 4 Hektar umfassenden G\u00e4rten von Abasan zu besuchen.<\/p>\n<p><strong>Restaurant Terrasse<\/strong><\/p>\n<p>Hier k\u00f6nnen unsere G\u00e4ste sich stundenlang aufhalten \u2013 beim Lesen, Entspannen oder zu den Mahlzeiten. Die Terrasse in offener, luftiger Bauweise wird von Papayab\u00e4umen und Bambusstr\u00e4uchern angenehm beschattet und bietet einen weiten Blick \u00fcber ein gr\u00fcnes Tal. Wer genauer hinschaut, sieht in der Ferne das Meer glitzern.<\/p>\n<p>Die Mahlzeiten k\u00f6nnen nach Angebot entweder vom Selbstbedienungsbuffet genommen, oder aus der Karte gew\u00e4hlt werden. Unsere K\u00fcche bietet k\u00f6stliche und ausgewogene vegetarische, sowohl traditionell indonesische als auch westlich inspirierte Gerichte. Wir verwenden in der K\u00fcche Eier und Milch; wer Gefl\u00fcgelgerichte von freilaufenden H\u00fchnern oder Fischgerichte essen m\u00f6chte, kann diese gern mit einer Vorlaufzeit von 24 Stunden bestellen. Wann immer m\u00f6glich, beziehen wir unsere Rohstoffe aus unserem Bioanbau oder von regionalen M\u00e4rkten.\u00a0 Gruppen mit besonderen kulinarischen Bed\u00fcrfnissen \u2013 Rohkost, makrobiotische, vegane oder Oryoki-K\u00fcche \u2013 k\u00f6nnen nach Absprache unsere K\u00fcche f\u00fcr die Zubereitung benutzen.<\/p>\n<p>Auf der Terrasse stehen den G\u00e4sten w\u00e4hrend des gesamten Tages Obst, Mineralwasser, Gr\u00fcntee, Kr\u00e4utertee, balinesischer Kaffee und Kakao zur Verf\u00fcgung. Unsere freundlichen Mitarbeiter sind gerne bereit, Ihnen auf Bestellung frisch gepresste Fruchts\u00e4fte, Gem\u00fcses\u00e4fte, Lassies oder Kaffeespezialit\u00e4ten zu servieren.<\/p>\n<p><strong>Salzwasser-Pool<\/strong><\/p>\n<p>Unser Salzwasser-Pool liegt wundersch\u00f6n auf einer nat\u00fcrlichen Bergterrasse, mit freiem Blick \u00fcber gr\u00fcne Plantagen, bis dahin, wo Himmel und Meer miteinander verschmelzen. Ein perfekter Ort zum Spielen, f\u00fcr Yoga-\u00dcbungen, oder ganz einfach zum Entspannen. Der Pool ist gro\u00df genug um darin Bahnen zu schwimmen, und die breite Steinterrasse daneben bietet einen ebenen Untergrund f\u00fcr K\u00f6rperarbeit und \u00dcbungen.<\/p>\n<p><strong>Spazierwege<\/strong><\/p>\n<p>Abasan ist durchzogen von Spazierwegen, die sich sowohl f\u00fcr das entspannte Schlendern als auch f\u00fcr anspruchsvollere, ganzt\u00e4gige Wandertouren eignen. Nachdem Sie unsere 4-Hektar gro\u00dfen G\u00e4rten erforscht haben, k\u00f6nnen Sie auf einem Bergkamm \u00fcber dem Yeh Lalang-Fluss wandern, durch traditionelle D\u00f6rfer hindurch, und an Tempeln, G\u00e4rten und Dschungel-Schluchten vorbei. Ambitioniertere Mountainbiker finden hier Erdh\u00e4nge und holprige Nebenstrassen, oder nehmen die Strasse bergaufw\u00e4rts f\u00fcr die wunderbare Aussicht um Madenan.<\/p>\n<p><strong>\u00a0<\/strong><\/p>\n<p><strong>Mountain Lotus Seminar Room<\/strong><\/p>\n<p>F\u00fchlen Sie die Morgensonne auf der Haut, genie\u00dfen Sie die Stille, bevor Mensch und Tier mit vielerlei Ger\u00e4uschen um Sie herum zum Leben erwachen. Finden Sie sich zu den t\u00e4glich stattfindenden Yoga-\u00dcbungsstunden, Meditationen oder Sessions im Mountain Lotus Room ein.<\/p>\n<p>Direkt unter der Restaurant Terrasse gelegen, ist dieser Raum zu einer Seite hin v\u00f6llig offen, mit Blick auf einen ausladend gro\u00dfen, mit Lotusbl\u00fcten gef\u00fcllten Regenwasserteich und prachtvoller Vegetation. Ein wundersch\u00f6ner Rahmen f\u00fcr Meditation, Entspannung, Heilsessions &#8211; der Verbindung mit sich selbst und der Sch\u00f6pfung.<\/p>\n<p><strong>Nachhaltigkeit ist unser hohes Ziel\u00a0<\/strong><\/p>\n<p>Noch sind wir nicht ganz dort, aber wir befinden uns auf dem Weg dahin! Das Wasser auf\u00a0 Abasan ist frisches, unbehandeltes Quellwasser, und wir bem\u00fchen uns, so wenig Chemikalien zu verwenden als nur irgend m\u00f6glich. Das Wasser im Swimming-Pool ist z.B. spezielles Salzwasser, und alles Ab- und Grauwasser wird durch eine Pflanzenkl\u00e4ranlage geleitet.<\/p>\n<p>Unsere biologischen G\u00e4rten liefern k\u00f6stliches Gem\u00fcse, und auch hier bem\u00fchen wir uns mit Respekt vor der Natur um die Prinzipien der Wiederverwendung und Kompostverwertung.<\/p>\n<p>Wir setzen Energiesparlampen ein um Strom zu sparen, und verlassen uns zur K\u00fchlung der Geb\u00e4ude lieber auf die nat\u00fcrliche Ventilation der Bauweise als auf Klimaanlagen.<\/p>\n<p>In Harmonie mit unserer ganzheitlichen Ausrichtung bieten wir in Abasan (ausser auf\u00a0 Ihre\u00a0 Gefl\u00fcgel- oder Fisch- Vorbestellung) rein vegetarisches Essen und v\u00f6llig rauchfreie Geb\u00e4ude.<\/p>\n<p><strong>Management und Dienstleistungen<\/strong><\/p>\n<p>Im Ganzen kann Abasan mehr als 20 Menschen beherbergen.\u00a0 Alle Einrichtungen und Aktivit\u00e4ten in Abasan stehen allen G\u00e4sten offen, auch den G\u00e4sten unserer Anlage am Strand. Umgekehrt gilt das Gleiche, daher gibt es einen regelm\u00e4\u00dfigen, mehrfach t\u00e4glichen kostenlosen Shuttle-Betrieb zwischen Pantai und Abasan.\u00a0 Alle Mahlzeiten k\u00f6nnen gern wahlweise an beiden Orten eingenommen werden. Es kann zu Einschr\u00e4nkungen kommen, falls Gruppen anwesend sind<\/p>\n<p>B\u00fccher k\u00f6nnen ausgeliehen werden und unsere G\u00e4ste k\u00f6nnen sich kostenlose Dharma-texte mitnehmen.<\/p>\n<p>Unsere freundlichen Mitarbeiter auf Abasan helfen gern bei Fragen oder Bitten jeden Tag von 6 bis 20 Uhr.<\/p>\n<p style=\"text-align: center;\"><img loading=\"lazy\" decoding=\"async\" class=\"aligncenter\" title=\"Abasan Mountain Retreat\" src=\"http:\/\/www.gaia-oasis.com\/wp-content\/uploads\/2012\/12\/abasan-ribbon.jpg\" alt=\"\" width=\"700\" height=\"200\" \/><\/p>\n<p><a title=\"Preise und besondere Angebote\" href=\"https:\/\/www.gaia-oasis.com\/de\/preise-und-besondere-angebote\/\">Preise &amp; besondere Angebote<\/a>\u00a0|\u00a0<a title=\"Buchung\" href=\"https:\/\/www.gaia-oasis.com\/de\/reservierungen\/buchung\/\">Buchungsformular<\/a>\u00a0|\u00a0<a title=\"Kontakt\" href=\"https:\/\/www.gaia-oasis.com\/de\/reservierungen\/kontakt\/\">Formular f\u00fcr allgemeine Anfragen<\/a>\u00a0|\u00a0\u00a0<a title=\"Der Weg hierher\" href=\"https:\/\/www.gaia-oasis.com\/de\/willkommen\/wer-wir-sind\/der-weg-hierher\/\">Der Weg hierher<\/a><\/p>\n","protected":false},"excerpt":{"rendered":"<p>Berge repr\u00e4sentieren auf Bali die Beziehung zwischen Mensch und Sch\u00f6pfung. Abasan ist das spirituelle Herz von Gaia, und der Ort, an dem unsere Vision geboren wurde. Hier treffen sich auf\u2019s [&hellip;]<\/p>\n","protected":false},"author":1,"featured_media":512,"parent":0,"menu_order":1,"comment_status":"closed","ping_status":"closed","template":"","meta":{"footnotes":""},"class_list":["post-1895","page","type-page","status-publish","has-post-thumbnail","hentry"],"_links":{"self":[{"href":"https:\/\/www.gaia-oasis.com\/de\/wp-json\/wp\/v2\/pages\/1895","targetHints":{"allow":["GET"]}}],"collection":[{"href":"https:\/\/www.gaia-oasis.com\/de\/wp-json\/wp\/v2\/pages"}],"about":[{"href":"https:\/\/www.gaia-oasis.com\/de\/wp-json\/wp\/v2\/types\/page"}],"author":[{"embeddable":true,"href":"https:\/\/www.gaia-oasis.com\/de\/wp-json\/wp\/v2\/users\/1"}],"replies":[{"embeddable":true,"href":"https:\/\/www.gaia-oasis.com\/de\/wp-json\/wp\/v2\/comments?post=1895"}],"version-history":[{"count":7,"href":"https:\/\/www.gaia-oasis.com\/de\/wp-json\/wp\/v2\/pages\/1895\/revisions"}],"predecessor-version":[{"id":6671,"href":"https:\/\/www.gaia-oasis.com\/de\/wp-json\/wp\/v2\/pages\/1895\/revisions\/6671"}],"wp:featuredmedia":[{"embeddable":true,"href":"https:\/\/www.gaia-oasis.com\/de\/wp-json\/wp\/v2\/media\/512"}],"wp:attachment":[{"href":"https:\/\/www.gaia-oasis.com\/de\/wp-json\/wp\/v2\/media?parent=1895"}],"curies":[{"name":"wp","href":"https:\/\/api.w.org\/{rel}","templated":true}]}}