{"id":1898,"date":"2013-12-18T05:13:41","date_gmt":"2013-12-18T05:13:41","guid":{"rendered":"http:\/\/www.gaia-oasis.com\/?page_id=1898"},"modified":"2024-06-07T15:29:20","modified_gmt":"2024-06-07T07:29:20","slug":"preise-und-besondere-angebote","status":"publish","type":"page","link":"https:\/\/www.gaia-oasis.com\/de\/preise-und-besondere-angebote\/","title":{"rendered":"Preise und besondere Angebote"},"content":{"rendered":"<table class=\"rates\" width=\"100%\" cellspacing=\"0\" cellpadding=\"0\">\n<tbody>\n<tr>\n<td id=\"text\" width=\"50%\"><strong>Pantai Bungalow<\/strong><\/td>\n<td id=\"text\" style=\"text-align: center;\" width=\"50%\"><strong><strong>Preis pro Zimmer \/ Nacht<\/strong><\/strong><\/td>\n<\/tr>\n<tr>\n<td id=\"text\">Einzelbelegung<br \/>\nDoppelbelegung<br \/>\nZusatzbett<\/td>\n<td style=\"text-align: center;\">IDR\u00a0\u00a0\u00a0 900.000<br \/>\nIDR 1.200.000<br \/>\nIDR\u00a0\u00a0\u00a0 350.000<\/td>\n<\/tr>\n<\/tbody>\n<\/table>\n<table border=\"0\" width=\"100%\" cellspacing=\"0\">\n<tbody>\n<tr>\n<td id=\"text\" width=\"50%\"><span class=\"Apple-style-span\"><strong>Abasan Bungalow<\/strong><\/span><\/td>\n<td id=\"text\" style=\"text-align: center;\" align=\"right\" width=\"50%\"><span class=\"Apple-style-span\"><strong>Preis pro Zimmer \/ Nacht<\/strong><\/span><\/td>\n<\/tr>\n<tr>\n<td id=\"text\">Einzelbelegung<br \/>\nDoppelbelegung<br \/>\nZusatzbett<\/td>\n<td id=\"text\" style=\"text-align: center;\" align=\"right\">IDR\u00a0 \u00a0720.000<br \/>\nIDR\u00a0 \u00a0960.000<br \/>\nIDR\u00a0 \u00a0300.000<\/td>\n<\/tr>\n<\/tbody>\n<\/table>\n<table border=\"0\" width=\"100%\" cellspacing=\"0\" cellpadding=\"0\">\n<tbody>\n<tr>\n<td id=\"text\" width=\"50%\"><span class=\"Apple-style-span\"><strong>Abasan Guest Rooms <span class=\"Apple-style-span\"><strong>(ohne Kochgelegenheit)<\/strong><\/span><\/strong><\/span><\/td>\n<td id=\"text\" style=\"text-align: center;\" align=\"right\" width=\"50%\"><span class=\"Apple-style-span\"><strong>Preis pro Zimmer \/ Nacht\u00a0<\/strong><\/span><\/td>\n<\/tr>\n<tr>\n<td id=\"text\">Einzelbelegung<br \/>\nDoppelbelegung<\/td>\n<td id=\"text\" style=\"text-align: center;\" align=\"right\">IDR\u00a0\u00a0 480.000<br \/>\nIDR\u00a0\u00a0 720.000<\/td>\n<\/tr>\n<\/tbody>\n<\/table>\n<table border=\"0\" width=\"100%\" cellspacing=\"0\" cellpadding=\"0\">\n<tbody>\n<tr>\n<td>Alle Preise sind in Indonesischen Rupiah (IDR). F\u00fcr einen W\u00e4hrungrechner, klicken Sie bitte <a href=\"http:\/\/www.xe.com\/currencyconverter\/samp-ucc.htm\">hier<\/a>.<br \/>\nAm 1. Juni 2024 waren IDR 1 Million = 56 Euro \/ 62 USD \/ 92 AUD.<\/td>\n<\/tr>\n<\/tbody>\n<\/table>\n<p><strong> <strong>Unser Preis beinhaltet:<\/strong><\/strong><\/p>\n<ul id=\"text\">\n<li>Willkommensgetr\u00e4nk<\/li>\n<li>Freie Bef\u00f6rderung zum und vom Parkplatz<\/li>\n<li>Kostenloser Internetzugang in den \u00f6ffentlichen Bereichen (haftungsbeschr\u00e4nkt)<\/li>\n<li>Kostenloses Yoga auf Anfrage<\/li>\n<li>Kostenloser Shuttle zwischen unseren Strand und Berg Liegenschaften<\/li>\n<li>24-Stunden-Theke, wo hausinterne G\u00e4ste, sich selbst bedienen k\u00f6nnen: Es gibt balinesischen Kaffee, Tees, Mineralwasser, lokale Fr\u00fcchte und Nachmittags-Desserts ohne Zusatzkosten.<\/li>\n<\/ul>\n<p><strong>Andere Konditionen:<\/strong><\/p>\n<ul id=\"text\">\n<li>Kinder unter 3 Jahren \u00fcbernachten kostenlos; die zwischen 3-14 Jahren zahlen den halben Preis.<\/li>\n<li>Leider k\u00f6nnen wir keine Haustiere akzeptieren.<\/li>\n<li>Bitte fragen Sie nach unseren Sonderkonditionen f\u00fcr Gruppenbuchungen.<\/li>\n<\/ul>\n<table class=\"rates\" width=\"1004\" cellspacing=\"0\" cellpadding=\"0\">\n<tbody>\n<tr>\n<td><strong>Preise f\u00fcr t\u00e4gliche Mahlzeiten <\/strong>Wir bieten 3 t\u00e4gliche Buffet mit k\u00f6stlichen vegetarischen Gerichten. Fisch und Huhn sind im Pantai Buffet inbegriffen und sind auf Anfrage in Abasan erh\u00e4ltlich. Gerichte werden, wo immer m\u00f6glich, aus den lokalen M\u00e4rkten und unsere 4 Hektar Bio-Garten komponiert, und wir machen unser eigenes Brot, Marmeladen, Dips, M\u00fcsli, Saucen, Joghurt, Kr\u00e4uter Tees und Kokos\u00f6l.Bitte lassen Sie uns wissen, falls Sie spezielle di\u00e4tetische Bed\u00fcrfnisse haben z.B. vegan, roh, Gluten frei, und wir werden unser Bestes tun, um f\u00fcr Sie zu sorgen.<\/td>\n<\/tr>\n<\/tbody>\n<\/table>\n<table border=\"0\" width=\"100%\" cellspacing=\"0\" cellpadding=\"0\">\n<tbody>\n<tr>\n<td id=\"text\" width=\"50%\"><span class=\"Apple-style-span\"><strong><strong>Buffet Mahlzeiten<\/strong><\/strong><\/span><\/td>\n<\/tr>\n<tr>\n<td id=\"text\">Vollpension<br \/>\nFr\u00fchst\u00fcck<br \/>\nMittagessen<br \/>\nAbendessen<\/td>\n<td id=\"text\" style=\"text-align: center;\" align=\"right\">IDR 360.000<br \/>\nIDR 90.000<br \/>\nIDR 160.000<br \/>\nIDR 160.000<\/td>\n<\/tr>\n<\/tbody>\n<\/table>\n<table border=\"0\" width=\"100%\" cellspacing=\"0\" cellpadding=\"0\">\n<tbody>\n<tr>\n<td><strong>Individuelle Buchungsrichtlinien<\/strong><br \/>\nBitte klicken Sie <a href=\"http:\/\/www.gaia-oasis.com\/wp-content\/uploads\/2016\/04\/Resort-Policies-Effective-Mar-2016.pdf\">hier<\/a> f\u00fcr Resort, Reservierung und Stornierungsbedingungen.<br \/>\nUnsere Gruppenbuchungsrichtlinien finden Sie auf der <a href=\"https:\/\/www.gaia-oasis.com\/de\/veranstaltungskalender\/seminarleiter\/\">Seminarleiterseite<\/a>.<\/td>\n<\/tr>\n<\/tbody>\n<\/table>\n<p><a href=\"https:\/\/www.gaia-oasis.com\/de\/reservierungen\/buchung\/\">Reservierungsformular<\/a>\u00a0| <a href=\"https:\/\/www.gaia-oasis.com\/de\/reservierungen\/kontakt\/\">Allgemeines Anfrageformular<\/a> | <a href=\"https:\/\/www.gaia-oasis.com\/de\/willkommen\/der-weg-hierher\/\">Der Weg hierher<\/a><\/p>\n","protected":false},"excerpt":{"rendered":"<p>Pantai Bungalow Preis pro Zimmer \/ Nacht Einzelbelegung Doppelbelegung Zusatzbett IDR\u00a0\u00a0\u00a0 900.000 IDR 1.200.000 IDR\u00a0\u00a0\u00a0 350.000 Abasan Bungalow Preis pro Zimmer \/ Nacht Einzelbelegung Doppelbelegung Zusatzbett IDR\u00a0 \u00a0720.000 IDR\u00a0 \u00a0960.000 [&hellip;]<\/p>\n","protected":false},"author":1,"featured_media":323,"parent":0,"menu_order":3,"comment_status":"closed","ping_status":"closed","template":"","meta":{"footnotes":""},"class_list":["post-1898","page","type-page","status-publish","has-post-thumbnail","hentry"],"_links":{"self":[{"href":"https:\/\/www.gaia-oasis.com\/de\/wp-json\/wp\/v2\/pages\/1898","targetHints":{"allow":["GET"]}}],"collection":[{"href":"https:\/\/www.gaia-oasis.com\/de\/wp-json\/wp\/v2\/pages"}],"about":[{"href":"https:\/\/www.gaia-oasis.com\/de\/wp-json\/wp\/v2\/types\/page"}],"author":[{"embeddable":true,"href":"https:\/\/www.gaia-oasis.com\/de\/wp-json\/wp\/v2\/users\/1"}],"replies":[{"embeddable":true,"href":"https:\/\/www.gaia-oasis.com\/de\/wp-json\/wp\/v2\/comments?post=1898"}],"version-history":[{"count":25,"href":"https:\/\/www.gaia-oasis.com\/de\/wp-json\/wp\/v2\/pages\/1898\/revisions"}],"predecessor-version":[{"id":6764,"href":"https:\/\/www.gaia-oasis.com\/de\/wp-json\/wp\/v2\/pages\/1898\/revisions\/6764"}],"wp:featuredmedia":[{"embeddable":true,"href":"https:\/\/www.gaia-oasis.com\/de\/wp-json\/wp\/v2\/media\/323"}],"wp:attachment":[{"href":"https:\/\/www.gaia-oasis.com\/de\/wp-json\/wp\/v2\/media?parent=1898"}],"curies":[{"name":"wp","href":"https:\/\/api.w.org\/{rel}","templated":true}]}}