{"id":1900,"date":"2013-12-18T05:17:21","date_gmt":"2013-12-18T05:17:21","guid":{"rendered":"http:\/\/www.gaia-oasis.com\/?page_id=1900"},"modified":"2016-10-10T04:50:47","modified_gmt":"2016-10-10T04:50:47","slug":"aktivitaten-angebote","status":"publish","type":"page","link":"https:\/\/www.gaia-oasis.com\/de\/aktivitaten-angebote\/","title":{"rendered":"Aktivit\u00e4ten &#038; Angebote"},"content":{"rendered":"<p><strong>Ma\u00dfgeschneiderte individuelle Programme<\/strong><\/p>\n<p>In Gaia k\u00f6nnen Sie genau das tun was Sie m\u00f6chten, und auch genau, wann Sie es m\u00f6chten. Ob Sie sich nun entscheiden \u201egar nichts\u201c zu tun, um sich von den heilenden Armen der Natur schaukeln zu lassen, oder ob Sie sich ein volles Programm g\u00f6nnen m\u00f6chten \u2013 teilen Sie uns Ihre Pl\u00e4ne mit, und wir tun was wir k\u00f6nnen, damit es genau so wird, wie Sie es sich w\u00fcnschen!<\/p>\n<p style=\"text-align: center;\"><img loading=\"lazy\" decoding=\"async\" class=\"aligncenter size-full wp-image-573\" title=\"Activity &amp; Facilities\" src=\"http:\/\/www.gaia-oasis.com\/wp-content\/uploads\/activity.jpg\" alt=\"\" width=\"700\" height=\"200\" \/><\/p>\n<p>Wir haben Ideen f\u00fcr eine ganze Reihe von Aktivit\u00e4ten und Ausfl\u00fcgen: Lernen Sie balinesischen Tempeltanz, baden Sie in heiligen Quellen, besuchen Sie den \u00f6rtlichen Markt, halten Sie nach Delphinen Ausschau, oder genie\u00dfen Sie den atemberaubenden Blick von ausgesuchten Aussichtspunkten auf ganz Bali. Und und und &#8230;<\/p>\n<p>&nbsp;<\/p>\n<p>Oder g\u00f6nnen Sie sich Zeit f\u00fcr sich selbst, w\u00e4hrend Ihre Kinder sich begeistert auf einen abenteuerlichen Ausflug in die Berge begeben, Yoga kennenlernen, oder traditionellen Tanz.<\/p>\n<p>Alle unsere G\u00e4ste sind herzlich eingeladen, an unseren t\u00e4glichen <a title=\"Yoga &amp; Heilung\" href=\"https:\/\/www.gaia-oasis.com\/de\/aktivitaten-angebote\/yoga-heilung\/\">Yoga und Meditationsstunden<\/a> \u00a0teilzunehmen,\u00a0 von Donnerstag bis Dienstag Morgen, wann immer einer unserer Yogalehrer oder Lehrerinnen anwesend ist. Diese Morgensessions sind etwas ganz besonderes, immer wieder anders, beinhalten oft Elemente aus Yoga, Tanz, Body-Work, Rebirthing, Reiki und Meditation.<\/p>\n<p>Diese Sessions sind f\u00fcr unsere G\u00e4ste kostenlos und wir sind sehr bem\u00fcht, das ganze Jahr hindurch dieses Angebot f\u00fcr Sie bereit zu halten, das inzwischen zu einer festen Einrichtung wurde.<\/p>\n<p>Fragen Sie jedoch gern bei Ihrer Buchung nach dem jeweiligen Yoga-angebot. Eine weitere M\u00f6glichkeit ist die Teilnahme an einem der angebotenen <a title=\"Veranstaltungskalender\" href=\"https:\/\/www.gaia-oasis.com\/de\/calendar\">Kurse oder Seminare<\/a> die von externen Kursleitern zu den unterschiedlichsten Themen angeboten werden.<\/p>\n","protected":false},"excerpt":{"rendered":"<p>Ma\u00dfgeschneiderte individuelle Programme In Gaia k\u00f6nnen Sie genau das tun was Sie m\u00f6chten, und auch genau, wann Sie es m\u00f6chten. Ob Sie sich nun entscheiden \u201egar nichts\u201c zu tun, um [&hellip;]<\/p>\n","protected":false},"author":1,"featured_media":686,"parent":0,"menu_order":4,"comment_status":"open","ping_status":"open","template":"","meta":{"footnotes":""},"class_list":["post-1900","page","type-page","status-publish","has-post-thumbnail","hentry"],"_links":{"self":[{"href":"https:\/\/www.gaia-oasis.com\/de\/wp-json\/wp\/v2\/pages\/1900","targetHints":{"allow":["GET"]}}],"collection":[{"href":"https:\/\/www.gaia-oasis.com\/de\/wp-json\/wp\/v2\/pages"}],"about":[{"href":"https:\/\/www.gaia-oasis.com\/de\/wp-json\/wp\/v2\/types\/page"}],"author":[{"embeddable":true,"href":"https:\/\/www.gaia-oasis.com\/de\/wp-json\/wp\/v2\/users\/1"}],"replies":[{"embeddable":true,"href":"https:\/\/www.gaia-oasis.com\/de\/wp-json\/wp\/v2\/comments?post=1900"}],"version-history":[{"count":6,"href":"https:\/\/www.gaia-oasis.com\/de\/wp-json\/wp\/v2\/pages\/1900\/revisions"}],"predecessor-version":[{"id":3154,"href":"https:\/\/www.gaia-oasis.com\/de\/wp-json\/wp\/v2\/pages\/1900\/revisions\/3154"}],"wp:featuredmedia":[{"embeddable":true,"href":"https:\/\/www.gaia-oasis.com\/de\/wp-json\/wp\/v2\/media\/686"}],"wp:attachment":[{"href":"https:\/\/www.gaia-oasis.com\/de\/wp-json\/wp\/v2\/media?parent=1900"}],"curies":[{"name":"wp","href":"https:\/\/api.w.org\/{rel}","templated":true}]}}