{"id":1905,"date":"2013-12-18T05:33:44","date_gmt":"2013-12-18T05:33:44","guid":{"rendered":"http:\/\/www.gaia-oasis.com\/?page_id=1905"},"modified":"2016-10-10T04:56:42","modified_gmt":"2016-10-10T04:56:42","slug":"ausfluge","status":"publish","type":"page","link":"https:\/\/www.gaia-oasis.com\/de\/aktivitaten-angebote\/ausfluge\/","title":{"rendered":"Ausfl\u00fcge"},"content":{"rendered":"<p>Nutzen Sie die Gelegenheit, das zauberhafte Bali kennen zu lernen. Wir sind gerne dabei behilflich, Ausfl\u00fcge mit einer Reihe von Themenschwerpunkten zu organisieren:<\/p>\n<p><a style=\"font-size: 13px; line-height: 19px;\" href=\"http:\/\/www.gaia-oasis.com\/activities-facilities\/tours\/image14a\/\" rel=\"attachment wp-att-1550\"><img loading=\"lazy\" decoding=\"async\" class=\"alignnone size-full wp-image-1550\" title=\"image14a\" src=\"http:\/\/www.gaia-oasis.com\/wp-content\/uploads\/2013\/05\/image14a.jpg\" alt=\"\" width=\"700\" height=\"171\" \/><\/a><\/p>\n<table cellpadding=\"10\">\n<tbody>\n<tr>\n<td>\n<ol>\n<li>Unterricht im balinesischen Tempeltanz<\/li>\n<li>Verbrennungszeremonien (falls sich ein solcher Termin ergibt)<\/li>\n<li>Delphine beobachten<\/li>\n<li>Tauchen oder Schnorcheln<\/li>\n<li>Kunsthandwerk und regionale M\u00e4rkte<\/li>\n<li>Wandertouren zu Vulkankratern<\/li>\n<li>Wildwasser-Flo\u00dffahrten<\/li>\n<li>1, 2 oder 3-Tagestouren<\/li>\n<li>&#8230; und vieles mehr<\/li>\n<\/ol>\n<\/td>\n<td><\/td>\n<\/tr>\n<\/tbody>\n<\/table>\n<p>Eine andere M\u00f6glichkeit w\u00e4re, sich f\u00fcr einen ganzen Tag einen der mit Gaia kooperierenden Fahrer aus der Ortschaft zu nehmen, und einen ganz individuellen Tagesausflug zusammen zu stellen. Die Fahrer von der Tejakula Transport Kooperative sprechen englisch, und kennen die sch\u00f6nsten Stellen auf Bali. Planen Sie mit Ihnen zusammen eine ganz eigene Reiseroute. Hier ein paar Beispiele f\u00fcr Tagesausfl\u00fcge, die Sie von Gaia aus unternehmen k\u00f6nnen:<\/p>\n<p>&nbsp;<\/p>\n<p><strong>Bedugul\u00a0 <strong>(nur ein Vorschlag f\u00fcr den Ablauf&#8230;)<\/strong><\/strong><\/p>\n<p>Wir beginnen den Tag mit einem Besuch des Ponjok Batu, einem der wichtigsten, von einem bekannten Priester namens Dang Hyang Nirartha begr\u00fcndeten Tempel. Von dort fahren wir weiter zum farbenfrohen Markt nach Candikuning, mit seinen vielen Fr\u00fcchten, Blumen und Gew\u00fcrzen.<\/p>\n<p>Tauchen Sie ein in das bunte Treiben, beobachten Sie Kunden und H\u00e4ndler beim Feilschen, oder machen Sie selbst mit, und kaufen Sie sich einen Vorrat an frischem Zimt, Safran und saftigen Mangos.<\/p>\n<p>Weiter geht es nach Bedugul, einem immer leicht dunstigen Ort, mit seinem ber\u00fchmten Wassertempel Ulun Danu, der im 17. Jahrhundert in den Bratan-See hinein gebaut wurde.<\/p>\n<p>Nach dem Mittagessen besuchen wir die Seen Buyan und Tamblingan; -wer still genug ist kann eine Vielzahl einheimischer Singv\u00f6gel h\u00f6ren, und bekommt Affen, Eichh\u00f6rnchen und allerlei andere Tiere zu sehen!<\/p>\n<p>Wir fahren vorbei an der Ortschaft Munduk, genie\u00dfen die wunderbare Aussicht und bestaunen die Wasserf\u00e4lle. Ausklingen lassen wir den Tag an den hei\u00dfen Quellen in Banjar, wo wir unsere m\u00fcden Glieder neben freundlichen Einheimischen ins warme Wasser tauchen.<\/p>\n<p>&nbsp;<\/p>\n<p><strong>Sonnenaufgang auf dem Vulkan (externe Tour)<\/strong><\/p>\n<p>Vom Gipfel des Mount Batur, Balis einzigem derzeit aktivem Vulkan,\u00a0 bietet sich Fr\u00fchaufstehern ein absolut atemberaubender Blick auf die Morgensonne, die sich ihren Weg durch die Wolken bahnt.<\/p>\n<p>Nach dem Aufstieg genie\u00dfen wir die Landschaft und die Sicht auf die gr\u00fcne Landschaft zu unseren F\u00fc\u00dfen. Kochen Sie Ihre eigenen Fr\u00fchst\u00fcckseier in der hei\u00dfen Erde rund um den Krater, trinken Sie dazu einen hei\u00dfen Kaffee aus der Thermoskanne, und freuen Sie sich am goldenen Licht, das alsbald das ganze Land \u00fcberzieht.<\/p>\n<p>Je nach Vorliebe und Ausdauer gibt es f\u00fcr den Weg bergab auch eine k\u00fcrzere Route zur Auswahl. Unten angekommen, erwartet Sie ein reichhaltiges Fr\u00fchst\u00fcck in einem Restaurant mit wundersch\u00f6nem Blick auf den Berg.<\/p>\n<p>&nbsp;<\/p>\n<p><strong>Delphine beobachten<\/strong><\/p>\n<p>Um 6 Uhr morgens fahren Sie hinaus, im Licht des werdenden herrlichen Sonnenaufgangs, und sp\u00e4hen nach den freilebenden Delphinen im Meer vor der Gaia.<\/p>\n<p>Anders als bei den aggressiveren Anbietern solcher Ausfl\u00fcge, die die Delphine oft mit l\u00e4rmenden Motorbooten verfolgen, finden unsere Ausfl\u00fcge mit den traditionellen Fischerbooten der benachbarten Fischer statt. Beobachten Sie die Tiere bei der Suche nach Nahrung, und genie\u00dfen Sie die eine oder andere spektakul\u00e4re \u201eTanzeinlage\u201c.<\/p>\n<p>Oder lassen Sie sich einfach treiben, umgeben von Sonnenlicht, Wasser, Wellen und dem Himmel.<\/p>\n<p>*<em>Bitte beachten: Da es sich um freilebende Wildtiere handelt, k\u00f6nnen wir deren \u201eAuftritte\u201c nat\u00fcrlich nicht zeitlich garantieren.<\/em><\/p>\n<p>&nbsp;<\/p>\n<p><strong>Besakih Mutter Temple (nur ein Vorschlag f\u00fcr den Ablauf&#8230;)<\/strong><\/p>\n<p>Diese Tempel-Tour f\u00fchrt uns zum heiligen Besakih -Tempel, der h\u00e4ufig als die Mutter aller Tempel auf Bali bezeichnet wird. Besakih liegt hoch oben ( ca. 1000m \u00fcber dem Meeresspiegel) auf den vulkanischen H\u00e4ngen von Gunung Agung, und besteht aus 22 einzelnen Tempeln. Der \u00dcberlieferung nach wurden die Tempel im 10. Jahrhundert gebaut, und dienen heute als das Herz des balinesischen Hinduismus.<\/p>\n<p>Nach dem Mittagessen fahren wir weiter nach Tirtagangga, einem wundersch\u00f6nen Wasserschloss. Erbaut wurde das Schloss um die Mitte des 20en Jahrhunderts herum, von dem inzwischen verstorbenen Raja von Karangasem.<\/p>\n<p>Die 3-stufigen Wasserg\u00e4rten mit ihren Teichen und bezaubernden Skulpturen erstrecken sich \u00fcber nahezu zwei Hektar, und sind sowohl von chinesischer als auch von balinesischer Architektur beeinflu\u00dft.<\/p>\n<p>&nbsp;<\/p>\n<p><strong>Wildwasser-Flo\u00dffahrten<\/strong><strong>! (externe Tour)<\/strong><\/p>\n<p>Lust auf Abenteuer? Machen Sie eine Flo\u00dffahrt auf sch\u00e4umendem Wildwasser, durch Strecken unber\u00fchrten Dschungels, vorbei an Wasserf\u00e4llen und durch eine malerische Landschaft mit Tempeln und Reisterrassen hindurch.<\/p>\n<p>Ganz gleich ob Anf\u00e4nger, Gelegenheits-Rafter oder alter Hase, Balis Fl\u00fcsse sind einen Ausflug wert.<\/p>\n<p>Unsere erfahrenen Tourguides nehmen Ihre Sicherheit sehr ernst, und bieten Ihnen nicht nur ein atemberaubendes Erlebnis, sondern sorgen daf\u00fcr, dass sie heil und entspannt zur\u00fcck kehren.<\/p>\n<p>Die meisten Touren beginnen fr\u00fch am Morgen, und enden mit einem Mittagessen. Mitte des Nachmittags sind Sie dann zur\u00fcck in Gaia, gerade richtig um den anderen G\u00e4sten beim Tee von Ihren Abenteuern erz\u00e4hlen zu k\u00f6nnen.<\/p>\n","protected":false},"excerpt":{"rendered":"<p>Nutzen Sie die Gelegenheit, das zauberhafte Bali kennen zu lernen. Wir sind gerne dabei behilflich, Ausfl\u00fcge mit einer Reihe von Themenschwerpunkten zu organisieren: Unterricht im balinesischen Tempeltanz Verbrennungszeremonien (falls sich [&hellip;]<\/p>\n","protected":false},"author":1,"featured_media":686,"parent":1900,"menu_order":0,"comment_status":"open","ping_status":"closed","template":"","meta":{"footnotes":""},"class_list":["post-1905","page","type-page","status-publish","has-post-thumbnail","hentry"],"_links":{"self":[{"href":"https:\/\/www.gaia-oasis.com\/de\/wp-json\/wp\/v2\/pages\/1905","targetHints":{"allow":["GET"]}}],"collection":[{"href":"https:\/\/www.gaia-oasis.com\/de\/wp-json\/wp\/v2\/pages"}],"about":[{"href":"https:\/\/www.gaia-oasis.com\/de\/wp-json\/wp\/v2\/types\/page"}],"author":[{"embeddable":true,"href":"https:\/\/www.gaia-oasis.com\/de\/wp-json\/wp\/v2\/users\/1"}],"replies":[{"embeddable":true,"href":"https:\/\/www.gaia-oasis.com\/de\/wp-json\/wp\/v2\/comments?post=1905"}],"version-history":[{"count":2,"href":"https:\/\/www.gaia-oasis.com\/de\/wp-json\/wp\/v2\/pages\/1905\/revisions"}],"predecessor-version":[{"id":1907,"href":"https:\/\/www.gaia-oasis.com\/de\/wp-json\/wp\/v2\/pages\/1905\/revisions\/1907"}],"up":[{"embeddable":true,"href":"https:\/\/www.gaia-oasis.com\/de\/wp-json\/wp\/v2\/pages\/1900"}],"wp:featuredmedia":[{"embeddable":true,"href":"https:\/\/www.gaia-oasis.com\/de\/wp-json\/wp\/v2\/media\/686"}],"wp:attachment":[{"href":"https:\/\/www.gaia-oasis.com\/de\/wp-json\/wp\/v2\/media?parent=1905"}],"curies":[{"name":"wp","href":"https:\/\/api.w.org\/{rel}","templated":true}]}}