{"id":1909,"date":"2013-12-18T05:37:12","date_gmt":"2013-12-18T05:37:12","guid":{"rendered":"http:\/\/www.gaia-oasis.com\/?page_id=1909"},"modified":"2016-10-10T05:05:48","modified_gmt":"2016-10-10T05:05:48","slug":"spa","status":"publish","type":"page","link":"https:\/\/www.gaia-oasis.com\/de\/aktivitaten-angebote\/spa\/","title":{"rendered":"Spa"},"content":{"rendered":"<p>Verw\u00f6hnen Sie K\u00f6rper, Geist und Seele in unserem \u00a0\u201cPantai Wellness&#8220; Spa am Strand oder dem &#8222;Rainforest Spa&#8220; in Abasan. W\u00e4hlen Sie aus einer breiten Palette von regenerierenden Anwendungen und Beautybehandlungen \u2013Ayurveda, oder west-\u00f6stlich Inspiriertes. Es liegt ganz bei Ihnen, ob Sie sich eine Stunde lang verw\u00f6hnen lassen wollen, oder ob Sie sich gleich einen ganzen Tag f\u00fcr sich selbst nehmen. Daf\u00fcr bieten wir ganz besondere Spa und Luxus-Pakete. Die verwendeten Produkte sind sorgf\u00e4ltig ausgew\u00e4hlt, und unsere gut ausgebildeten und freundlichen Mitarbeiterinnen und Mitarbeiter sorgen daf\u00fcr, dass Sie sich rundum wohl und aufgehoben f\u00fchlen.<\/p>\n<p style=\"text-align: center;\"><img loading=\"lazy\" decoding=\"async\" class=\"aligncenter size-full wp-image-683\" title=\"spa\" src=\"http:\/\/www.gaia-oasis.com\/wp-content\/uploads\/2012\/11\/spa.jpg\" alt=\"\" width=\"700\" height=\"200\" srcset=\"https:\/\/www.gaia-oasis.com\/wp-content\/uploads\/2012\/11\/spa.jpg 700w, https:\/\/www.gaia-oasis.com\/wp-content\/uploads\/2012\/11\/spa-300x85.jpg 300w\" sizes=\"auto, (max-width: 700px) 100vw, 700px\" \/><\/p>\n<p style=\"text-align: left;\"><a href=\"http:\/\/www.gaia-oasis.com\/wp-content\/uploads\/2013\/05\/Abasan-Spa-Menu.pdf\">Spa-Angebote Abasan\u00a0<\/a>\u00a0|\u00a0<a href=\"http:\/\/www.gaia-oasis.com\/wp-content\/uploads\/2013\/05\/Spa-price-List-Pantai-2012.pdf\">Spa-Angebote Pantai<\/a><\/p>\n<p style=\"text-align: left;\">\n","protected":false},"excerpt":{"rendered":"<p>Verw\u00f6hnen Sie K\u00f6rper, Geist und Seele in unserem \u00a0\u201cPantai Wellness&#8220; Spa am Strand oder dem &#8222;Rainforest Spa&#8220; in Abasan. W\u00e4hlen Sie aus einer breiten Palette von regenerierenden Anwendungen und Beautybehandlungen [&hellip;]<\/p>\n","protected":false},"author":1,"featured_media":686,"parent":1900,"menu_order":1,"comment_status":"open","ping_status":"closed","template":"","meta":{"footnotes":""},"class_list":["post-1909","page","type-page","status-publish","has-post-thumbnail","hentry"],"_links":{"self":[{"href":"https:\/\/www.gaia-oasis.com\/de\/wp-json\/wp\/v2\/pages\/1909","targetHints":{"allow":["GET"]}}],"collection":[{"href":"https:\/\/www.gaia-oasis.com\/de\/wp-json\/wp\/v2\/pages"}],"about":[{"href":"https:\/\/www.gaia-oasis.com\/de\/wp-json\/wp\/v2\/types\/page"}],"author":[{"embeddable":true,"href":"https:\/\/www.gaia-oasis.com\/de\/wp-json\/wp\/v2\/users\/1"}],"replies":[{"embeddable":true,"href":"https:\/\/www.gaia-oasis.com\/de\/wp-json\/wp\/v2\/comments?post=1909"}],"version-history":[{"count":5,"href":"https:\/\/www.gaia-oasis.com\/de\/wp-json\/wp\/v2\/pages\/1909\/revisions"}],"predecessor-version":[{"id":3157,"href":"https:\/\/www.gaia-oasis.com\/de\/wp-json\/wp\/v2\/pages\/1909\/revisions\/3157"}],"up":[{"embeddable":true,"href":"https:\/\/www.gaia-oasis.com\/de\/wp-json\/wp\/v2\/pages\/1900"}],"wp:featuredmedia":[{"embeddable":true,"href":"https:\/\/www.gaia-oasis.com\/de\/wp-json\/wp\/v2\/media\/686"}],"wp:attachment":[{"href":"https:\/\/www.gaia-oasis.com\/de\/wp-json\/wp\/v2\/media?parent=1909"}],"curies":[{"name":"wp","href":"https:\/\/api.w.org\/{rel}","templated":true}]}}