{"id":1926,"date":"2013-12-18T07:19:18","date_gmt":"2013-12-18T07:19:18","guid":{"rendered":"http:\/\/www.gaia-oasis.com\/?page_id=1926"},"modified":"2016-10-10T07:08:36","modified_gmt":"2016-10-10T07:08:36","slug":"ausstattung","status":"publish","type":"page","link":"https:\/\/www.gaia-oasis.com\/de\/aktivitaten-angebote\/ausstattung\/","title":{"rendered":"Ausstattung"},"content":{"rendered":"<p><strong>Pantai<\/strong><\/p>\n<ul>\n<li>Diamond Seminar House, ca. 140 m\u00b2. Meditationskissen und Matten, zentrale Beleuchtung, dimmbare Lampen, Musikanlage,Projektor und Mikrophone\u00a0Raum f\u00fcr 30 Menschen bei Body-Work, oder 50 Menschen im Sitzkreis.<\/li>\n<li>Das Wellness-Centre bietet ayurvedische Behandlungen, balinesische und andere asiatisch und westlich inspirierte Anwendungen f\u00fcr Sch\u00f6nheit und Wohlbefinden.<\/li>\n<li>Lotus-Pool: ca. 12 m x 7 m und ca. 1.2 m tief.<\/li>\n<li>Tragbare Massagetische<\/li>\n<\/ul>\n<p>&nbsp;<\/p>\n<p><strong>Abasan<\/strong><\/p>\n<ul>\n<li>Mountain Lotus Seminar Room, ca. 88 m\u00b2. Meditationskissen, Yogamatten, dimmbare Beleuchtung, Musikanlage und Mikrophone. \u00a0Raum f\u00fcr 10-15 Menschen bei Body-Work, oder 20 Menschen im Sitzkreis. Bestuhlung f\u00fcr bis zu 25 Teilnehmer verf\u00fcgbar. Die eine Seite des Raums ist offen, mit Blick auf \u00fcppiges Gr\u00fcn und den gro\u00dfen Lotusteich.<\/li>\n<li>Der Rainforest Spa bietet s\u00fcdost asiatische, Balinesische und westlich inspirierte Behandlungen f\u00fcr die Sch\u00f6nheit und das Wohlbefinden. Alle Zutaten werden frisch zubereitet aus Kr\u00e4utern und Pflanzen aus unserem organischen Garten.<\/li>\n<li>Salzwasserpool: 17 m x 7 m x 1,4 m Tiefe. \u00a0Naturliche Steinterrasse neben dem Swimmingpool &#8211;\u00a0 17.6 m x 4.2 m \u2013 hervorragend f\u00fcr Body-Work geeignet.<\/li>\n<li>Gruppen mit besonderen Ern\u00e4hrungsw\u00fcnschen\u00a0 &#8211; z.B. Rohkost, Makrobiotik, veganes Essen, Oryoki-K\u00fcche \u2013 k\u00f6nnen auf Vereinbarung unsere K\u00fcche in Abasan benutzen.<\/li>\n<li>Tragbare Massagetische<\/li>\n<\/ul>\n","protected":false},"excerpt":{"rendered":"<p>Pantai Diamond Seminar House, ca. 140 m\u00b2. Meditationskissen und Matten, zentrale Beleuchtung, dimmbare Lampen, Musikanlage,Projektor und Mikrophone\u00a0Raum f\u00fcr 30 Menschen bei Body-Work, oder 50 Menschen im Sitzkreis. Das Wellness-Centre bietet [&hellip;]<\/p>\n","protected":false},"author":1,"featured_media":686,"parent":1900,"menu_order":6,"comment_status":"open","ping_status":"closed","template":"","meta":{"footnotes":""},"class_list":["post-1926","page","type-page","status-publish","has-post-thumbnail","hentry"],"_links":{"self":[{"href":"https:\/\/www.gaia-oasis.com\/de\/wp-json\/wp\/v2\/pages\/1926","targetHints":{"allow":["GET"]}}],"collection":[{"href":"https:\/\/www.gaia-oasis.com\/de\/wp-json\/wp\/v2\/pages"}],"about":[{"href":"https:\/\/www.gaia-oasis.com\/de\/wp-json\/wp\/v2\/types\/page"}],"author":[{"embeddable":true,"href":"https:\/\/www.gaia-oasis.com\/de\/wp-json\/wp\/v2\/users\/1"}],"replies":[{"embeddable":true,"href":"https:\/\/www.gaia-oasis.com\/de\/wp-json\/wp\/v2\/comments?post=1926"}],"version-history":[{"count":5,"href":"https:\/\/www.gaia-oasis.com\/de\/wp-json\/wp\/v2\/pages\/1926\/revisions"}],"predecessor-version":[{"id":3169,"href":"https:\/\/www.gaia-oasis.com\/de\/wp-json\/wp\/v2\/pages\/1926\/revisions\/3169"}],"up":[{"embeddable":true,"href":"https:\/\/www.gaia-oasis.com\/de\/wp-json\/wp\/v2\/pages\/1900"}],"wp:featuredmedia":[{"embeddable":true,"href":"https:\/\/www.gaia-oasis.com\/de\/wp-json\/wp\/v2\/media\/686"}],"wp:attachment":[{"href":"https:\/\/www.gaia-oasis.com\/de\/wp-json\/wp\/v2\/media?parent=1926"}],"curies":[{"name":"wp","href":"https:\/\/api.w.org\/{rel}","templated":true}]}}