{"id":1929,"date":"2013-12-18T07:23:58","date_gmt":"2013-12-18T07:23:58","guid":{"rendered":"http:\/\/www.gaia-oasis.com\/?page_id=1929"},"modified":"2016-10-10T08:58:36","modified_gmt":"2016-10-10T08:58:36","slug":"veranstaltungskalender","status":"publish","type":"page","link":"https:\/\/www.gaia-oasis.com\/de\/veranstaltungskalender\/","title":{"rendered":"Veranstaltungskalender"},"content":{"rendered":"<p><span id=\"result_box\" lang=\"de\">Weitere Informationen zu Seminaren und Veranstaltungen, haben Sie einen Blick auf unsere <a href=\"https:\/\/www.gaia-oasis.com\/de\/calendar\/\">Kalender<\/a> und wenden Sie sich direkt den Kursleiter .<\/span><\/p>\n<p>Gaia-Oasis bietet auch kostenlose <a href=\"https:\/\/www.gaia-oasis.com\/de\/aktivitaten-angebote\/yoga-heilung\/\">Yoga &amp; Heilung<\/a> an f\u00fcnf Tagen pro Woche f\u00fcr unsere G\u00e4ste Heilung. Weitere Sitzungen k\u00f6nnen angeboten, bezahlt oder Schenkung werden, je nachdem, welche Praktizierende sind vorhanden. Spenden gehen in erster Linie auf Gaia-Oasis &#8222;Sozial- und Umweltprogramme .<\/p>\n","protected":false},"excerpt":{"rendered":"<p>Weitere Informationen zu Seminaren und Veranstaltungen, haben Sie einen Blick auf unsere Kalender und wenden Sie sich direkt den Kursleiter . Gaia-Oasis bietet auch kostenlose Yoga &amp; Heilung an f\u00fcnf [&hellip;]<\/p>\n","protected":false},"author":1,"featured_media":3098,"parent":0,"menu_order":5,"comment_status":"closed","ping_status":"closed","template":"","meta":{"footnotes":""},"class_list":["post-1929","page","type-page","status-publish","has-post-thumbnail","hentry"],"_links":{"self":[{"href":"https:\/\/www.gaia-oasis.com\/de\/wp-json\/wp\/v2\/pages\/1929","targetHints":{"allow":["GET"]}}],"collection":[{"href":"https:\/\/www.gaia-oasis.com\/de\/wp-json\/wp\/v2\/pages"}],"about":[{"href":"https:\/\/www.gaia-oasis.com\/de\/wp-json\/wp\/v2\/types\/page"}],"author":[{"embeddable":true,"href":"https:\/\/www.gaia-oasis.com\/de\/wp-json\/wp\/v2\/users\/1"}],"replies":[{"embeddable":true,"href":"https:\/\/www.gaia-oasis.com\/de\/wp-json\/wp\/v2\/comments?post=1929"}],"version-history":[{"count":4,"href":"https:\/\/www.gaia-oasis.com\/de\/wp-json\/wp\/v2\/pages\/1929\/revisions"}],"predecessor-version":[{"id":3030,"href":"https:\/\/www.gaia-oasis.com\/de\/wp-json\/wp\/v2\/pages\/1929\/revisions\/3030"}],"wp:featuredmedia":[{"embeddable":true,"href":"https:\/\/www.gaia-oasis.com\/de\/wp-json\/wp\/v2\/media\/3098"}],"wp:attachment":[{"href":"https:\/\/www.gaia-oasis.com\/de\/wp-json\/wp\/v2\/media?parent=1929"}],"curies":[{"name":"wp","href":"https:\/\/api.w.org\/{rel}","templated":true}]}}