{"id":1947,"date":"2013-12-18T08:11:24","date_gmt":"2013-12-18T08:11:24","guid":{"rendered":"http:\/\/www.gaia-oasis.com\/?page_id=1947"},"modified":"2016-10-10T08:30:35","modified_gmt":"2016-10-10T08:30:35","slug":"unsere-umgebung","status":"publish","type":"page","link":"https:\/\/www.gaia-oasis.com\/de\/unsere-umgebung\/","title":{"rendered":"Unsere Umgebung"},"content":{"rendered":"<p>\u201eDie Gaia\u201c liegt in <a title=\"Der Weg hierher\" href=\"https:\/\/www.gaia-oasis.com\/de\/willkommen\/der-weg-hierher\/\">Tejakula<\/a>, im n\u00f6rdlichen Teil Balis, abseits der \u00a0ausgetretenen Pfade des Massentourismus. Dieser Ort ist genau richtig f\u00fcr Menschen, denen eine gr\u00fcne Oase wichtiger ist als die Ablenkungsangebote der touristischen Zentren, die aber dennoch\u00a0 auch an Balis vielf\u00e4ltigen Sehensw\u00fcrdigkeiten interessiert sind.<\/p>\n<p>So liegt zum Beispiel nur 20 Minuten von Gaia entfernt der schwarze Sandsteintempel von Ponjok Batu, einem der wichtigsten Wassertempel auf Bali. Auf dem Weg nach Singaraja, der fr\u00fcheren Hauptstadt von Bali, liegen weitere Tempel, die in jedem Reisef\u00fchrer erw\u00e4hnt sind. Ubud, die Kunsthandwerkerstadt in den Bergen, liegt nur 1,5 Std. Fahrtzeit entfernt,<\/p>\n<p>und die Vulkane von Gunung Batur und Gunung Agung sind sogar noch n\u00e4her. Falls Sie sich f\u00fcr Tanz interessieren, dann haben Sie vielleicht schon geh\u00f6rt, dass Tejakula die Heimat des hochgesch\u00e4tzten W<em>ayang Wong<\/em> ist, einem klassischen balinesischen Tanz um Rama und die Affenk\u00f6nige des Ramayana Epos.<\/p>\n<p>Ein weiterer Vorteil von Tejakula liegt in seinem etwas trockeneren Klima. W\u00e4hrend es im \u00fcberwiegenden Teil von Zentral-Bali zwischen Dezember und M\u00e4rz t\u00e4glich und anhaltend regnet, erleben wir hier in Tejakula nur kurze Schauer, mit Sonnenschein an fast allen Tagen des Jahres!<\/p>\n<p>&nbsp;<\/p>\n<p><strong>Gesundheit und Sicherheit<\/strong><\/p>\n<p>Unsere Anwesen liegen eingebettet in kleine, intakte D\u00f6rfer, mit ruhigen, friedlichen und freundlichen Einwohnern. Spazierg\u00e4nge am Strand, im Dorf oder in den Bergen sind im allgemeinen gefahrlos und unbedenklich.<\/p>\n<p>Eine Erste-Hilfe-Ausr\u00fcstung steht in unseren B\u00fcros zur Verf\u00fcgung, die \u00f6rtlichen \u00c4rzte stehen f\u00fcr Hausbesuche bereit. Moderne und wirklich gut ausgestattete Krankenh\u00e4user finden sich in Singaraja, weniger als eine Stunde Fahrtzeit entfernt.<\/p>\n<p>&nbsp;<\/p>\n<p><strong>Gaia als Teil der Gemeinde<\/strong><\/p>\n<p>Die meisten der Menschen um uns herum ern\u00e4hren sich von Ackerbau und vom Fischfang. Soweit dies m\u00f6glich ist, besch\u00e4ftigen wir Menschen aus den umliegenden D\u00f6rfern, und beziehen unsere Waren und Dienstleistungen von \u00f6rtlichen Betrieben -vom Feta-K\u00e4se im Restaurant, \u00fcber die W\u00e4scherei bis hin zu den Transportdienstleistungen.<\/p>\n<p>Die Zusammenarbeit mit den ortsans\u00e4ssigen Dienstleistern und Produzenten hilft uns, unsere \u00d6kobilanz zu verbessern, integriert zu sein -und tr\u00e4gt zur wirtschaftlichen Vitalit\u00e4t der Region bei.<\/p>\n<p>Gaia leistet allerdings auch auf anderer Ebene einen Beitrag, und zwar durch die vielf\u00e4ltigen Aktivit\u00e4ten der gemeinn\u00fctzigen GAIA Yayasan-Stiftung.<\/p>\n<p>Sicher freuen Sie sich mit uns dar\u00fcber, dass ein gro\u00dfer Teil unserer Einnahmen aus Ihrem Aufenthalt \u00fcber die GAIA <a title=\"Gaia Foundation\" href=\"https:\/\/www.gaia-oasis.com\/de\/willkommen\/wer-wir-sind\/gaia-foundation\/\">Yayasan<\/a> zur\u00fcck an die Menschen und Bed\u00fcrftige in Tejakula und Umgebung flie\u00dft!<\/p>\n<p>Als spirituelle Gemeinschaft legt die Gaia Wert auf verantwortungsvolle F\u00fchrung, einen respektvollen Umgang mit Mensch und Natur &#8211; in Allem was wir tun.<\/p>\n<p>Arbeitspl\u00e4tze in Gaia sind hochgesch\u00e4tzt, denn wir erm\u00f6glichen unseren Mitarbeitern und \u00fcbergeordneten Gemeinde-Projekten zu kooperieren\u00a0 (\u201egotong-royong\u201d).<\/p>\n<p>Wir nehmen unsere Verantwortung gerne wahr, sowohl menschlich, finanziell, steuerlich -als auch der Umwelt gegen\u00fcber.<\/p>\n","protected":false},"excerpt":{"rendered":"<p>\u201eDie Gaia\u201c liegt in Tejakula, im n\u00f6rdlichen Teil Balis, abseits der \u00a0ausgetretenen Pfade des Massentourismus. Dieser Ort ist genau richtig f\u00fcr Menschen, denen eine gr\u00fcne Oase wichtiger ist als die [&hellip;]<\/p>\n","protected":false},"author":1,"featured_media":513,"parent":0,"menu_order":6,"comment_status":"open","ping_status":"open","template":"","meta":{"footnotes":""},"class_list":["post-1947","page","type-page","status-publish","has-post-thumbnail","hentry"],"_links":{"self":[{"href":"https:\/\/www.gaia-oasis.com\/de\/wp-json\/wp\/v2\/pages\/1947","targetHints":{"allow":["GET"]}}],"collection":[{"href":"https:\/\/www.gaia-oasis.com\/de\/wp-json\/wp\/v2\/pages"}],"about":[{"href":"https:\/\/www.gaia-oasis.com\/de\/wp-json\/wp\/v2\/types\/page"}],"author":[{"embeddable":true,"href":"https:\/\/www.gaia-oasis.com\/de\/wp-json\/wp\/v2\/users\/1"}],"replies":[{"embeddable":true,"href":"https:\/\/www.gaia-oasis.com\/de\/wp-json\/wp\/v2\/comments?post=1947"}],"version-history":[{"count":4,"href":"https:\/\/www.gaia-oasis.com\/de\/wp-json\/wp\/v2\/pages\/1947\/revisions"}],"predecessor-version":[{"id":3184,"href":"https:\/\/www.gaia-oasis.com\/de\/wp-json\/wp\/v2\/pages\/1947\/revisions\/3184"}],"wp:featuredmedia":[{"embeddable":true,"href":"https:\/\/www.gaia-oasis.com\/de\/wp-json\/wp\/v2\/media\/513"}],"wp:attachment":[{"href":"https:\/\/www.gaia-oasis.com\/de\/wp-json\/wp\/v2\/media?parent=1947"}],"curies":[{"name":"wp","href":"https:\/\/api.w.org\/{rel}","templated":true}]}}