{"id":1949,"date":"2013-12-18T08:13:57","date_gmt":"2013-12-18T08:13:57","guid":{"rendered":"http:\/\/www.gaia-oasis.com\/?page_id=1949"},"modified":"2016-10-10T08:34:38","modified_gmt":"2016-10-10T08:34:38","slug":"reservierungen","status":"publish","type":"page","link":"https:\/\/www.gaia-oasis.com\/de\/reservierungen\/","title":{"rendered":"Reservierungen"},"content":{"rendered":"<p>Wenn Sie an einem Seminar teilnehmen wollen, schauen Sie bitte einfach in unseren <a title=\"Veranstaltungskalender\" href=\"https:\/\/www.gaia-oasis.com\/de\/calendar\/\">Veranstaltungskalender<\/a> und setzen Sie sich dann direkt mit den entsprechenden Gruppenleitern in Verbindung.<\/p>\n<p>Falls Sie ein Zimmer oder einen Bungalow buchen m\u00f6chten, klicken Sie bitte <a title=\"Buchung\" href=\"https:\/\/www.gaia-oasis.com\/de\/reservierungen\/buchung\/\">hier<\/a>.\u00a0 Wir informieren Sie dann innerhalb von 48 Stunden dar\u00fcber ob Ihre Buchung registriert ist. Falls wir zum gew\u00fcnschten Zeitpunkt ausgebucht sein sollten, machen wir Ihnen gerne Alternativvorschl\u00e4ge f\u00fcr Ihren Besuch.<\/p>\n<p>F\u00fcr alle anderen Anfragen wie Gruppenbelegungen, Ausfl\u00fcge, besondere Aktivit\u00e4ten und individuelle Bed\u00fcrfnisse klicken Sie bitte <a title=\"Kontakt\" href=\"https:\/\/www.gaia-oasis.com\/de\/reservierungen\/kontakt\/\">hier<\/a> oder schicken Sie eine E-Mail direkt an <a href=\"mailto:info@gaia-oasis.com\">info@gaia-oasis.com<\/a><\/p>\n<p>Alle Besucher ohne indonesischen Pass ben\u00f6tigen f\u00fcr den Aufenthalt auf Bali ein Visum. Wenden Sie sich bitte einfach an die indonesische Botschaft in Ihrem Heimatland.<\/p>\n<p>Eine informative Website ist \u00a0<a href=\"http:\/\/www.bali-visa.com\/\">http:\/\/www.bali-visa.com\/<\/a>\u00a0 , allerdings \u00fcbernehmen wir f\u00fcr die Aktualit\u00e4t und Richtigkeit der Angaben keine Gew\u00e4hr.<\/p>\n<p>Falls Sie l\u00e4nger als 30 Tage in der Gaia-Oasis bleiben m\u00f6chten, stellen wir Ihnen gerne f\u00fcr Ihren Aufenthalt in der Gaia einen sogenannten Sponsorenbrief f\u00fcr Ihr Visum aus.<\/p>\n","protected":false},"excerpt":{"rendered":"<p>Wenn Sie an einem Seminar teilnehmen wollen, schauen Sie bitte einfach in unseren Veranstaltungskalender und setzen Sie sich dann direkt mit den entsprechenden Gruppenleitern in Verbindung. Falls Sie ein Zimmer [&hellip;]<\/p>\n","protected":false},"author":1,"featured_media":5143,"parent":0,"menu_order":7,"comment_status":"closed","ping_status":"closed","template":"","meta":{"footnotes":""},"class_list":["post-1949","page","type-page","status-publish","has-post-thumbnail","hentry"],"_links":{"self":[{"href":"https:\/\/www.gaia-oasis.com\/de\/wp-json\/wp\/v2\/pages\/1949","targetHints":{"allow":["GET"]}}],"collection":[{"href":"https:\/\/www.gaia-oasis.com\/de\/wp-json\/wp\/v2\/pages"}],"about":[{"href":"https:\/\/www.gaia-oasis.com\/de\/wp-json\/wp\/v2\/types\/page"}],"author":[{"embeddable":true,"href":"https:\/\/www.gaia-oasis.com\/de\/wp-json\/wp\/v2\/users\/1"}],"replies":[{"embeddable":true,"href":"https:\/\/www.gaia-oasis.com\/de\/wp-json\/wp\/v2\/comments?post=1949"}],"version-history":[{"count":5,"href":"https:\/\/www.gaia-oasis.com\/de\/wp-json\/wp\/v2\/pages\/1949\/revisions"}],"predecessor-version":[{"id":3194,"href":"https:\/\/www.gaia-oasis.com\/de\/wp-json\/wp\/v2\/pages\/1949\/revisions\/3194"}],"wp:featuredmedia":[{"embeddable":true,"href":"https:\/\/www.gaia-oasis.com\/de\/wp-json\/wp\/v2\/media\/5143"}],"wp:attachment":[{"href":"https:\/\/www.gaia-oasis.com\/de\/wp-json\/wp\/v2\/media?parent=1949"}],"curies":[{"name":"wp","href":"https:\/\/api.w.org\/{rel}","templated":true}]}}