{"id":1953,"date":"2013-12-18T08:18:53","date_gmt":"2013-12-18T08:18:53","guid":{"rendered":"http:\/\/www.gaia-oasis.com\/?page_id=1953"},"modified":"2020-01-31T06:32:04","modified_gmt":"2020-01-31T06:32:04","slug":"zahlungen","status":"publish","type":"page","link":"https:\/\/www.gaia-oasis.com\/de\/zahlungen\/","title":{"rendered":"Zahlungen"},"content":{"rendered":"<p>Wir danken Ihnen recht herzlich f\u00fcr Ihre Zahlung und \/ oder Spende. Bitten f\u00fcllen Sie das Formular vollst\u00e4ndig aus, so dass wir Ihren Betrag auch richtig zuordnen k\u00f6nnen.<\/p>\n\n<div class=\"wpcf7 no-js\" id=\"wpcf7-f3002-o1\" lang=\"\" dir=\"ltr\" data-wpcf7-id=\"3002\">\n<div class=\"screen-reader-response\"><p role=\"status\" aria-live=\"polite\" aria-atomic=\"true\"><\/p> <ul><\/ul><\/div>\n<form action=\"\/de\/wp-json\/wp\/v2\/pages\/1953#wpcf7-f3002-o1\" method=\"post\" class=\"wpcf7-form init\" aria-label=\"Kontaktformular\" novalidate=\"novalidate\" data-status=\"init\">\n<fieldset class=\"hidden-fields-container\"><input type=\"hidden\" name=\"_wpcf7\" value=\"3002\" \/><input type=\"hidden\" name=\"_wpcf7_version\" value=\"6.1.5\" \/><input type=\"hidden\" name=\"_wpcf7_locale\" value=\"\" \/><input type=\"hidden\" name=\"_wpcf7_unit_tag\" value=\"wpcf7-f3002-o1\" \/><input type=\"hidden\" name=\"_wpcf7_container_post\" value=\"0\" \/><input type=\"hidden\" name=\"_wpcf7_posted_data_hash\" value=\"\" \/>\n<\/fieldset>\n<div class=\"book\">\n<div class=\"wpcf7-response-output\" aria-hidden=\"true\"><\/div>\n\t<table width=\"100%\" cellpadding=\"0\" cellspacing=\"0\">\n\t\t<tr>\n\t\t\t<td width=\"250px\">\n\t\t\t\t<p><label><strong>Wof\u00fcr ist Ihre Zahlung gedacht?<\/strong><\/label>\n\t\t\t\t<\/p>\n\t\t\t<\/td>\n\t\t\t<td>\n\t\t\t\t<p><span class=\"wpcf7-form-control-wrap\" data-name=\"paying_for\"><select class=\"wpcf7-form-control wpcf7-select wpcf7-validates-as-required\" aria-required=\"true\" aria-invalid=\"false\" name=\"paying_for\"><option value=\"Raumbelegung\">Raumbelegung<\/option><option value=\"Seminar\">Seminar<\/option><option value=\"Yayasan\">Yayasan<\/option><option value=\"andere\">andere<\/option><\/select><\/span>\n\t\t\t\t<\/p>\n\t\t\t<\/td>\n\t\t<\/tr>\n\t\t<tr>\n\t\t\t<td>\n\t\t\t\t<p><label><strong>Ihr Name<\/strong><\/label>\n\t\t\t\t<\/p>\n\t\t\t<\/td>\n\t\t\t<td>\n\t\t\t\t<p><span class=\"wpcf7-form-control-wrap\" data-name=\"your-name\"><input size=\"40\" maxlength=\"400\" class=\"wpcf7-form-control wpcf7-text wpcf7-validates-as-required\" aria-required=\"true\" aria-invalid=\"false\" value=\"\" type=\"text\" name=\"your-name\" \/><\/span>\n\t\t\t\t<\/p>\n\t\t\t<\/td>\n\t\t<\/tr>\n\t\t<tr>\n\t\t\t<td>\n\t\t\t\t<p><label><strong>Email Adresse<\/strong><\/label>\n\t\t\t\t<\/p>\n\t\t\t<\/td>\n\t\t\t<td>\n\t\t\t\t<p><span class=\"wpcf7-form-control-wrap\" data-name=\"your-email\"><input size=\"40\" maxlength=\"400\" class=\"wpcf7-form-control wpcf7-email wpcf7-validates-as-required wpcf7-text wpcf7-validates-as-email\" aria-required=\"true\" aria-invalid=\"false\" value=\"\" type=\"email\" name=\"your-email\" \/><\/span>\n\t\t\t\t<\/p>\n\t\t\t<\/td>\n\t\t<\/tr>\n\t\t<tr>\n\t\t\t<td>\n\t\t\t\t<p><label><strong>Betrag<\/strong><\/label>\n\t\t\t\t<\/p>\n\t\t\t<\/td>\n\t\t\t<td>\n\t\t\t\t<p><span class=\"wpcf7-form-control-wrap\" data-name=\"total-amount\"><input size=\"40\" maxlength=\"400\" class=\"wpcf7-form-control wpcf7-text wpcf7-validates-as-required\" aria-required=\"true\" aria-invalid=\"false\" value=\"\" type=\"text\" name=\"total-amount\" \/><\/span>\n\t\t\t\t<\/p>\n\t\t\t<\/td>\n\t\t<\/tr>\n\t\t<tr>\n\t\t\t<td>\n\t\t\t\t<p><label><strong> Im K\u00e4stchen unten ist Platz f\u00fcr weitere Details zu Ihrer individuellen Zahlung <\/strong><\/label>\n\t\t\t\t<\/p>\n\t\t\t<\/td>\n\t\t\t<td>\n\t\t\t\t<p><span class=\"wpcf7-form-control-wrap\" data-name=\"your-message\"><textarea cols=\"40\" rows=\"10\" maxlength=\"2000\" class=\"wpcf7-form-control wpcf7-textarea wpcf7-validates-as-required\" aria-required=\"true\" aria-invalid=\"false\" name=\"your-message\"><\/textarea><\/span>\n\t\t\t\t<\/p>\n\t\t\t<\/td>\n\t\t<\/tr>\n\t\t<tr>\n\t\t\t<td>\n\t\t\t\t<p><label><strong> <\/strong><\/label>\n\t\t\t\t<\/p>\n\t\t\t<\/td>\n\t\t\t<td>\n\t\t\t\t<p><input class=\"wpcf7-form-control wpcf7-submit has-spinner btn\" type=\"submit\" value=\"Senden als Versorgungs\" \/>\n\t\t\t\t<\/p>\n\t\t\t<\/td>\n\t\t<\/tr>\n\t<\/table>\n<\/div>\n<\/form>\n<\/div>\n\n<p>Um mit Paypal zu zahlen, bitte klicken Sie auf den <em>&#8222;<\/em><em>Pay Now&#8220;<\/em> Button, und befolgen Sie die erscheinenden Anweisungen.<\/p>\n<form action=\"https:\/\/www.paypal.com\/cgi-bin\/webscr\" method=\"post\"><input name=\"cmd\" type=\"hidden\" value=\"_s-xclick\" \/> <input name=\"hosted_button_id\" type=\"hidden\" value=\"CPBL3SLTVZ82U\" \/><\/p>\n<table>\n<tbody>\n<tr>\n<td><input name=\"on0\" type=\"hidden\" value=\"Payment Options\" \/><span id=\"result_box\" class=\"short_text\" lang=\"de\">Zahlungsm\u00f6glichkeiten<\/span><\/td>\n<\/tr>\n<tr>\n<td><select name=\"os0\"><option value=\"Room Booking\">Zimmerreservierung<\/option><option value=\"Yayasan Donation\">Yayasan Donation<\/option><option value=\"Other\">andere<\/option><\/select><\/td>\n<\/tr>\n<\/tbody>\n<\/table>\n<p><input alt=\"PayPal - The safer, easier way to pay online!\" name=\"submit\" src=\"https:\/\/www.paypalobjects.com\/en_US\/i\/btn\/btn_paynowCC_LG.gif\" type=\"image\" \/> <img loading=\"lazy\" decoding=\"async\" src=\"https:\/\/www.paypalobjects.com\/en_US\/i\/scr\/pixel.gif\" alt=\"\" width=\"1\" height=\"1\" border=\"0\" \/><\/p>\n<p>&nbsp;<\/p>\n<p><strong>\u00dcBERWEISUNG<\/strong><\/p>\n<hr \/>\n<p>Um per \u00dcberweisung zu zahlen, t\u00e4tigen Sie bitte einfach eine \u00dcberweisung an eines der unten angef\u00fchrten Konten. Bitte senden Sie die Spenden f\u00fcr die Spendenaktion &#8222;Mount Agung Spendenaufruf&#8220; nur an das Gaia-Oasis Foundation-Konto. <span id=\"result_box\" class=\"short_text\" lang=\"de\">Andernfalls<\/span>, Bitte beachten Sie dass es f\u00fcr die Stiftung Yayasan ein <strong>eigenes<\/strong> Spenden-Konto gibt.<\/p>\n<p>Alle anderen \u00dcberweisungen sollten auf eines der Gesch\u00e4ftskonten von Gaia ausgestellt werden, entweder in Deutschland oder in Indonesien.<\/p>\n<p>Auflistung der Konten und deren Zuordnung :<\/p>\n<p><span style=\"text-decoration: underline;\"><strong>Gaia-Oasis Beach Resort &amp; Mountain Retreat<\/strong><\/span><\/p>\n<p>Kontoname\u00a0\u00a0\u00a0\u00a0\u00a0\u00a0 :<strong> PT Gaia-Oasis<\/strong> <span style=\"color: #ff0000;\"><em>* f\u00fcr \u00dcberweisungen in Indonesischen Rupien\u00a0*<\/em><\/span><br \/>\nBank Name \u00a0 \u00a0 \u00a0 : Bank Central Asia (BCA), Singaraja Bali, Indonesia,<br \/>\nKontonummer\u00a0\u00a0 : 827 0240 799<br \/>\nSWIFT Code\u00a0\u00a0\u00a0\u00a0 : CENA IDJA<\/p>\n<p>Kontoinhaber\u00a0 : <strong>PT Gaia-Oasis<\/strong> <span style=\"color: #ff0000;\"><em>* f\u00fcr \u00dcberweisungen in Euro *<\/em><\/span><br \/>\nIBAN \u00a0 \u00a0 \u00a0 \u00a0 \u00a0 \u00a0 \u00a0 : BE84 9670 4633 6559<br \/>\nBIC-Code\u00a0 \u00a0 \u00a0 \u00a0 : TRWIBEB1XXX<br \/>\nAdresse\u00a0\u00a0\u00a0\u00a0\u00a0\u00a0\u00a0\u00a0\u00a0 : TransferWise Europe SA, Square de MeeUs 38 bte 40, Brussels 1000, Belgium<\/p>\n<p>Kontoinhaber\u00a0\u00a0 : <strong>PT Gaia-Oasis<\/strong><span style=\"color: #ff0000;\"><em>* f\u00fcr \u00dcberweisungen in AUD *<\/em><\/span><br \/>\nKontonummer\u00a0 : 114754688<br \/>\nBankleitzahl\u00a0\u00a0 \u00a0 : 802985<br \/>\nAdresse \u00a0\u00a0 \u00a0 \u00a0 \u00a0\u00a0 : TransferWise 36-38 Gipps Street, Collimhwood 3066, AU<\/p>\n<p><strong>TransferWise<\/strong><br \/>\n<a href=\"https:\/\/transferwise.com\/\">https:\/\/transferwise.com\/<\/a><\/p>\n<p>Bankgeb\u00fchren werden vom Kunden getragen. Auf jeder \u00dcberweisung bitte Referenznummer der Zahlung angeben, um sicherzustellen, dass die Buchung richtig zugeordnet wird.<\/p>\n<p><span style=\"text-decoration: underline;\"><strong>Gaia-Oasis Foundation<\/strong><\/span><\/p>\n<p><strong>Yayasan Gaia Oasis<\/strong><span style=\"color: #ff0000;\"><em>* f\u00fcr\u00a0<span style=\"color: #ff0000;\"><em>Spenden<\/em><\/span> in <span style=\"color: #ff0000;\"><em>Indonesischen Rupien<\/em><\/span>*<\/em><\/span><br \/>\n<span style=\"color: #ff0000;\"><em>* nur f\u00fcr Spenden an unsere gemeinn\u00fctzige Stiftung\u00a0*<\/em><\/span><br \/>\nBankname\u00a0\u00a0\u00a0\u00a0 \u00a0\u00a0 :\u00a0 PT. Bank Rakyat Indonesia, Persero Tbk.<br \/>\nAdresse \u00a0 \u00a0 \u00a0 \u00a0 \u00a0\u00a0 : Jalan Ngurah Rai No. 74, Banjar Tegal, Buleleng, Bali, Indonesia<br \/>\nKontonummer\u00a0 : 0088-01-000708-56-1<br \/>\nSWIFT Code \u00a0\u00a0 : BRINIDJA<\/p>\n<p><strong><strong>Foerderverein<\/strong>\u00a0Gaia-Oasis e.V.<\/strong><span style=\"color: #ff0000;\"><em>* f\u00fcr\u00a0<span style=\"color: #ff0000;\"><em>Spenden<\/em><\/span> in Euro \u20ac*<\/em><\/span><br \/>\n<span style=\"color: #ff0000;\"><em>*\u00a0<span style=\"color: #ff0000;\"><em>nur f\u00fcr Spenden an unsere gemeinn\u00fctzige Stiftung<\/em><\/span> im Deutschland *<\/em><\/span><br \/>\nBank Name\u00a0\u00a0\u00a0\u00a0\u00a0\u00a0\u00a0\u00a0\u00a0\u00a0 : GLS Gemeinschaftsbank eG<br \/>\nKontonummer\u00a0\u00a0\u00a0\u00a0\u00a0\u00a0 : F\u00f6rderverein Gaia-Oasis e.V.<br \/>\nIBAN\u00a0\u00a0\u00a0\u00a0\u00a0\u00a0\u00a0\u00a0\u00a0\u00a0\u00a0\u00a0\u00a0\u00a0\u00a0\u00a0\u00a0\u00a0\u00a0\u00a0 : DE84430609672076633700<br \/>\nBIC Code\u00a0\u00a0\u00a0\u00a0\u00a0\u00a0\u00a0\u00a0\u00a0\u00a0\u00a0\u00a0\u00a0 : GENODEM1GLS<\/p>\n<p><em><span style=\"color: #ff0000;\"><em>*\u00a0<span style=\"color: #ff0000;\"><em>nur f\u00fcr Spenden an unsere gemeinn\u00fctzige Stiftung<\/em><\/span> im Deutschland *<\/em><\/span><br \/>\n<\/em>Wenn Sie eine Spendenquittung bekommen moechten, schreiben Sie bitte Datum und Betrag Ihrer Ueberweisung sowie Verwendungszweck und Ihre Adresse an Sabine Debes (Emailadresse: <a href=\"sabine@gaia-oasis.com\">spende@foerderverein-gaia-oasis-bali.de<\/a>), damit sie Ihnen zugeschickt werden kann.<\/p>\n<\/form>\n","protected":false},"excerpt":{"rendered":"<p>Wir danken Ihnen recht herzlich f\u00fcr Ihre Zahlung und \/ oder Spende. Bitten f\u00fcllen Sie das Formular vollst\u00e4ndig aus, so dass wir Ihren Betrag auch richtig zuordnen k\u00f6nnen. Um mit [&hellip;]<\/p>\n","protected":false},"author":1,"featured_media":5170,"parent":0,"menu_order":9,"comment_status":"open","ping_status":"open","template":"","meta":{"footnotes":""},"class_list":["post-1953","page","type-page","status-publish","has-post-thumbnail","hentry"],"_links":{"self":[{"href":"https:\/\/www.gaia-oasis.com\/de\/wp-json\/wp\/v2\/pages\/1953","targetHints":{"allow":["GET"]}}],"collection":[{"href":"https:\/\/www.gaia-oasis.com\/de\/wp-json\/wp\/v2\/pages"}],"about":[{"href":"https:\/\/www.gaia-oasis.com\/de\/wp-json\/wp\/v2\/types\/page"}],"author":[{"embeddable":true,"href":"https:\/\/www.gaia-oasis.com\/de\/wp-json\/wp\/v2\/users\/1"}],"replies":[{"embeddable":true,"href":"https:\/\/www.gaia-oasis.com\/de\/wp-json\/wp\/v2\/comments?post=1953"}],"version-history":[{"count":29,"href":"https:\/\/www.gaia-oasis.com\/de\/wp-json\/wp\/v2\/pages\/1953\/revisions"}],"predecessor-version":[{"id":4930,"href":"https:\/\/www.gaia-oasis.com\/de\/wp-json\/wp\/v2\/pages\/1953\/revisions\/4930"}],"wp:featuredmedia":[{"embeddable":true,"href":"https:\/\/www.gaia-oasis.com\/de\/wp-json\/wp\/v2\/media\/5170"}],"wp:attachment":[{"href":"https:\/\/www.gaia-oasis.com\/de\/wp-json\/wp\/v2\/media?parent=1953"}],"curies":[{"name":"wp","href":"https:\/\/api.w.org\/{rel}","templated":true}]}}