{"id":1955,"date":"2013-12-18T08:21:24","date_gmt":"2013-12-18T08:21:24","guid":{"rendered":"http:\/\/www.gaia-oasis.com\/?page_id=1955"},"modified":"2018-09-09T08:33:30","modified_gmt":"2018-09-09T08:33:30","slug":"seminarleiter","status":"publish","type":"page","link":"https:\/\/www.gaia-oasis.com\/de\/veranstaltungskalender\/seminarleiter\/","title":{"rendered":"Seminarleiter"},"content":{"rendered":"<p>Als Gruppenleiter oder Gruppenleiterin hei\u00dfen wir Sie hier in Gaia ganz besonders herzlich willkommen! Unser Team von Mitarbeitern wird Sie bei der Organisation Ihrer Gruppenaktivit\u00e4ten auf unserem Gel\u00e4nde nach Kr\u00e4ften unterst\u00fctzen und Ihnen auch gern bei der Organisation aller externen Veranstaltungen behilflich sein.<\/p>\n<p>Some of our Group Leaders are :<\/p>\n<p><a href=\"http:\/\/www.gaia-oasis.com\/wp-content\/uploads\/2012\/07\/Seminar-Leader.jpg\"><img loading=\"lazy\" decoding=\"async\" class=\"alignnone  wp-image-3177\" src=\"http:\/\/www.gaia-oasis.com\/wp-content\/uploads\/2012\/07\/Seminar-Leader-300x111.jpg\" alt=\"seminar-leader\" width=\"517\" height=\"191\" srcset=\"https:\/\/www.gaia-oasis.com\/wp-content\/uploads\/2012\/07\/Seminar-Leader-300x111.jpg 300w, https:\/\/www.gaia-oasis.com\/wp-content\/uploads\/2012\/07\/Seminar-Leader.jpg 600w\" sizes=\"auto, (max-width: 517px) 100vw, 517px\" \/><\/a><\/p>\n<table border=\"0\" width=\"50%\" cellspacing=\"0\" cellpadding=\"0\">\n<tbody>\n<tr>\n<td id=\"text\" style=\"text-align: center;\" align=\"right\" width=\"10%\" height=\"10\">\n<p style=\"text-align: center;\"><strong>Rahasya Kraft<\/strong><\/p>\n<p><a href=\"http:\/\/www.livingunity.com\/\">www.livingunity.com<\/a><\/td>\n<td id=\"text\" style=\"text-align: center;\" align=\"right\" width=\"10%\" height=\"10\">\n<p style=\"text-align: center;\"><strong>Lex van Someren<\/strong><\/p>\n<p><a href=\"http:\/\/www.gb.someren.de\/Seminars\/BaliRetreat\/BaliRetreat.html\">www.gb.someren.de<\/a><\/td>\n<td id=\"text\" align=\"right\" width=\"10%\" height=\"10\">\n<p style=\"text-align: center;\"><strong>Mark Breadner<\/strong><\/p>\n<p style=\"text-align: center;\"><a href=\"http:\/\/www.yogacoach.com\">www.yogacoach.com<\/a><\/p>\n<\/td>\n<\/tr>\n<\/tbody>\n<\/table>\n<p>Gaia ist ein wunderbarer Ort f\u00fcr Kurse zum pers\u00f6nlichen Wachstum und Spiritualit\u00e4t, f\u00fcr Tanz, Entspannung, Meditation, Yoga, Wellness, Retreats und allgemeiner und besonderer Kreativit\u00e4t.<\/p>\n<p>Wir sind offen f\u00fcr alle Ideen, die mit unseren grundlegenden Werten der Achtsamkeit, der Verbindung miteinander und des Respektes f\u00fcreinander und die Umwelt harmonieren.<\/p>\n<p>Die Nutzung all unserer <a title=\"Ausstattung\" href=\"https:\/\/www.gaia-oasis.com\/de\/aktivitaten-angebote\/ausstattung\/\">Einrichtungen und Ger\u00e4te<\/a> ist f\u00fcr gebuchte Gruppen kostenlos. F\u00fcr Gruppen mit mindestens 10 Teilnehmern in Pantai, und mit mindestens 6 Teilnehmern in Abasan bieten wir Gruppenleitern freie Unterkunft und Verpflegung (Getr\u00e4nke ausgenommen). F\u00fcr mehr Information laden Sie doch einfach unseren <a href=\"http:\/\/www.gaia-oasis.com\/wp-content\/uploads\/2018\/09\/Seminar-Leader-Catalogue-2017-German.pdf\">Seminarleiter-Katalog<\/a> herunter.<\/p>\n<p><strong>Besondere Arrangements<\/strong><\/p>\n<p>Damit Ihre Gruppenteilnehmer hier einen wirklich unvergesslichen Aufenthalt haben, bieten wir an, zus\u00e4tzlich zu unseren Standardangeboten besondere Ausfl\u00fcge und Veranstaltungen zu organisieren. Unten aufgef\u00fchrt sind nur einige Beispiele:<\/p>\n<ol>\n<li><span style=\"font-weight: normal;\">Balinesische Tanzauff\u00fchrung<\/span><\/li>\n<li><span style=\"font-weight: normal;\">Festliche Essen<\/span><\/li>\n<li><span style=\"font-weight: normal;\">Ausfl\u00fcge in verschiedene Ortschaften u Sehensw\u00fcrdigkeiten<\/span><\/li>\n<li><span style=\"font-weight: normal;\">Ausfl\u00fcge zu Tempeln und geheiligten Orten\u00a0<\/span><\/li>\n<li><span style=\"font-weight: normal;\">Verschiedene andere Ausfl\u00fcge und besondere spirituelle Veranstaltungen nach Jahreszeit\u00a0<\/span><\/li>\n<\/ol>\n","protected":false},"excerpt":{"rendered":"<p>Als Gruppenleiter oder Gruppenleiterin hei\u00dfen wir Sie hier in Gaia ganz besonders herzlich willkommen! Unser Team von Mitarbeitern wird Sie bei der Organisation Ihrer Gruppenaktivit\u00e4ten auf unserem Gel\u00e4nde nach Kr\u00e4ften [&hellip;]<\/p>\n","protected":false},"author":1,"featured_media":3142,"parent":1929,"menu_order":2,"comment_status":"open","ping_status":"closed","template":"","meta":{"footnotes":""},"class_list":["post-1955","page","type-page","status-publish","has-post-thumbnail","hentry"],"_links":{"self":[{"href":"https:\/\/www.gaia-oasis.com\/de\/wp-json\/wp\/v2\/pages\/1955","targetHints":{"allow":["GET"]}}],"collection":[{"href":"https:\/\/www.gaia-oasis.com\/de\/wp-json\/wp\/v2\/pages"}],"about":[{"href":"https:\/\/www.gaia-oasis.com\/de\/wp-json\/wp\/v2\/types\/page"}],"author":[{"embeddable":true,"href":"https:\/\/www.gaia-oasis.com\/de\/wp-json\/wp\/v2\/users\/1"}],"replies":[{"embeddable":true,"href":"https:\/\/www.gaia-oasis.com\/de\/wp-json\/wp\/v2\/comments?post=1955"}],"version-history":[{"count":11,"href":"https:\/\/www.gaia-oasis.com\/de\/wp-json\/wp\/v2\/pages\/1955\/revisions"}],"predecessor-version":[{"id":4618,"href":"https:\/\/www.gaia-oasis.com\/de\/wp-json\/wp\/v2\/pages\/1955\/revisions\/4618"}],"up":[{"embeddable":true,"href":"https:\/\/www.gaia-oasis.com\/de\/wp-json\/wp\/v2\/pages\/1929"}],"wp:featuredmedia":[{"embeddable":true,"href":"https:\/\/www.gaia-oasis.com\/de\/wp-json\/wp\/v2\/media\/3142"}],"wp:attachment":[{"href":"https:\/\/www.gaia-oasis.com\/de\/wp-json\/wp\/v2\/media?parent=1955"}],"curies":[{"name":"wp","href":"https:\/\/api.w.org\/{rel}","templated":true}]}}