{"id":1961,"date":"2013-12-18T08:32:39","date_gmt":"2013-12-18T08:32:39","guid":{"rendered":"http:\/\/www.gaia-oasis.com\/?page_id=1961"},"modified":"2015-03-27T06:17:06","modified_gmt":"2015-03-27T06:17:06","slug":"sabines-vision","status":"publish","type":"page","link":"https:\/\/www.gaia-oasis.com\/de\/willkommen\/unsere-geschichte\/sabines-vision\/","title":{"rendered":"Sabine\u2019s Vision"},"content":{"rendered":"<p>1989 sah ich: Ich lebte in einer sehr gro\u00dfen Gruppe von Menschen in einer Umgebung mit sch\u00f6ner Natur, sanften H\u00e4ngen, B\u00e4umen, lauer Luft. Die Szene war beherrscht von einer unsagbaren Sanftheit oder Z\u00e4rtlichkeit und Offenheit. Pl\u00f6tzlich sp\u00fcrte ich &#8211; und sah (!), dass wir alle \u00fcber Lichtkan\u00e4le o.\u00e4. verbunden waren. Ich wurde gewahr, dass es sich um direkte Seelenverbindungen handelte und erkannte, dass jeder von uns von jedem wissen konnte, was er f\u00fchlte und dachte. Es waren Kan\u00e4le, in denen Information ausgetauscht werden konnte, weil Aufrichtigkeit und Ehrlichkeit das Zusammenleben gestaltete. Ich sp\u00fcrte, dass ich an einem Platz der Heilung war &#8211; einem heiligen Platz.<\/p>\n<p>1. Jeder hatte etwas Bestimmtes zu tun, sein eigenes, spezielles Projekt, seinen Beitrag. Und obwohl jeder sehr individuell und anders war, lebten und wirkten alle aus demselben Geist heraus.<\/p>\n<p>2. Jeder gab seinen Beitrag ohne den eigenen Vorteil im Auge zu haben, jeder war mit ganzem Herzen bei seiner T\u00e4tigkeit. Alles f\u00fchlte sich vollst\u00e4ndig entspannt und nat\u00fcrlich an, keiner war in Eile. Jeder war sch\u00f6n, ohne daran zu denken.<\/p>\n<p>3. Zu diesem Platz kamen im Laufe der Zeit hunderte von Menschen, um bei sich das zu heilen, was aus der Ordnung gefallen war.<\/p>\n<p>4. Es gab in dieser Gruppe keine Konkurrenz. Es gab einfach niemanden, der der Angst folgte, nicht gut dazustehen oder nicht wichtig zu sein.<\/p>\n<p>5. Die gegenseitige Wertsch\u00e4tzung und Liebe, die W\u00fcrdigung des anderen und seiner Andersartigkeit waren bedingungslos. Jeder geh\u00f6rte auf seine Art dazu und wu\u00dfte es. Alle lebten ganzt\u00e4gig.<\/p>\n<p>6. Die Grundlage f\u00fcr alles: Der ganze Platz war einvernehmlich daran ausgerichtet, der gemeinsamen Absicht zu dienen, der tiefgr\u00fcndigen HEILUNG auf diesem Planeten, dem ERWACHEN. Jeder einzelne trug diese Vision in sich und lebte daheraus. Nach dieser Vision war ich in einem Zustand unaussprechlicher Z\u00e4rtlichkeit und Kraft. Aber wie war meine Realit\u00e4t ? Oh ha !<\/p>\n<p>Diese Vision war ungef\u00e4hr so weit weg von meiner Realit\u00e4t, wie die Sonne vom Mond, ein netter Traum, sch\u00f6ne heile Welt! Ich verga\u00df sie.<\/p>\n<p>1991 hatte ich das Gl\u00fcck, den AVATAR\u00ae-Kurs und die Ausbildung zum Master zu machen. Dadurch konnte ich sehen, dass ich in meinem eigentlich erfolgreichen Leben als Therapeutin vieles aus Widerst\u00e4nden heraus tat oder unterlie\u00df: ich versuchte, bestimmte Erfahrungen zu vermeiden: Ablehnung, Verlassenwerden und Alleinsein.<\/p>\n<p>Meine Bereitschaft, das zu f\u00fchlen und zu erleben, was ich mir selbst kreiert hatte, wuchs &#8211; langsam aber stetig. Meine Kontakte und meine Beziehung zu mir selbst wurden einfacher, ehrlicher und sanfter. Wenn ich morgens aufwachte, f\u00fchlte ich Vertrauen und hatte Lust zu leben. Nach vier Jahren tauchte die Vision wieder in meinem Bewu\u00dftsein auf. Vielleicht war es jetzt so weit.<\/p>\n<p align=\"center\"><strong>Es gibt nichts Gutes, au\u00dfer man tut es!<\/strong> <em><br \/>\n(Alte planetarische Weisheit, von Erich K\u00e4stner)\u00a0<\/em><\/p>\n<p>Tr\u00e4ume sind dazu da, mit allen, die den gleichen Traum haben, gelebt zu werden, dachte ich mir. Ich stelle mir ein gro\u00dfes Gebiet in einer warmen Gegend vor, vielleicht mit Wasser in der N\u00e4he.<\/p>\n<p>Ich stelle mir vor, dass dort alles wachsen kann, was sich aus dem Innersten der Seele entfalten m\u00f6chte: Schweige-Retreats, Enlightment Intensives, Aquabalancing, Rebirthing, Massagen, Malerei, Musik, T\u00e4nze, sch\u00f6ne und naturgem\u00e4\u00dfe Architektur und Landschaftsgestaltung mit Teichen und Tempeln, biologischer Obst- und Gem\u00fcseanbau, eine kreative Schule, die alten Kampfk\u00fcnste.<\/p>\n<p>Erleuchtete, Schamanen und Weise k\u00f6nnen eingeladen werden, Videos k\u00f6nnen gezeigt werden, Avatar-Kurse fortlaufend stattfinden, &#8211; alles, was eingebettet ist in Achtsamkeit und der Bewu\u00dftwerdung dient, der Befreiung des Selbst.<\/p>\n<p>Jeder kann mit seinen F\u00e4higkeiten dazu beitragen. Einige von uns werden ganz dort leben, andere einen bestimmten Teil des Jahres, w\u00e4hrend wieder andere als G\u00e4ste oder als Sponsoren ihren Beitrag geben werden.<\/p>\n<p><strong>Zu meiner Rolle<\/strong><\/p>\n<p>Ich sehe mich im Moment als Impulsgeberin und Tr\u00e4gerin der Vision. Ich m\u00f6chte die Vision ins Leben bringen, d.h. sie so verwirklichen, wie sie mir erschienen ist. Ich kann daf\u00fcr sorgen, dass die Einzelinitiativen koordinert werden und dass sich der Geist der Vision als Inspirationsquelle in den einzelnen Projekten manifestiert, so dass eine Synergie aus kreativen Einzelenergien entsteht, die aus dem selben Geist hervorgeht, mit dem selben Ziel: Erwachen aus unseren Konditionierungen.<\/p>\n<p><em>Vielen Dank f\u00fcr Deine Aufmerksamkeit!\u00a0<\/em><\/p>\n<p style=\"text-align: right;\" align=\"right\">Sabine Willard<\/p>\n","protected":false},"excerpt":{"rendered":"<p>1989 sah ich: Ich lebte in einer sehr gro\u00dfen Gruppe von Menschen in einer Umgebung mit sch\u00f6ner Natur, sanften H\u00e4ngen, B\u00e4umen, lauer Luft. Die Szene war beherrscht von einer unsagbaren [&hellip;]<\/p>\n","protected":false},"author":1,"featured_media":0,"parent":1874,"menu_order":0,"comment_status":"closed","ping_status":"closed","template":"","meta":{"footnotes":""},"class_list":["post-1961","page","type-page","status-publish","hentry"],"_links":{"self":[{"href":"https:\/\/www.gaia-oasis.com\/de\/wp-json\/wp\/v2\/pages\/1961","targetHints":{"allow":["GET"]}}],"collection":[{"href":"https:\/\/www.gaia-oasis.com\/de\/wp-json\/wp\/v2\/pages"}],"about":[{"href":"https:\/\/www.gaia-oasis.com\/de\/wp-json\/wp\/v2\/types\/page"}],"author":[{"embeddable":true,"href":"https:\/\/www.gaia-oasis.com\/de\/wp-json\/wp\/v2\/users\/1"}],"replies":[{"embeddable":true,"href":"https:\/\/www.gaia-oasis.com\/de\/wp-json\/wp\/v2\/comments?post=1961"}],"version-history":[{"count":3,"href":"https:\/\/www.gaia-oasis.com\/de\/wp-json\/wp\/v2\/pages\/1961\/revisions"}],"predecessor-version":[{"id":1963,"href":"https:\/\/www.gaia-oasis.com\/de\/wp-json\/wp\/v2\/pages\/1961\/revisions\/1963"}],"up":[{"embeddable":true,"href":"https:\/\/www.gaia-oasis.com\/de\/wp-json\/wp\/v2\/pages\/1874"}],"wp:attachment":[{"href":"https:\/\/www.gaia-oasis.com\/de\/wp-json\/wp\/v2\/media?parent=1961"}],"curies":[{"name":"wp","href":"https:\/\/api.w.org\/{rel}","templated":true}]}}