{"id":1964,"date":"2013-12-18T14:39:24","date_gmt":"2013-12-18T14:39:24","guid":{"rendered":"http:\/\/www.gaia-oasis.com\/?page_id=1964"},"modified":"2017-10-14T03:46:15","modified_gmt":"2017-10-14T03:46:15","slug":"member-profiles","status":"publish","type":"page","link":"https:\/\/www.gaia-oasis.com\/de\/willkommen\/unsere-gemeinschaft\/member-profiles\/","title":{"rendered":"Paten und Patinnen"},"content":{"rendered":"<table border=\"0\" width=\"100%\" cellspacing=\"0\" cellpadding=\"5\">\n<tbody>\n<tr>\n<td valign=\"top\" width=\"10%\"><img loading=\"lazy\" decoding=\"async\" class=\"alignnone size-full wp-image-964\" title=\"sabina\" src=\"http:\/\/www.gaia-oasis.com\/wp-content\/uploads\/2012\/03\/sabina3.bmp\" alt=\"\" width=\"100\" height=\"119\" \/><\/td>\n<td valign=\"top\" width=\"90%\"><strong>Sabina Debes , <\/strong>Gr\u00fcnderin<strong>, <\/strong>\u00a0Mai 1998Homepage : <a href=\"http:\/\/www.buonavita.org\">www.buonavita.org<\/a><\/p>\n<p><a href=\"http:\/\/www.facebook.de\/bouanavita.org\">www.facebook.de\/bouanavita.org<\/a><\/p>\n<p><a href=\"www.avatar-seminar.net\" target=\"_blank\">www.avatar-seminar.net<\/a><\/p>\n<p><a href=\"http:\/\/www.vergebung-heilt.de\" target=\"_blank\">www.vergebung-heilt.de<\/a><\/p>\n<p>Um 1998 habe ich die Vision empfangen und nachdem ich sie aufgeschrieben hatte fand ich all diese Mitreisenden, mit denen zusammen sie h\u00e4tte aufgebaut werden sollen. Nun, wie es so geht, wenn viele zusammen kommen, Gaia-Oasis ist ein bisschen anders geworden, aber es ist eine OASE f\u00fcr so viele von unseren G\u00e4sten, von denen auch so viele immer wieder kommen. Sie finden hier Frieden und Inspiration, genie\u00dfen Yoga, Meditation, individuelle Sitzungen in Massage oder f\u00fcr ihre pers\u00f6nliche Entwicklung, genauso wie das gesunde Essen. Ganz sicher genie\u00dfen alle es, auf einer der sch\u00f6nsten Inseln unseres Planeten zu sein: Bali, und dazu noch mit einem Gl\u00fcck verhei\u00dfenden Volk, den Balinesen. Sie sind tugendhaft und zutiefst f\u00fcrsorglich und erschaffen dadurch ein Energiefeld von Frieden, Achtsamkeit und F\u00fcrsorge in dem jeder Mensch sich entspannen kann und sicher f\u00fchlt.F\u00fcr mich sind die Vision, Gaia-Oasis mit all ihrem Wandel, unsere offenen und ernsthaft interessierten G\u00e4ste und die Chance Bali zu sein wunderbare Geschenke des Lebens, kostbare Gelegenheiten \u00fcber gemeinsame Ausrichtung zu f\u00fcr eine lebenswerte Zukunft zu lernen \u2013 und all dies im Paradies!Ich hoffe dass Gaia-Oasis weiterhin viele Menschen bei ihrer Such nach Wahrheit unterst\u00fctzen kann.<span style=\"line-height: 19px;\">\u00a0<\/span><\/p>\n<p>Da ich 1952 in einer Original &#8211; Buddhistischen Familie geboren bin, habe ich Meditation und Kontemplation mit in die Wiege gelegt bekommen, \u00fcber den Sinn des Lebens zu reflektieren schien das nat\u00fcrlichste Ding der Welt zu sein. Ich habe mich immer sehr verantwortlich f\u00fcr alle lebenden Wesen gef\u00fchlt: Schmerz und Leid zu vermeiden und f\u00fcr endg\u00fcltige Befreiung und Erwachen zu arbeiten, und so ist es immer noch.<\/p>\n<p>Dies w\u00e4re meine bevorzugte Definition f\u00fcr LIEBE: Menschen bei ihrer spirituellen Entwicklung, beim Erwachen zu unterst\u00fctzen.<\/p>\n<p>Um besser ger\u00fcstet zu sein studierte ich Psychologie, lernte verschiedene psycho-therapeutische Ans\u00e4tze, Methoden wie Avatar, Vergebung an der Wurzel usw., und vor Kurzem kam ich in Kontakt mit Gemeinschaftsbildung nach Scott Peck. Dies war eine Offenbarung f\u00fcr uns Paten, da es uns zu authentischem, ernsthaften und sehr pers\u00f6nlichem Kontakt f\u00fchrte, woraus sich wahre Freundschaft und zuverl\u00e4ssiger Frieden auf einer Basis von Verstehen\u00a0 und Wohlwollen entwickeln konnte.<\/p>\n<p>Heute bin ich eine fitte und gl\u00fcckliche Gro\u00dfmutter, und mein Fokus ist st\u00e4rker als in der Vergangenheit auf die endg\u00fcltige Befreiung gerichtet als in der Vergangenheit. Nat\u00fcrlich haben sich meine Sessions und Seminare entsprechend ge\u00e4ndert. Jetzt bevorzuge ich, die Avatar Methode zu unterrichten ebenso wie pers\u00f6nliche Einf\u00fchrungen zu geben in die urspr\u00fcnglichen Reden des Buddha, einschlie\u00dflich der verschiedenen Meditationsmethoden (Kontemplation), die er gelehrt hat. Diese beiden Ans\u00e4tze scheinen mir die klarsten, schn\u00f6rkellosesten, erfrischendsten und direktesten Wege zu tief gegr\u00fcndeter, irreversiblem Gl\u00fcck zu sein \u2013 durch Lernen, \u00dcben und Loslassen J.<\/p>\n<p>Der Sinn meines Lebens ist zu tun was n\u00f6tig ist um mich und andere beim Erwachen zu unterst\u00fctzen. Gaia-Oasis ist ein Platz f\u00fcr diese Zielsetzung.<\/td>\n<\/tr>\n<tr>\n<td><\/td>\n<td><\/td>\n<\/tr>\n<tr>\n<td valign=\"top\">\u00a0<img loading=\"lazy\" decoding=\"async\" class=\"alignnone size-full wp-image-965\" title=\"shanti\" src=\"http:\/\/www.gaia-oasis.com\/wp-content\/uploads\/2012\/03\/shanti1.bmp\" alt=\"\" width=\"100\" height=\"120\" \/><\/td>\n<td valign=\"top\"><strong>Shanti Hoebel<\/strong><strong>,<\/strong>\u00a0 Mitglied seit Dezember 1998<a href=\"mailto:Shanty.hoebel@balisunrise.de\">Shanty.hoebel@balisunrise.de<\/a><\/p>\n<p>Gaia-Oasis ist f\u00fcr mich die Oase der Heilung und des inneren Friedens. Ein Ort an dem ich im liebevollen Austausch mit gleichgesinnten Menschen mein inneres Potential mehr und mehr entfalten kann &#8211; ich mit dem g\u00f6ttlichen Funken in mir in Ber\u00fchrung komme. Eingebettet in die Sch\u00f6nheit der Natur, das Vertrauen in die Menschen welche in gemeinsamer Kreativit\u00e4t ihre Vision entstehen lassen &#8211; lerne ich mehr und mehr in Ehrlichkeit, Offenheit und Liebe zu s e i n.<\/p>\n<p>Ich bin ausgebildete Gruppenleiterin (TZI) und seit vielen Jahren im psycho-sozialen Bereich und in der Sozialarbeit engagiert. Es ist mir ein Anliegen geworden verbindend zwischen M\u00e4nnern und Frauen zu wirken.<\/td>\n<\/tr>\n<tr>\n<td><\/td>\n<td><\/td>\n<\/tr>\n<tr>\n<td>\u00a0<img loading=\"lazy\" decoding=\"async\" class=\"alignnone size-full wp-image-970\" title=\"helen\" src=\"http:\/\/www.gaia-oasis.com\/wp-content\/uploads\/2012\/03\/helen1.bmp\" alt=\"\" width=\"97\" height=\"125\" \/><\/td>\n<td><strong>Helen Belovics<\/strong>, \u00a0<span style=\"line-height: 19px;\">Mitglied seit Juli 2001<\/span><a href=\"mailto:bellebutterfly36@hotmail.com\" target=\"_blank\">bellebutterfly36@hotmail.com<\/a>I came to Bali to create a spiritual center on the land of my teacher Jeru Kabbal in Bondalem. He wanted a center where people could come for a shorter or a longer time,<\/p>\n<p>to reflect and to become friends with themselves and with others.<\/p>\n<p>To my surprise I found out that a center like that already existed in the next village Tejakula, a center with the same philosophy. So, gratefully I gave up my own project and joined Gaia-oasis in 2001.<\/td>\n<\/tr>\n<tr>\n<td valign=\"top\"><\/td>\n<td><\/td>\n<\/tr>\n<tr>\n<td valign=\"top\">\u00a0<img loading=\"lazy\" decoding=\"async\" class=\"alignnone size-full wp-image-971\" title=\"priya\" src=\"http:\/\/www.gaia-oasis.com\/wp-content\/uploads\/2012\/03\/priya.bmp\" alt=\"\" width=\"100\" height=\"120\" \/><\/td>\n<td><strong>Priya Cornelia Link, <\/strong>Mitglied seit Juli 2001<a href=\"mailto:priyaclink@aapt.net.au\" target=\"_blank\">priyaclink@aapt.net.au<\/a><\/p>\n<p><a href=\"mailto:priyaclink04@gmail.com\" target=\"_blank\">priyaclink04@gmail.com<\/a><\/p>\n<p><a href=\"mailto:priyaclink@bigpond.com\" target=\"_blank\">priyaclink@bigpond.com<\/a><\/p>\n<p>Ich bin in Hamburg , Deutschland \u00a0in 1965 geboren und schon immer viel gereist inspiriert schon in jungen Jahren durch meine Familie .<\/p>\n<p>Auch schon frueh entdeckte ich Yoga und Meditation , welches seit dem meine treuen Freunde geblieben sind und mich wach halten und mir helfen auf jeder Ebene tiefer zu gehen.<\/p>\n<p>Meine liebe Freundin Sabine mit der ich Avatar Kurse gegeben habe hat mich dazu inspiriert Mitglied der wunderbaren Gaia Oasis zu werden , welche nun das zweite Zuhause meiner zwei Kinder und mir ist.<\/p>\n<p>Unser erstes Zuhause ist seit 13 Jahren Mullumbimby in NSW Australien &#8211; noch ein Paradies.<\/p>\n<p>Ich bin eine Kuenstlerin, eine Rohkost Koechin und Lehrerin im Moment und habe frueher auch Yoga unterrichtet , Thai Massagen gegeben und Avatar unterrichtet. In Australien hatte ich zwei Sushi Bars . All diese Dinge passen gut zur Gaia Oasis welches fuer mich eine Gemeinschaft Gleichgesinnter ist, die auf dem Weg sind Frieden und Liebe zu finden.<\/p>\n<p>Mein Plan ist eines Tages ein paar Monate in der Gaia zu verbringen und einen kombinierten Kurs von Kunst , Yoga und Rohkost zu unterrichten . Auch wuerde ich gerne mal vollzeitig in Bali leben sobald meine Kinder gross genug sind . In der Zwischenzeit waehrend ich die Herausforderungen des Lebens zu meistern versuche geniesse ich die die Verbindungen die ich mit den mir ans Herz gewachsenen Mitgliedern habe und mit den wunderbaren Balinesen , die unsere Oasis auf so liebevolle Art in Stand halten und organisieren \u00a0&#8211; entweder per email , in meetings oder im Urlaub in der Gaia .<\/td>\n<\/tr>\n<tr>\n<td valign=\"top\"><\/td>\n<td valign=\"top\"><\/td>\n<\/tr>\n<tr>\n<td>\u00a0<img loading=\"lazy\" decoding=\"async\" class=\"alignnone size-full wp-image-972\" title=\"sigrun\" src=\"http:\/\/www.gaia-oasis.com\/wp-content\/uploads\/2012\/03\/sigrun.bmp\" alt=\"\" width=\"100\" height=\"121\" \/><\/td>\n<td><strong>Sigrun Fricke<\/strong>, Mitglied seit: Juli 2001<a href=\"mailto:Sigrun.fricke@t-online.de\">Sigrun.fricke@t-online.de<\/a><\/p>\n<p>Ich bin am 10.1.1945 geboren, habe zwei verheiratete T\u00f6chter und bin seit 4 und drei Monaten gl\u00fcckliche Gro\u00dfmutter. Seit sieben Jahren wohne ich sehr abgeschieden in der Eifel in einem Dorf, in dem es nur 4 H\u00f6fe gibt. Hier arbeite ich in meinem Wohnzimmer als \u00c4rztin f\u00fcr Hom\u00f6opathie und Psychotherapie. Au\u00dferdem gebe ich Avatarkurse und beginne mit Kinesiologie Menschen zu heilen.<\/p>\n<p>Meine Patenschaft in Bali \u00f6ffnet mich f\u00fcr eine gr\u00f6ssere Welt. Ich m\u00f6chte die Vision erf\u00fcllen. die f\u00fcr mich bedeutet, dass Menschen sich zusammentun, die wirklich die Verantwortung f\u00fcr sich selbst \u00fcbernehmen wollen.<\/td>\n<\/tr>\n<tr>\n<td valign=\"top\"><\/td>\n<td><\/td>\n<\/tr>\n<tr>\n<td valign=\"top\">\u00a0<img loading=\"lazy\" decoding=\"async\" class=\"alignnone size-full wp-image-973\" title=\"angelika\" src=\"http:\/\/www.gaia-oasis.com\/wp-content\/uploads\/2012\/03\/angelika.bmp\" alt=\"\" width=\"99\" height=\"120\" \/><\/td>\n<td valign=\"top\"><strong>Angelika Braun<\/strong>,\u00a0 Mitglied seit: Juni 2002<a href=\"mailto:Anbra5@gmx.de\">Anbra5@gmx.de<\/a><\/p>\n<p>Als ich das erste Mal in die Gaia &#8211; Oasis nach Bali kam ging mir mein Herz auf. Ich fand, was ich ersehnte. V\u00f6llig begeistert, mit dem Mut einer &#8222;Verliebten&#8220;, wurde ich Mitglied im Verein. Inzwischen hat sich meine Lebenssituation, wie bei vielen Menschen auf diesem Planeten, ge\u00e4ndert. Die Geburt aus sich selbst heraus, f\u00fcr einen neuen Lebensabschnitt, stellt eine besondere Herausforderung f\u00fcr mich dar. In diesen Zeiten sind loyale, liebevolle Menschen besonders wichtig. Wie gut, dass Liebe nur den Augenblick und keine Grenzen kennt. Jeder von den Mitgliedern tr\u00e4gt ein St\u00fcck der Entwicklungsgeschichte unseres wunderbaren Projektes auf Bali bei.<\/p>\n<p>Das Wissen, meinem Traum ein gro\u00dfes St\u00fcck n\u00e4her gekommen zu sein, gibt mir Kraft. Der Glaube an die Einheit allen Seins und dessen Heil ist Sinnerf\u00fcllung, unabh\u00e4ngig davon wie der praktische Weg im Alltag sich gestaltet.<\/td>\n<\/tr>\n<tr>\n<td><\/td>\n<td><\/td>\n<\/tr>\n<tr>\n<td valign=\"top\">\u00a0<img loading=\"lazy\" decoding=\"async\" class=\"alignnone size-full wp-image-974\" title=\"saicho\" src=\"http:\/\/www.gaia-oasis.com\/wp-content\/uploads\/2012\/03\/saicho.bmp\" alt=\"\" width=\"100\" height=\"120\" \/><\/td>\n<td><strong>Dorothee Saicho Jung<\/strong>,\u00a0 Mitglied seit: M\u00e4rz 2003<a href=\"mailto:dojungjung@web.de\">dojungjung@web.de<\/a><\/p>\n<p>Was mich in Gaia, Bali, immer wieder begeistert, sind die Leichtigkeit und der Humor, mit dem wir \u00fcber alle kulturellen- und L\u00e4ndergrenzen hinweg kommunizieren k\u00f6nnen. Da\u00df wir bei allen Verschiedenheiten &#8211; auch der spirituellen Wege &#8211; immer wieder zu einem gemeinsamen Geist finden. Jeder hier &#8211; gleich welcher Herkunft &#8211; sp\u00fcrt dies. Es ist ein gemeinsames kreatives Gestalten vom Wege pflastern, H\u00e4user und Tempel bauen, anpflanzen, tanzen &#8230; es gibt so viele M\u00f6glichkeiten hier zusammen mit den Balinesen und Menschen aus der ganzen Welt.<\/p>\n<p>Wann immer gebraucht, gebe ich Sessions in Core pulsation, Chi Nei tsang Massagen, gestalte in Gruppen Yoga, Energieabende, Bodyflow &#8230; oder andere Meditationen und freue mich an dem relaxten Miteinandersein.<\/td>\n<\/tr>\n<tr>\n<td><\/td>\n<td><\/td>\n<\/tr>\n<tr>\n<td valign=\"top\">\u00a0<a href=\"http:\/\/www.gaia-oasis.com\/welcome\/our-community\/members\/andrea-2\/\" rel=\"attachment wp-att-1571\"><img loading=\"lazy\" decoding=\"async\" class=\"alignnone size-full wp-image-1571\" title=\"andrea\" src=\"http:\/\/www.gaia-oasis.com\/wp-content\/uploads\/2012\/03\/andrea.jpg\" alt=\"\" width=\"83\" height=\"125\" \/><\/a><\/td>\n<td valign=\"top\">\u00a0<strong>Andrea Tesch<\/strong>,\u00a0 Mitglied seit: Mai 2004<a href=\"http:\/\/www.a-m-tesch.de\">www.a-m-tesch.de<\/a><\/p>\n<p><a href=\"mailto:mail@a-m-tesch.de\">mail@a-m-tesch.de<\/a><\/p>\n<p>Gaia-Oasis und Bali sind f\u00fcr mich bereits beim ersten Kennenlernen Heimat geworden. Jedes Mal, wenn ich herkomme, f\u00fchle ich mich tiefer verbunden mit den Menschen, der \u00fcppigen Natur und einer Stimmung der Langsamkeit. Unser wundervoller Platz hat eine besondere Energie, die sp\u00fcrbar ist und die Menschen hier inspiriert, ein Ort der Begegnung und Entfaltung im Miteinander unterschiedlicher spiritueller Wege.<\/p>\n<p>&#8222;Menschen Wege zur Heilung zu er\u00f6ffnen&#8220;, dies war f\u00fcr mich die Vision, die mich \u00c4rztin werden lie\u00df. Ich habe mich nun auf den Weg gemacht Ausdehnung zu erfahren&#8230;<\/p>\n<p>Ich f\u00fchle mich Sabines Vision sehr verbunden und sehe, dass durch unsere Patengemeinschaft, unsere G\u00e4ste sowie durch die Mitarbeiter, diese t\u00e4glich mit neuem Leben erf\u00fcllt wird.<\/td>\n<\/tr>\n<tr>\n<td><\/td>\n<td><\/td>\n<\/tr>\n<tr>\n<td valign=\"top\">\u00a0<img loading=\"lazy\" decoding=\"async\" class=\"alignnone size-full wp-image-976\" title=\"dana\" src=\"http:\/\/www.gaia-oasis.com\/wp-content\/uploads\/2012\/03\/dana.bmp\" alt=\"\" width=\"100\" height=\"118\" \/><\/td>\n<td valign=\"top\"><strong>Dana Kuhn<\/strong>, \u00a0<span style=\"line-height: 19px;\">Mitglied seit: September 2004\u00a0<\/span><a href=\"mailto:danju8@gmail.com\">danju8@gmail.com<\/a>The vision of Gaia-Oasis inspired me to visit, my heart decided to stay and become a member.<\/p>\n<p>My hope is to live the vision with likeminded people from all over the world, a new family, a new way of sharing. Gaia is a beautiful symbol, a journey of self-discovery. Many years of experience in sales, marketing, public relations and holistic therapies are my contribution.<\/p>\n<p>My love for Mother Earth, the people of Bali and a deep desire to help others to heal can be expressed at Gaia in many ways. Transpersonal therapies, e.g. psychology of selves and sand play, meditation and relaxation are empowering ways to share with people.<\/p>\n<p>I reach out my hand to all people in friendship and with love.<\/td>\n<\/tr>\n<tr>\n<td><\/td>\n<td><\/td>\n<\/tr>\n<tr>\n<td valign=\"top\">\u00a0<img loading=\"lazy\" decoding=\"async\" class=\"alignnone size-full wp-image-977\" title=\"maraya\" src=\"http:\/\/www.gaia-oasis.com\/wp-content\/uploads\/2012\/03\/maraya1.bmp\" alt=\"\" width=\"85\" height=\"125\" \/><\/td>\n<td valign=\"top\"><strong>Mareya Margaret Taylor<\/strong>,Mitglied seit September 2004Homepage : <a href=\"http:\/\/www.circle-of-light.com.au\/\">www.circle-of-light.com.au<\/a><\/p>\n<p>Several years ago I came to Bali for a crystal sound retreat and loved the energy of the whole of Gaia-Oasis.<\/p>\n<p>As I have lived most of my life guiding and supporting others to heal themselves, I know this is a beautiful place where people can feel nurtured in the vortex of love of mother nature herself.<\/td>\n<\/tr>\n<tr>\n<td><\/td>\n<td><\/td>\n<\/tr>\n<\/tbody>\n<\/table>\n","protected":false},"excerpt":{"rendered":"<p>Sabina Debes , Gr\u00fcnderin, \u00a0Mai 1998Homepage : www.buonavita.org www.facebook.de\/bouanavita.org www.avatar-seminar.net www.vergebung-heilt.de Um 1998 habe ich die Vision empfangen und nachdem ich sie aufgeschrieben hatte fand ich all diese Mitreisenden, mit [&hellip;]<\/p>\n","protected":false},"author":1,"featured_media":0,"parent":1877,"menu_order":0,"comment_status":"open","ping_status":"closed","template":"","meta":{"footnotes":""},"class_list":["post-1964","page","type-page","status-publish","hentry"],"_links":{"self":[{"href":"https:\/\/www.gaia-oasis.com\/de\/wp-json\/wp\/v2\/pages\/1964","targetHints":{"allow":["GET"]}}],"collection":[{"href":"https:\/\/www.gaia-oasis.com\/de\/wp-json\/wp\/v2\/pages"}],"about":[{"href":"https:\/\/www.gaia-oasis.com\/de\/wp-json\/wp\/v2\/types\/page"}],"author":[{"embeddable":true,"href":"https:\/\/www.gaia-oasis.com\/de\/wp-json\/wp\/v2\/users\/1"}],"replies":[{"embeddable":true,"href":"https:\/\/www.gaia-oasis.com\/de\/wp-json\/wp\/v2\/comments?post=1964"}],"version-history":[{"count":8,"href":"https:\/\/www.gaia-oasis.com\/de\/wp-json\/wp\/v2\/pages\/1964\/revisions"}],"predecessor-version":[{"id":3705,"href":"https:\/\/www.gaia-oasis.com\/de\/wp-json\/wp\/v2\/pages\/1964\/revisions\/3705"}],"up":[{"embeddable":true,"href":"https:\/\/www.gaia-oasis.com\/de\/wp-json\/wp\/v2\/pages\/1877"}],"wp:attachment":[{"href":"https:\/\/www.gaia-oasis.com\/de\/wp-json\/wp\/v2\/media?parent=1964"}],"curies":[{"name":"wp","href":"https:\/\/api.w.org\/{rel}","templated":true}]}}