{"id":2151,"date":"2014-03-26T10:04:24","date_gmt":"2014-03-26T10:04:24","guid":{"rendered":"http:\/\/www.gaia-oasis.com\/?page_id=2151"},"modified":"2017-12-15T08:10:21","modified_gmt":"2017-12-15T08:10:21","slug":"gaia-foundation","status":"publish","type":"page","link":"https:\/\/www.gaia-oasis.com\/de\/gaia-foundation\/","title":{"rendered":"Die Stiftung Yayasan der Gaia-Oasis"},"content":{"rendered":"<p>Die Gaia-Oasis liegt im Ort Tejakula, im Bezirk Buleleng, im Norden Balis, einer Region des spirituellen Tourismus. \u201cTeja\u201d bedeutet \u201cLicht\u201d und \u201cKula\u201d steht f\u00fcr \u201cMenschen\u201d. In der Vergangenheit, haben die Bewohner Tejakulas ihren Lebensunterhalt \u00fcberwiegend mit Fischerei und Salzherstellung verdient. Heute sind Fischerei und spirtueller Tourismus die Hauptstandbeine des Ortes.<\/p>\n<p>Yasasan Gaia-Oasis \u2013 oft kurz und liebevoll \u201cYayasan\u201d genannt \u2013 ist die gemeinn\u00fctzige Stiftung der Gaia-Oasis und setzt sich f\u00fcr bessere Lebens \u2013 und Umweltbedingungen in den Gemeinden von Tejakula ein.<\/p>\n<p style=\"text-align: center;\"><img loading=\"lazy\" decoding=\"async\" class=\"aligncenter\" title=\"Yayasan School Program\" src=\"http:\/\/www.gaia-oasis.com\/wp-content\/uploads\/2013\/06\/Yayasan-School-Program1.png\" alt=\"\" width=\"453\" height=\"316\" \/><\/p>\n<p>Nach unseren bescheidenen Anf\u00e4ngen, Schulkinder des Ortes mit B\u00fcchern zu versorgen, finanzieren wir nunmehr 50 Jahresstipendien f\u00fcr Sch\u00fcler aus armen Familien und ermutigen sie dadurch, f\u00fcr sich und ihre Familien eine bessere Zukunft aufzubauen.<\/p>\n<p>Des weiteren unterst\u00fctzt Yayasan Kunst, Handwerk, Tanz und Musik in den Gemeinden, um die balinesische Tradition und die Verbindung der Menschen zu ihren geistigen Wurzeln zu st\u00e4rken. Die Wiederherstellung und Instandhaltung balinesischer Tempel im Ort, von denen viele sehr sehenswert sind, ist ebenfalls eine dauerhafte Form unserer Untert\u00fctzung.<\/p>\n<p>Schlie\u00dfen Sie sich doch wie viele andere als freiwillige Helfer unseren <a href=\"http:\/\/www.facebook.com\/pages\/Gaia-Oasis-Foundation\/109044255805593\">Hilfsprogrammen<\/a> an! Oder wenn das nicht m\u00f6glich ist, dann vielleicht mit einer <a href=\"https:\/\/www.gaia-oasis.com\/de\/zahlungen\/\">Geldspende<\/a> ? 10 Euro oder US-Dollar von Ihnen erlauben einem Kind in Tejakula einen Monat die Schule zu besuchen.<\/p>\n<p style=\"text-align: center;\"><img loading=\"lazy\" decoding=\"async\" class=\"aligncenter\" title=\"Yayasan Environmental Programs\" src=\"http:\/\/www.gaia-oasis.com\/wp-content\/uploads\/2012\/02\/Yayasan-Environmental-Programs.png\" alt=\"\" width=\"507\" height=\"299\" \/><\/p>\n","protected":false},"excerpt":{"rendered":"<p>Die Gaia-Oasis liegt im Ort Tejakula, im Bezirk Buleleng, im Norden Balis, einer Region des spirituellen Tourismus. \u201cTeja\u201d bedeutet \u201cLicht\u201d und \u201cKula\u201d steht f\u00fcr \u201cMenschen\u201d. In der Vergangenheit, haben die [&hellip;]<\/p>\n","protected":false},"author":2,"featured_media":843,"parent":0,"menu_order":2,"comment_status":"closed","ping_status":"closed","template":"","meta":{"footnotes":""},"class_list":["post-2151","page","type-page","status-publish","has-post-thumbnail","hentry"],"_links":{"self":[{"href":"https:\/\/www.gaia-oasis.com\/de\/wp-json\/wp\/v2\/pages\/2151","targetHints":{"allow":["GET"]}}],"collection":[{"href":"https:\/\/www.gaia-oasis.com\/de\/wp-json\/wp\/v2\/pages"}],"about":[{"href":"https:\/\/www.gaia-oasis.com\/de\/wp-json\/wp\/v2\/types\/page"}],"author":[{"embeddable":true,"href":"https:\/\/www.gaia-oasis.com\/de\/wp-json\/wp\/v2\/users\/2"}],"replies":[{"embeddable":true,"href":"https:\/\/www.gaia-oasis.com\/de\/wp-json\/wp\/v2\/comments?post=2151"}],"version-history":[{"count":5,"href":"https:\/\/www.gaia-oasis.com\/de\/wp-json\/wp\/v2\/pages\/2151\/revisions"}],"predecessor-version":[{"id":4175,"href":"https:\/\/www.gaia-oasis.com\/de\/wp-json\/wp\/v2\/pages\/2151\/revisions\/4175"}],"wp:featuredmedia":[{"embeddable":true,"href":"https:\/\/www.gaia-oasis.com\/de\/wp-json\/wp\/v2\/media\/843"}],"wp:attachment":[{"href":"https:\/\/www.gaia-oasis.com\/de\/wp-json\/wp\/v2\/media?parent=2151"}],"curies":[{"name":"wp","href":"https:\/\/api.w.org\/{rel}","templated":true}]}}