{"id":3159,"date":"2016-10-10T06:37:08","date_gmt":"2016-10-10T06:37:08","guid":{"rendered":"http:\/\/www.gaia-oasis.com\/?page_id=3159"},"modified":"2017-02-13T08:27:10","modified_gmt":"2017-02-13T08:27:10","slug":"yoga-heilung-2","status":"publish","type":"page","link":"https:\/\/www.gaia-oasis.com\/de\/aktivitaten-angebote\/yoga-heilung-2\/","title":{"rendered":"Yoga &#038; Heilung"},"content":{"rendered":"<p>An mehreren Tagen der Woche bietet Gaia-Oasis ihren G\u00e4sten die Teilnahme an Yoga- oder Meditations- und Heilsessions, je nachdem welcher Mitarbeiter oder welche Mitarbeiterin gerade ein Angebot macht.\u00a0 Das Angebot\u00a0 kann Yoga, Tanz, Body-Work, Meditation, oder eine andere Form der Heilarbeit beinhalten.<\/p>\n<p>Falls Sie an diesen Yoga &amp; Heilsessions teilnehmen m\u00f6chten, geben Sie uns bitte Bescheid, damit wir Ihren Teilnahme-Wunsch weitergeben k\u00f6nnen. Soweit m\u00f6glich, sind unsere Programme offen f\u00fcr Alle, ganz gleich ob Anf\u00e4nger oder Fortgeschrittene.<\/p>\n<table border=\"0\" width=\"100%\" cellspacing=\"0\" cellpadding=\"5\">\n<tbody>\n<tr>\n<td valign=\"top\" width=\"21%\">\u00a0<a href=\"http:\/\/www.gaia-oasis.com\/wp-content\/uploads\/2012\/08\/Foto-Dirkje-Zondervan3.jpg\"><img loading=\"lazy\" decoding=\"async\" class=\"alignnone size-full wp-image-1252\" src=\"http:\/\/www.gaia-oasis.com\/wp-content\/uploads\/2012\/08\/Foto-Dirkje-Zondervan3.jpg\" alt=\"Foto Dirkje Zondervan\" width=\"125\" height=\"94\" \/><\/a><\/td>\n<td valign=\"top\" width=\"79%\"><strong>\u00a001 &#8211; 31 of January 2017, Dirkje Zondervan,<\/strong> received her yoga teacher certificate at Mahindra Institute in Frankfurt after a 3-year course in 1996. She taught at the Mahindra Institute, first in Frankfurt, and then in Birstein, when the Institute moved there to establish a yoga and ayurvedic centre.Dirkje teaches hatha yoga in the traditional style, and she has also followed stages at Iyengar in Pune and Munich. Recently she participated in a seminar with Dinah Rodrigues who specializes in Hormon Yoga. Besides Yoga, she is a Jin Shin Jyutsu practitioner since 2001. Dirkje has taught at the Barberyn ayurvedic health resort in Sri Lanka several times, and has followed courses in ayurvedic therapy. She is very interested in holistic healing and glad to be able to share her knowledge with other people.We hope that you will enjoy Dirkje\u2019s classes here at Gaia-Oasis<\/td>\n<\/tr>\n<tr>\n<td><\/td>\n<td><\/td>\n<\/tr>\n<tr>\n<td>\u00a0<a href=\"http:\/\/www.gaia-oasis.com\/wp-content\/uploads\/2014\/05\/Amanda-Smith.jpg\"><img loading=\"lazy\" decoding=\"async\" class=\"alignnone  wp-image-3307\" src=\"http:\/\/www.gaia-oasis.com\/wp-content\/uploads\/2014\/05\/Amanda-Smith-300x285.jpg\" alt=\"Amanda Smith\" width=\"148\" height=\"141\" srcset=\"https:\/\/www.gaia-oasis.com\/wp-content\/uploads\/2014\/05\/Amanda-Smith-300x285.jpg 300w, https:\/\/www.gaia-oasis.com\/wp-content\/uploads\/2014\/05\/Amanda-Smith.jpg 643w\" sizes=\"auto, (max-width: 148px) 100vw, 148px\" \/><\/a><\/td>\n<td><strong>\u00a001 &#8211; 29 of February 2017, Amanda Smith <\/strong>My classes are a Vinyasa style yoga and Yin yoga, tailored for the absolute beginner with options for more experienced students.<br \/>\nI have a daily yoga and meditation practice which I believe is essential to continue to grow, learn and teach this ancient practice that I feel very privileged to be sharing. My greatest joy is to see others growing and opening to more of themselves, observing how their own transformation brings such a sense of excitement, passion and a love of this art form.<br \/>\nMy other interests are cooking and traveling.<br \/>\nEnglish is my mother tongue and I speak fluent French, conversational Italian and am familiar with Spanish and Indonesian.<\/td>\n<\/tr>\n<tr>\n<td><\/td>\n<td><\/td>\n<\/tr>\n<tr>\n<td>\u00a0<a href=\"http:\/\/www.gaia-oasis.com\/wp-content\/uploads\/2014\/05\/Ina-Radhika.jpg\"><img loading=\"lazy\" decoding=\"async\" class=\"alignnone  wp-image-3279\" src=\"http:\/\/www.gaia-oasis.com\/wp-content\/uploads\/2014\/05\/Ina-Radhika-259x300.jpg\" alt=\"ina-radhika\" width=\"139\" height=\"162\" srcset=\"https:\/\/www.gaia-oasis.com\/wp-content\/uploads\/2014\/05\/Ina-Radhika-259x300.jpg 259w, https:\/\/www.gaia-oasis.com\/wp-content\/uploads\/2014\/05\/Ina-Radhika.jpg 417w\" sizes=\"auto, (max-width: 139px) 100vw, 139px\" \/><\/a><\/td>\n<td><strong>\u00a00<strong>1 \u2013 30 of April 2017, Ina Radhika Dobianer<\/strong><\/strong><strong>aus Hamburg, Deutschland.<\/strong><\/p>\n<p>Ich bin Yogalehrerin, Tanztherapeutin, Heilpraktikerin f\u00fcr Psychotherapie und authorisierte Lehrerin innerhalb einer spirituellen schamanischen Tradition.<br \/>\nSpiritualit\u00e4t und Bewegung begleiten mich seit Kindheitstagen an und es begeistert mich, mir selbst und anderen Wege aufzuzeigen, um zu wachsen, die eigene Sch\u00f6nheit und Kraft zu entdecken und diese ins Leben zu bringen.<br \/>\nAnfang der 90er Jahre habe ich die Vipassana-Meditation kennengelernt, indem ich mich zu einem 10-Tages-Retreat in Deutschland anmeldete und so die Kraft der Meditation, des Schweigens und des Fastens kennenlernte. Es folgten Retreats in Frankreich, der Schweiz und in \u00d6sterreich.<br \/>\nIch wurde Lehrling auf einem schamanischen Weg und nahm an vielen verschiedenen spirituellen Festivals und Workshops teil. So lernte ich verschiedene Yogastile, Meditationen und die Welt des Tanzes kennen.<br \/>\nAls ich dann tiefer mit Yoga in Ber\u00fchrung kam, war ich sehr ergriffen von der Tiefe der darin enthaltenen Spiritualit\u00e4t und der unglaublichen Kraft, so dass sich f\u00fcr mich als Tanztherapeutin der Eindruck vermittelte, die Quelle der Bewegung gefunden zu haben.<br \/>\nNach meiner Yogalehrerausbildung in 2009 begann ich Kurse f\u00fcr Kinder, Jugendliche und Erwachsene zu geben und bin immer wieder fasziniert von der F\u00fclle und den Sch\u00e4tzen, die uns das Yoga zur Verf\u00fcgung stellt. Ich leite Yogaworkshops, u.a. Yoga mit Musik zusammen mit einer wunderbaren Kirtans\u00e4ngerin und wir veranstalten Kirtankonzerte, bei denen wir mit allen gemeinsam singen und meditieren.<br \/>\nIch unterrichte traditionelles Hatha-Yoga und verbinde meine Yogaklassen auch mit Elementen des Tanzes. F\u00fcr mich ist Yoga ein wunderbarer Weg, zu mir selbst zu kommen, still zu werden und zu erkennen, wer ich wirklich bin. Um es mit den Worten des Mantras \u201eSo Ham\u201c zu sagen: wir sind weder dieser K\u00f6rper, noch dieser Geist, wir sind unsterbliche Seelen auf ihren Reisen von Inkarnation zu Inkarnation.<\/td>\n<\/tr>\n<tr>\n<td><\/td>\n<td><\/td>\n<\/tr>\n<tr>\n<td>\u00a0<a href=\"http:\/\/www.gaia-oasis.com\/wp-content\/uploads\/2014\/05\/Jacqui.jpg\"><img loading=\"lazy\" decoding=\"async\" class=\"wp-image-3282 alignleft\" src=\"http:\/\/www.gaia-oasis.com\/wp-content\/uploads\/2014\/05\/Jacqui-202x300.jpg\" alt=\"jacqui\" width=\"116\" height=\"169\" \/><\/a><\/td>\n<td>\u00a0<strong>0<strong>8 \u2013 31 of May 2017, Jacqui Fletcher<\/strong><\/strong>I am a full-time Yoga teacher based on the Central Coast of New South Wales, Australia.<br \/>\nI have a strong interest in health and wellbeing so both my own practise and teaching have developed a strong therapeutic focus. Each week, I have a particular theme to my classes. The inspiration for these themes comes from a variety of sources including the seasons, Yogic philosophy, student requests and health issues identified by the students themselves.I teach an integrative style of Yoga that pieces together a range of different practices from a wide variety of Yoga styles. With Hatha Yoga at its core, this tradition also borrows from Raja, Karma, Jnana, Mantra and Bhakti Yoga styles to form a wholistic approach. With this blending of practices from a number of different Yoga styles, the idea is to try as many as you can and then choose the ones that best suit you. The philosophy behind this Yoga tradition recognizes that everyone is different and, therefore, each person requires a unique combination of practices to bring them into balance and harmony.<\/td>\n<\/tr>\n<tr>\n<td><\/td>\n<td><\/td>\n<\/tr>\n<tr>\n<td>\u00a0<a href=\"http:\/\/www.gaia-oasis.com\/wp-content\/uploads\/2014\/05\/Ruth-Fabianke.png\"><img loading=\"lazy\" decoding=\"async\" class=\"alignnone  wp-image-3280\" src=\"http:\/\/www.gaia-oasis.com\/wp-content\/uploads\/2014\/05\/Ruth-Fabianke-200x300.png\" alt=\"ruth-fabianke\" width=\"131\" height=\"197\" srcset=\"https:\/\/www.gaia-oasis.com\/wp-content\/uploads\/2014\/05\/Ruth-Fabianke-200x300.png 200w, https:\/\/www.gaia-oasis.com\/wp-content\/uploads\/2014\/05\/Ruth-Fabianke-682x1024.png 682w\" sizes=\"auto, (max-width: 131px) 100vw, 131px\" \/><\/a><\/td>\n<td>\u00a0<strong>0<strong>1 Jul \u2013 31 of August 2017,Ruth Fabianke, <\/strong><\/strong>before becoming a yoga-teacher, Ruth (born 1960 in Hamburg, Germany) studied social sciences and worked till the end of 2004 at different places in leading positions. She realized that many things in society called <em>social<\/em> are not social at all for the people involved. 2005 became a turning point in her life. She concentrated on studying and teaching yoga. Grounded on the mental heritage of Sri Aurobindo (1872 \u2013 1950), one of India\u00b4s greatest yogis and spiritual teachers Ruth assimilated techniques and methods of other yoga-traditions \u2013 for example Yogi Bahjan, Sivananda, Iyengar, Desikachar. Finally all paths of yoga want to reach the same goal. In this way she creates her own lessons which might help people to become more aware of their body and hold it agile, to relax their mind and to come to an inner silence for meeting the Self. This is what Ruth\u00b4s yoga is for \u2013 in between a lovely surrounding to become more conscious, sensitive and respectful with someone\u00b4s Self, in relationship with others, for the nature and the Devine. Come, see and let you to be touched by practicing yoga \u2013 asana, karana (static position and dynamic movements to loose, stretch and strengthen the body), pranayama (feel and work with the breath) and dhyana (meditation) \u2013 the path to holistic health.<\/td>\n<\/tr>\n<tr>\n<td><\/td>\n<td><\/td>\n<\/tr>\n<tr>\n<td>\u00a0<a href=\"http:\/\/www.gaia-oasis.com\/wp-content\/uploads\/2014\/05\/Frances.jpg\"><img loading=\"lazy\" decoding=\"async\" class=\"alignnone  wp-image-2689\" src=\"http:\/\/www.gaia-oasis.com\/wp-content\/uploads\/2014\/05\/Frances-300x247.jpg\" alt=\"Frances\" width=\"168\" height=\"138\" srcset=\"https:\/\/www.gaia-oasis.com\/wp-content\/uploads\/2014\/05\/Frances-300x247.jpg 300w, https:\/\/www.gaia-oasis.com\/wp-content\/uploads\/2014\/05\/Frances.jpg 454w\" sizes=\"auto, (max-width: 168px) 100vw, 168px\" \/><\/a><\/td>\n<td>\u00a0<strong><strong>04 \u2013 31 of October 2017,Frances Rowley<\/strong> <\/strong>has been teaching Hatha Yoga at Hospice Of Mother Tara, Buddhist Meditation and Healing Centre, Bunbury, Western Australia over the past 15 years, as well as leading retreats, teaching in schools, sport centres, work places, the local cancer support centre and regional prison.\u00a0 She now volunteers her yoga experience worldwide to non profit organisations.<br \/>\nFran completed from her formal hatha yoga training in 2000 with Friends in Yoga, Perth.\u00a0 Her teaching style combines her personal experience in the Satyananda, Sivananda and Iyengar traditions and is very much influenced by the teachings of the Buddha, as well as her living masters, His Holiness the Dalai Lama, Lama Zopa Rinpoche and her very special mentor and friend, Ani Gyalmo la (Glenda Lee).Hatha yoga emphasis the breath, connecting the mind, body and breath together, to develop awareness, mindfulness and concentration. Simply being here and now, enjoying the peace and stillness, opening up the heart, mind and body through the postures with joyous effort will awaken us to our true nature, our full potential!\u00a0 Hatha yoga is for everybody, let the joy of yoga bring about the changes you wish for, inside and out!\u00a0 Gaia Oasis is a beautiful environment to do just that!\u00a0 Namaste.<\/td>\n<\/tr>\n<tr>\n<td><\/td>\n<td><\/td>\n<\/tr>\n<\/tbody>\n<\/table>\n<p style=\"text-align: left;\"><a href=\"http:\/\/www.gaia-oasis.com\/wp-content\/uploads\/2014\/05\/Yoga.png\"><img loading=\"lazy\" decoding=\"async\" class=\"aligncenter  wp-image-2704\" src=\"http:\/\/www.gaia-oasis.com\/wp-content\/uploads\/2014\/05\/Yoga-300x96.png\" alt=\"Yoga\" width=\"439\" height=\"141\" srcset=\"https:\/\/www.gaia-oasis.com\/wp-content\/uploads\/2014\/05\/Yoga-300x96.png 300w, https:\/\/www.gaia-oasis.com\/wp-content\/uploads\/2014\/05\/Yoga.png 558w\" sizes=\"auto, (max-width: 439px) 100vw, 439px\" \/> <\/a><\/p>\n<p style=\"text-align: left;\"><strong><a href=\"http:\/\/www.gaia-oasis.com\/wp-content\/uploads\/2014\/05\/Yoga-Healing-20161.pdf\">\u00a0 \u00a0 \u00a0 \u00a0 \u00a0 \u00a0\u00a0\u00a0\u00a0\u00a0 Previous Yoga &amp; Healing<\/a>\u00a0\u00a0\u00a0\u00a0\u00a0\u00a0\u00a0\u00a0\u00a0\u00a0\u00a0\u00a0\u00a0\u00a0\u00a0\u00a0\u00a0\u00a0\u00a0\u00a0\u00a0\u00a0\u00a0\u00a0\u00a0\u00a0\u00a0\u00a0\u00a0\u00a0\u00a0\u00a0\u00a0\u00a0\u00a0\u00a0\u00a0\u00a0\u00a0\u00a0\u00a0\u00a0\u00a0\u00a0\u00a0\u00a0\u00a0\u00a0 Upcoming Yoga &amp; Healing<\/strong><\/p>\n<p style=\"text-align: center;\"><strong>Wir suchen Yogalehrer im Austausch gegen Unterkunft und Verpflegung !!!<\/strong><\/p>\n<p>Sie sind Yogalehrer oder Yogalehrerin, und m\u00f6chten sich selbst etwas Gutes tun? Unterrichten Sie ein paar Wochen lang hier in Gaia, im Austausch gegen Unterkunft und Verpflegung \u2013 und einen unvergesslichen Aufenthalt hier auf Bali. Interessiert? Kontaktieren Sie uns doch bitte unter\u00a0\u00a0<a href=\"mailto:yoga@gaia-oasis.com\" target=\"_blank\">yoga@gaia-oasis.com<\/a><\/p>\n","protected":false},"excerpt":{"rendered":"<p>An mehreren Tagen der Woche bietet Gaia-Oasis ihren G\u00e4sten die Teilnahme an Yoga- oder Meditations- und Heilsessions, je nachdem welcher Mitarbeiter oder welche Mitarbeiterin gerade ein Angebot macht.\u00a0 Das Angebot\u00a0 [&hellip;]<\/p>\n","protected":false},"author":2,"featured_media":0,"parent":1900,"menu_order":2,"comment_status":"closed","ping_status":"closed","template":"","meta":{"footnotes":""},"class_list":["post-3159","page","type-page","status-publish","hentry"],"_links":{"self":[{"href":"https:\/\/www.gaia-oasis.com\/de\/wp-json\/wp\/v2\/pages\/3159","targetHints":{"allow":["GET"]}}],"collection":[{"href":"https:\/\/www.gaia-oasis.com\/de\/wp-json\/wp\/v2\/pages"}],"about":[{"href":"https:\/\/www.gaia-oasis.com\/de\/wp-json\/wp\/v2\/types\/page"}],"author":[{"embeddable":true,"href":"https:\/\/www.gaia-oasis.com\/de\/wp-json\/wp\/v2\/users\/2"}],"replies":[{"embeddable":true,"href":"https:\/\/www.gaia-oasis.com\/de\/wp-json\/wp\/v2\/comments?post=3159"}],"version-history":[{"count":7,"href":"https:\/\/www.gaia-oasis.com\/de\/wp-json\/wp\/v2\/pages\/3159\/revisions"}],"predecessor-version":[{"id":3418,"href":"https:\/\/www.gaia-oasis.com\/de\/wp-json\/wp\/v2\/pages\/3159\/revisions\/3418"}],"up":[{"embeddable":true,"href":"https:\/\/www.gaia-oasis.com\/de\/wp-json\/wp\/v2\/pages\/1900"}],"wp:attachment":[{"href":"https:\/\/www.gaia-oasis.com\/de\/wp-json\/wp\/v2\/media?parent=3159"}],"curies":[{"name":"wp","href":"https:\/\/api.w.org\/{rel}","templated":true}]}}