{"id":3689,"date":"2017-10-06T00:04:50","date_gmt":"2017-10-06T00:04:50","guid":{"rendered":"http:\/\/www.gaia-oasis.com\/?page_id=3689"},"modified":"2017-12-09T06:17:14","modified_gmt":"2017-12-09T06:17:14","slug":"mount-agung-spendenaufruf","status":"publish","type":"page","link":"https:\/\/www.gaia-oasis.com\/de\/gaia-foundation\/mount-agung-spendenaufruf\/","title":{"rendered":"Mount Agung Spendenaufruf"},"content":{"rendered":"<p><a href=\"http:\/\/www.gaia-oasis.com\/gaia-foundation\/mount-agung-appeal\/dsc02810\/\" rel=\"attachment wp-att-3679\"><img loading=\"lazy\" decoding=\"async\" class=\"wp-image-3679 aligncenter\" src=\"http:\/\/www.gaia-oasis.com\/wp-content\/uploads\/2017\/10\/DSC02810.jpg\" alt=\"DSC02810\" width=\"301\" height=\"201\" srcset=\"https:\/\/www.gaia-oasis.com\/wp-content\/uploads\/2017\/10\/DSC02810.jpg 1616w, https:\/\/www.gaia-oasis.com\/wp-content\/uploads\/2017\/10\/DSC02810-300x200.jpg 300w, https:\/\/www.gaia-oasis.com\/wp-content\/uploads\/2017\/10\/DSC02810-1024x684.jpg 1024w\" sizes=\"auto, (max-width: 301px) 100vw, 301px\" \/><\/a><\/p>\n<p>Zeitgleich zu diesem Spendenaufruf\u00a0 sind Tausende von Menschen auf der Flucht vor dem Vulkan Agung, einige von ihnen zu Fu\u00df. Sie m\u00fcssen ihren Wohnsitz verlassen und alles, was nicht essenziell oder machbar ist. Nur die Ausweisdokumente mitnehmen, ein Lieblingsspielzeug, Decken, ein paar Kleidungsst\u00fccke, zwei bis drei Schulsachen, einen Kochtopf, Gebetsgegenst\u00e4nde, ein Ernte- oder Schnitzmesser\u2026. Die Entscheidung was mitnehmen oder\u00a0 zur\u00fccklassen ist nicht leicht.<\/p>\n<p>Wir stehen Stunden, vielleicht auch Tage oder Wochen vor einem drohenden Vulkanausbruch hier in Bali, nachdem der Berg einige hundert Male erzittert ist, jedes Mal heftiger. Lautes Rumoren ist meilenweit in den umliegenden D\u00f6rfern zu h\u00f6ren.<\/p>\n<p>Vulkanausbr\u00fcche k\u00f6nnen f\u00fcr einige Monate andauern und die Region k\u00f6nnte f\u00fcr mindestens die n\u00e4chsten 12 Monate unbewohnbar werden. Solange m\u00fcssen sich Familen aufteilen, die M\u00e4nner eine Arbeit suchen als Saisonarbeiter in der Landwirtschaft oder in den St\u00e4dten, Frauen, Kinder und Gro\u00dfeltern in Evakuationslager gehen.<\/p>\n<p>Wir in der <a href=\"https:\/\/www.gaia-oasis.com\/de\/\">Gaia-Oasis <\/a>haben uns verpflichtet, im Evakuationslager unseres Ortes Tejakula mitzuhelfen. In Abstimmung mit den Dorf\u00e4ltesten und Evakuationscommittees entsenden wir t\u00e4glich zwei unserer Angestellten dortin zum Kochen. Au\u00dferdem stellen wir eine Filteranlage f\u00fcr Trinkwasser bereit (die noch r\u00fcckzufinanzieren ist), und 1.000 Pakete mit Schulb\u00fcchern und Schreibsachen f\u00fcr die Kinder. Das sind die dringendsten Bed\u00fcrfnisse.<\/p>\n<p>Mehr informationen dar\u00fcber, was vor Ort passiert, was in den n\u00e4chsten 12 Monaten ben\u00f6tigt wird und was wir dazu an Unterst\u00fctzung \u00fcbernehmen wollen, ist\u00a0 im beigef\u00fcgten <a href=\"http:\/\/www.gaia-oasis.com\/wp-content\/uploads\/2017\/10\/Gaia-Spendenaufruf-zum-Vulkan-Agung-in-Deutsch.pdf\">Bericht enthalten<\/a>. Bitte \u00fcberpr\u00fcfen Sie unser <a href=\"http:\/\/www.gaia-oasis.com\/wp-content\/uploads\/2017\/10\/Agung-Lagebericht-30-Nov-2017.pdf\">aktuelles Update<\/a> und die <a href=\"http:\/\/www.gaia-oasis.com\/wp-content\/uploads\/2017\/10\/Mt-Agung-Donation-Update-30-Nov-deutsch1.pdf\">Zusammenfassung der Spender<\/a>. Siehe auch aktuelle\u00a0 <a href=\"https:\/\/drive.google.com\/drive\/folders\/0B6mW2_QJcFtDLTF6b1c3a2tyTWM\">Fotos<\/a>. Die Menschen hier sind stark, auch wenn sich Familien aufteilen m\u00fcssen, und alle helfen mit.<\/p>\n<p>K\u00f6nntest Du Dich f\u00fcr eine Spende im Wert von 12 US-Dollar entschlie\u00dfen, um Schulpakete f\u00fcr 3 Kinder und die n\u00e4chsten 12 Monate zu finanzieren? Wenn Dir mehr m\u00f6glich ist f\u00fcr Wasser, sanit\u00e4re Einrichtungen, Decken, Gem\u00fcse und Reis ( andere Lebensmittel als Fertignudeln gibt es nur auf Spendenbasis), z\u00e4hlt jeder Dollar.<\/p>\n<p>100% Deiner Spenden (abz\u00fcglich Kreditkartengeb\u00fchren, wenn Du nicht per Bank \u00fcberweist) gehen direkt an die Evakuierten, Auf Vorschlag eines durchreisenden Besuchers und ohne unser Zutun hat uns das britische National Geographic Reisemagazin\u00a0 2017 f\u00fcr unser herausragendes soziales Engement\u00a0 zum \u201cHelden der Heimat\u201d gew\u00e4hlt!<\/p>\n<p>Schlie\u00df Dich all den anderen an, die uns bereits ihren Hilfsbeitrag f\u00fcr die Dorfbewohner im Umfeld des Vulkans Agung \u00fcbermittelt haben.<\/p>\n<p>Vielen Dank im Voraus f\u00fcr Deine freundliche Unterst\u00fctzung<\/p>\n<p>und herzliche Segensw\u00fcnsche<\/p>\n<p>Yayasan Gaia-Oasis<\/p>\n<p>&#8212;&#8212;&#8212;&#8212;&#8212;&#8212;&#8212;&#8212;&#8212;&#8212;&#8212;&#8211;<\/p>\n<p><strong>WIE SPENDEN<\/strong><\/p>\n<p>Mit <strong>Kreditkarte:<\/strong> <a href=\"https:\/\/www.gaia-oasis.com\/de\/zahlungen\/\">hier <\/a>klicken und\u00a0 &#8218;Yayasan&#8216; f\u00fcr Zahlung ausw\u00e4hlen. In der Box f\u00fcr Details &#8218;Agung&#8216; eintragen.<\/p>\n<p>Per <strong>Bank\u00fcberweisung: <\/strong>den gleichen Link anklicken. Wir haben ein balinesisches Konto f\u00fcr indonesische Rupia (IDR), ein deutsches Konto f\u00fcr Euro und ein australisches Konto f\u00fcr australische Dollar.<\/p>\n<p>Vielen Dank !!!<\/p>\n<p>&nbsp;<\/p>\n","protected":false},"excerpt":{"rendered":"<p>Zeitgleich zu diesem Spendenaufruf\u00a0 sind Tausende von Menschen auf der Flucht vor dem Vulkan Agung, einige von ihnen zu Fu\u00df. Sie m\u00fcssen ihren Wohnsitz verlassen und alles, was nicht essenziell [&hellip;]<\/p>\n","protected":false},"author":2,"featured_media":0,"parent":2151,"menu_order":1,"comment_status":"open","ping_status":"closed","template":"","meta":{"footnotes":""},"class_list":["post-3689","page","type-page","status-publish","hentry"],"_links":{"self":[{"href":"https:\/\/www.gaia-oasis.com\/de\/wp-json\/wp\/v2\/pages\/3689","targetHints":{"allow":["GET"]}}],"collection":[{"href":"https:\/\/www.gaia-oasis.com\/de\/wp-json\/wp\/v2\/pages"}],"about":[{"href":"https:\/\/www.gaia-oasis.com\/de\/wp-json\/wp\/v2\/types\/page"}],"author":[{"embeddable":true,"href":"https:\/\/www.gaia-oasis.com\/de\/wp-json\/wp\/v2\/users\/2"}],"replies":[{"embeddable":true,"href":"https:\/\/www.gaia-oasis.com\/de\/wp-json\/wp\/v2\/comments?post=3689"}],"version-history":[{"count":16,"href":"https:\/\/www.gaia-oasis.com\/de\/wp-json\/wp\/v2\/pages\/3689\/revisions"}],"predecessor-version":[{"id":3952,"href":"https:\/\/www.gaia-oasis.com\/de\/wp-json\/wp\/v2\/pages\/3689\/revisions\/3952"}],"up":[{"embeddable":true,"href":"https:\/\/www.gaia-oasis.com\/de\/wp-json\/wp\/v2\/pages\/2151"}],"wp:attachment":[{"href":"https:\/\/www.gaia-oasis.com\/de\/wp-json\/wp\/v2\/media?parent=3689"}],"curies":[{"name":"wp","href":"https:\/\/api.w.org\/{rel}","templated":true}]}}