{"id":4176,"date":"2017-12-15T08:14:10","date_gmt":"2017-12-15T08:14:10","guid":{"rendered":"http:\/\/www.gaia-oasis.com\/?page_id=4176"},"modified":"2017-12-15T08:14:10","modified_gmt":"2017-12-15T08:14:10","slug":"ziele-der-stiftung","status":"publish","type":"page","link":"https:\/\/www.gaia-oasis.com\/de\/gaia-foundation\/ziele-der-stiftung\/","title":{"rendered":"Ziele der Stiftung"},"content":{"rendered":"<p><a href=\"http:\/\/www.gaia-oasis.com\/gaia-foundation\/aims\/education-2\/\" rel=\"attachment wp-att-3763\"><img loading=\"lazy\" decoding=\"async\" class=\"wp-image-3763 aligncenter\" src=\"http:\/\/www.gaia-oasis.com\/wp-content\/uploads\/2017\/11\/Education.jpg\" alt=\"Education\" width=\"223\" height=\"223\" srcset=\"https:\/\/www.gaia-oasis.com\/wp-content\/uploads\/2017\/11\/Education.jpg 960w, https:\/\/www.gaia-oasis.com\/wp-content\/uploads\/2017\/11\/Education-80x80.jpg 80w, https:\/\/www.gaia-oasis.com\/wp-content\/uploads\/2017\/11\/Education-300x300.jpg 300w\" sizes=\"auto, (max-width: 223px) 100vw, 223px\" \/><\/a><\/p>\n<p>~\u00a0 die k\u00f6rperliche und geistige Gesundheit der Menschen ind Nordbali zu unterst\u00fctzen<br \/>\n~\u00a0 zur Erhaltung und Wiederherstellung der Umwelt an Land und im Meer beizutragen<br \/>\n~\u00a0 Bildungs- und Umweltprogramme in der Region zu f\u00f6rdern<br \/>\n~\u00a0 die \u00f6rtlichen Kinder zu ermutigen und zu erziehen, sich um ihre Umwelt und Gesundheit zu k\u00fcmmern und so zu einer besseren Zukunft f\u00fcr sich und ihre Familien beizutragen<br \/>\n~\u00a0 den Norden Balis zu einer Region des spirituellen Tourismus zu entwickeln,<br \/>\ninsbesondere den Bezirk Buleleng,<br \/>\n~\u00a0 nachhaltig gute Arbeitsbeziehungen mit der Gemeinde zu pflegen<\/p>\n","protected":false},"excerpt":{"rendered":"<p>~\u00a0 die k\u00f6rperliche und geistige Gesundheit der Menschen ind Nordbali zu unterst\u00fctzen ~\u00a0 zur Erhaltung und Wiederherstellung der Umwelt an Land und im Meer beizutragen ~\u00a0 Bildungs- und Umweltprogramme in [&hellip;]<\/p>\n","protected":false},"author":1,"featured_media":0,"parent":2151,"menu_order":1,"comment_status":"open","ping_status":"closed","template":"","meta":{"footnotes":""},"class_list":["post-4176","page","type-page","status-publish","hentry"],"_links":{"self":[{"href":"https:\/\/www.gaia-oasis.com\/de\/wp-json\/wp\/v2\/pages\/4176","targetHints":{"allow":["GET"]}}],"collection":[{"href":"https:\/\/www.gaia-oasis.com\/de\/wp-json\/wp\/v2\/pages"}],"about":[{"href":"https:\/\/www.gaia-oasis.com\/de\/wp-json\/wp\/v2\/types\/page"}],"author":[{"embeddable":true,"href":"https:\/\/www.gaia-oasis.com\/de\/wp-json\/wp\/v2\/users\/1"}],"replies":[{"embeddable":true,"href":"https:\/\/www.gaia-oasis.com\/de\/wp-json\/wp\/v2\/comments?post=4176"}],"version-history":[{"count":1,"href":"https:\/\/www.gaia-oasis.com\/de\/wp-json\/wp\/v2\/pages\/4176\/revisions"}],"predecessor-version":[{"id":4177,"href":"https:\/\/www.gaia-oasis.com\/de\/wp-json\/wp\/v2\/pages\/4176\/revisions\/4177"}],"up":[{"embeddable":true,"href":"https:\/\/www.gaia-oasis.com\/de\/wp-json\/wp\/v2\/pages\/2151"}],"wp:attachment":[{"href":"https:\/\/www.gaia-oasis.com\/de\/wp-json\/wp\/v2\/media?parent=4176"}],"curies":[{"name":"wp","href":"https:\/\/api.w.org\/{rel}","templated":true}]}}