{"id":4178,"date":"2017-12-15T08:17:23","date_gmt":"2017-12-15T08:17:23","guid":{"rendered":"http:\/\/www.gaia-oasis.com\/?page_id=4178"},"modified":"2017-12-15T09:38:31","modified_gmt":"2017-12-15T09:38:31","slug":"programme-der-stiftung","status":"publish","type":"page","link":"https:\/\/www.gaia-oasis.com\/de\/gaia-foundation\/programme-der-stiftung\/","title":{"rendered":"Programme der Stiftung"},"content":{"rendered":"<p>In Zusammenarbeit mit den \u00f6rtlichen Beh\u00f6rden und Gemeinden konzentrieren sich unsere Umweltprojekte auf Erziehung, Wiederherstellung von Fisch- und Korallenbest\u00e4nden, biologischen Anbau, M\u00fclltrennung und Recycling von Plastik. Wir unterst\u00fctzen Dorfbewohner auch dabei, sich neue Quellen des Lebensunterhalts zu er\u00f6ffnen<\/p>\n<table class=\"rates\" cellspacing=\"0\" cellpadding=\"0\">\n<tbody>\n<tr>\n<td>\n<table style=\"height: 62px;\" border=\"0\" width=\"818\" cellspacing=\"0\" cellpadding=\"0\">\n<tbody>\n<tr>\n<td id=\"text\" style=\"text-align: center;\" width=\"50%\"><span style=\"text-decoration: underline; color: #ff9900;\"><a href=\"https:\/\/www.gaia-oasis.com\/de\/gaia-foundation\/programme-der-stiftung\/schulbildung\/\"><span class=\"Apple-style-span\" style=\"color: #ff9900;\"><strong>SCHULBILDUNG<\/strong><\/span><\/a><\/span><\/td>\n<td id=\"text\" style=\"text-align: center;\" align=\"right\" width=\"50%\"><span style=\"text-decoration: underline; color: #ff9900;\"><a href=\"https:\/\/www.gaia-oasis.com\/de\/meer\/\"><span class=\"Apple-style-span\" style=\"color: #ff9900;\"><strong>MEER<\/strong><\/span><\/a><\/span><\/td>\n<\/tr>\n<tr>\n<td id=\"text\" style=\"text-align: center;\"><span class=\"Apple-style-span\">[slideshow_deploy id=&#8217;3522&#8242;]<\/span><\/td>\n<td id=\"text\" style=\"text-align: center;\" align=\"right\">[slideshow_deploy id=&#8217;3897&#8242;]<\/td>\n<\/tr>\n<\/tbody>\n<\/table>\n<\/td>\n<\/tr>\n<tr>\n<td>\n<table style=\"height: 60px;\" border=\"0\" width=\"816\" cellspacing=\"0\" cellpadding=\"0\">\n<tbody>\n<tr>\n<td id=\"text\" style=\"text-align: center;\" width=\"50%\"><span style=\"text-decoration: underline; color: #ff9900;\"><a href=\"https:\/\/www.gaia-oasis.com\/de\/wasser\/\"><span class=\"Apple-style-span\" style=\"color: #ff9900;\"><strong>WASSER<\/strong><\/span><\/a><\/span><\/td>\n<td id=\"text\" style=\"text-align: center;\" align=\"right\" width=\"50%\"><span class=\"Apple-style-span\"><strong><span style=\"text-decoration: underline; color: #ff9900;\"><a href=\"https:\/\/www.gaia-oasis.com\/de\/gaia-foundation\/programme-der-stiftung\/plastik-und-mull\/\"><span style=\"color: #ff9900; text-decoration: underline;\">PLASTIK UND MUELL<\/span><\/a><\/span><br \/>\n<\/strong><\/span><\/td>\n<\/tr>\n<tr>\n<td id=\"text\" style=\"text-align: center;\">[slideshow_deploy id=&#8217;3898&#8242;]<\/td>\n<td id=\"text\" style=\"text-align: center;\" align=\"right\">[slideshow_deploy id=&#8217;3764&#8242;]<\/td>\n<\/tr>\n<\/tbody>\n<\/table>\n<\/td>\n<\/tr>\n<tr>\n<td>\n<table style=\"height: 63px;\" border=\"0\" width=\"818\" cellspacing=\"0\" cellpadding=\"0\">\n<tbody>\n<tr>\n<td id=\"text\" style=\"text-align: center;\" width=\"50%\"><span style=\"text-decoration: underline; color: #ff9900;\"><a href=\"https:\/\/www.gaia-oasis.com\/de\/landbau\/\"><span class=\"Apple-style-span\" style=\"color: #ff9900;\"><strong>LANDBAU<\/strong><\/span><\/a><\/span><\/td>\n<td id=\"text\" style=\"text-align: center;\" align=\"right\" width=\"50%\"><span style=\"text-decoration: underline; color: #ff9900;\"><a href=\"https:\/\/www.gaia-oasis.com\/de\/kultur\/\"><span class=\"Apple-style-span\" style=\"color: #ff9900;\"><strong>KULTUR<\/strong><\/span><\/a><\/span><\/td>\n<\/tr>\n<tr>\n<td id=\"text\" style=\"text-align: center;\">[slideshow_deploy id=&#8217;3863&#8242;]<\/td>\n<td id=\"text\" style=\"text-align: center;\" align=\"right\">[slideshow_deploy id=&#8217;3773&#8242;]<\/td>\n<\/tr>\n<\/tbody>\n<\/table>\n<\/td>\n<\/tr>\n<tr>\n<td>\n<table style=\"height: 65px;\" border=\"0\" width=\"818\" cellspacing=\"0\" cellpadding=\"0\">\n<tbody>\n<tr>\n<td id=\"text\" style=\"text-align: center;\" width=\"50%\"><span class=\"Apple-style-span\"><strong><span style=\"text-decoration: underline; color: #ff9900;\"><a href=\"https:\/\/www.gaia-oasis.com\/de\/besondere-zielgruppen\/\"><span style=\"color: #ff9900; text-decoration: underline;\">BESONDERE ZIELGRUPPEN<\/span><\/a><\/span><br \/>\n<\/strong><\/span><\/td>\n<td id=\"text\" style=\"text-align: center;\" align=\"right\" width=\"50%\"><span style=\"text-decoration: underline; color: #ff9900;\"><a href=\"https:\/\/www.gaia-oasis.com\/de\/gaia-foundation\/mount-agung-spendenaufruf\/\"><span class=\"Apple-style-span\" style=\"color: #ff9900;\"><strong>MOUNT AGUNG SPENDENAUFRUF<\/strong><\/span><\/a><\/span><\/td>\n<\/tr>\n<tr>\n<td id=\"text\" style=\"text-align: center;\">[slideshow_deploy id=&#8217;3900&#8242;]<\/td>\n<td id=\"text\" style=\"text-align: center;\" align=\"right\">[slideshow_deploy id=&#8217;3902&#8242;]<\/td>\n<\/tr>\n<\/tbody>\n<\/table>\n<\/td>\n<\/tr>\n<\/tbody>\n<\/table>\n","protected":false},"excerpt":{"rendered":"<p>In Zusammenarbeit mit den \u00f6rtlichen Beh\u00f6rden und Gemeinden konzentrieren sich unsere Umweltprojekte auf Erziehung, Wiederherstellung von Fisch- und Korallenbest\u00e4nden, biologischen Anbau, M\u00fclltrennung und Recycling von Plastik. Wir unterst\u00fctzen Dorfbewohner auch [&hellip;]<\/p>\n","protected":false},"author":1,"featured_media":0,"parent":2151,"menu_order":0,"comment_status":"open","ping_status":"closed","template":"","meta":{"footnotes":""},"class_list":["post-4178","page","type-page","status-publish","hentry"],"_links":{"self":[{"href":"https:\/\/www.gaia-oasis.com\/de\/wp-json\/wp\/v2\/pages\/4178","targetHints":{"allow":["GET"]}}],"collection":[{"href":"https:\/\/www.gaia-oasis.com\/de\/wp-json\/wp\/v2\/pages"}],"about":[{"href":"https:\/\/www.gaia-oasis.com\/de\/wp-json\/wp\/v2\/types\/page"}],"author":[{"embeddable":true,"href":"https:\/\/www.gaia-oasis.com\/de\/wp-json\/wp\/v2\/users\/1"}],"replies":[{"embeddable":true,"href":"https:\/\/www.gaia-oasis.com\/de\/wp-json\/wp\/v2\/comments?post=4178"}],"version-history":[{"count":4,"href":"https:\/\/www.gaia-oasis.com\/de\/wp-json\/wp\/v2\/pages\/4178\/revisions"}],"predecessor-version":[{"id":4215,"href":"https:\/\/www.gaia-oasis.com\/de\/wp-json\/wp\/v2\/pages\/4178\/revisions\/4215"}],"up":[{"embeddable":true,"href":"https:\/\/www.gaia-oasis.com\/de\/wp-json\/wp\/v2\/pages\/2151"}],"wp:attachment":[{"href":"https:\/\/www.gaia-oasis.com\/de\/wp-json\/wp\/v2\/media?parent=4178"}],"curies":[{"name":"wp","href":"https:\/\/api.w.org\/{rel}","templated":true}]}}