{"id":4181,"date":"2017-12-15T08:29:09","date_gmt":"2017-12-15T08:29:09","guid":{"rendered":"http:\/\/www.gaia-oasis.com\/?page_id=4181"},"modified":"2017-12-15T08:29:09","modified_gmt":"2017-12-15T08:29:09","slug":"schulbildung","status":"publish","type":"page","link":"https:\/\/www.gaia-oasis.com\/de\/gaia-foundation\/programme-der-stiftung\/schulbildung\/","title":{"rendered":"Schulbildung"},"content":{"rendered":"<p><a href=\"http:\/\/www.gaia-oasis.com\/gaia-foundation\/gaia-oasis-foundation\/education\/olympus-digital-camera-2\/\" rel=\"attachment wp-att-3757\"><img loading=\"lazy\" decoding=\"async\" class=\"wp-image-3757 aligncenter\" src=\"http:\/\/www.gaia-oasis.com\/wp-content\/uploads\/2017\/11\/Education-3.jpg\" alt=\"OLYMPUS DIGITAL CAMERA\" width=\"309\" height=\"206\" srcset=\"https:\/\/www.gaia-oasis.com\/wp-content\/uploads\/2017\/11\/Education-3.jpg 1000w, https:\/\/www.gaia-oasis.com\/wp-content\/uploads\/2017\/11\/Education-3-300x199.jpg 300w\" sizes=\"auto, (max-width: 309px) 100vw, 309px\" \/><\/a><\/p>\n<p><strong>Schulkindern eine bessere Zukunft erm\u00f6glichen\u00a0\u00a0\u00a0\u00a0\u00a0\u00a0\u00a0\u00a0\u00a0\u00a0\u00a0\u00a0\u00a0\u00a0\u00a0\u00a0\u00a0\u00a0\u00a0\u00a0\u00a0\u00a0 <\/strong><\/p>\n<p>Etwa 50% der Menschen in Tejakula werden als arm eingestuft. Die Bergregionen um Tejakula beheimaten auch Fl\u00fcchtlingsgemeinden, die nach dem letzten Ausbruch des Vulkans Agung 1963 hier angekommen sind.<\/p>\n<p>Viele Arbeiter-, Fischer- und Bauernfamilien leben unter der Armutsgrenze, und die Sch\u00fcler der Bergregionen kommen haupts\u00e4chlich von armen Landp\u00e4chterfamilien, die sich eine Studienfinanzierung nicht leisten k\u00f6nnen. Die meisten Kinder m\u00fcssen t\u00e4glich im Haushalt und in der Landwirtschaft mithelfen und ihre Abwesenheitsrate in der Schule ist eher hoch.<\/p>\n<p>Au\u00dferdem steigen viele begabte Sch\u00fcler nach der Grund- oder Mittelschule aus, weil sie sich die neuen Uniformen und B\u00fccher f\u00fcr die n\u00e4chste Stufe der Schulausbildung nicht leisten k\u00f6nnen. Typischerweise gehen sie dazu \u00fcber, ihre Eltern auf den Feldern zu unterst\u00fctzen oder Arbeit in den n\u00e4chstgelegenen St\u00e4dten zu suchen.<\/p>\n<p><strong>Wie werden die Spenden verwendet <\/strong><\/p>\n<p>Beginnend mit 21 kleineren Stipendien im Jahre 2008, hat Yayasan gegenw\u00e4rtig 50 Sch\u00fclern Stipendien im Gesamtwert von 4.000 US-Dollar anbieten k\u00f6nnen. Diese dienen zur Finanzierung der n\u00e4chsten Ausbildungsstufe (von der Grundschule zur Mittelschule oder von dieser zur Oberschule), die nicht von der Regierung \u00fcbernommen wird. Sch\u00fcler im \u00dcbergang zwischen den Stufen haben keinen Anspruch auf staatliche Stipendien und k\u00f6nnen sich vielfach die neuen Schuluniformen, B\u00fccher und Geb\u00fchren f\u00fcr die n\u00e4chste Stufe nicht leisten.<\/p>\n<p><strong>\u2026 manchmal m\u00fchsam, aber\u2026<\/strong><\/p>\n<p>Ein 11-j\u00e4hriges M\u00e4dchen hatte noch 6 Monate bis zum Abschluss der Grundschule und von Yayasan ein Stipendium in Aussicht. Gleichzeitig bot der Schulleiter an, sie aufzunehmen, zu versorgen und ihre Studien zu beaufsichtigen. Die Eltern lehnten ab. Sie hatten f\u00fcr sie eine Anstellung als Dienstm\u00e4dchen in Denpasar organisiert.<\/p>\n<p>Ein anderer Junge erhielt ein Stipendium von Yayasan zwischen Grund- und Mittelschule und dann f\u00fcr weitere zwei Jahre als Spitzensch\u00fcler, der seine Schule bei der Mathematik-Olympiade des Bezirks vertrat. Nach Abschluss der Mittelstufe bewarb er sich erfolgreich um ein Stipendium an Bali Mandara, einer f\u00fchrenden Schule f\u00fcr begabte, aber arme Sch\u00fcler. Diese absolvierte er als Klassenbester und erhielt ein Stipendium f\u00fcr ITB, eine der besten Universit\u00e4ten in Indonesien. Jetzt will er sich um ein Stipendium in \u00dcbersee bem\u00fchen und Gaia hilft ihm dabei.<\/p>\n<p><strong>\u2026 besondere Unterst\u00fctzung f\u00fcr die Bergschulen \u2026<\/strong><\/p>\n<p>Neben unserem Engagement in Tejakula unterst\u00fctzt Yayasan Grundschulen in Selombo, Bondalem und neuerdings auch in Kutuh, einem abgelegenen Ort in den Bergen hinter der Gaia-Oasis. Bondalem hat 9 Grundschulen, Kutuh ist ein altes Dorf mit reichem kuturellem Erbe und hat nur eine davon. Unsere Unterst\u00fctzung umfasst<\/p>\n<ul>\n<li>Nahrungserg\u00e4nzung f\u00fcr die Sch\u00fcler alle 14 Tage<\/li>\n<li>Arbeitsmaterialien wie Schreibhefte und -Stifte<\/li>\n<li>Aufbesserung von Lehrerhonoraren und Bestellung eines Englischlehrers<\/li>\n<li>Nachhilfeunterricht in Englisch und Mathematik, in der Schule und bei uns im Abasan-Resort<\/li>\n<li>Zusatzangebote f\u00fcr die Sch\u00fcler wie balinesischer Tanz, Yoga usw.<\/li>\n<\/ul>\n<p>Je nach den besonderen Gegebenheiten haben wir auch Schuluniformen, sowie Schirme und Regenm\u00e4ntel w\u00e4hrend der Regenzeit zur Verf\u00fcgung gestellt, Wassertanks gebaut, Unterricht zu Umweltschutz und Abfallentsorgung angeboten oder als Motivationsquelle Wettbewerbe zwischen Schulen oder im Bezirk organisiert.<\/p>\n<p>** <em>Jeder Dollar, den Sie hierf\u00fcr spenden, kommt zu 100% den Bergschulen zugute oder Stipendien, um Sch\u00fclern die n\u00e4chste Ausbildungsstufe erm\u00f6glichen**<\/em><\/p>\n","protected":false},"excerpt":{"rendered":"<p>Schulkindern eine bessere Zukunft erm\u00f6glichen\u00a0\u00a0\u00a0\u00a0\u00a0\u00a0\u00a0\u00a0\u00a0\u00a0\u00a0\u00a0\u00a0\u00a0\u00a0\u00a0\u00a0\u00a0\u00a0\u00a0\u00a0\u00a0 Etwa 50% der Menschen in Tejakula werden als arm eingestuft. Die Bergregionen um Tejakula beheimaten auch Fl\u00fcchtlingsgemeinden, die nach dem letzten Ausbruch des Vulkans Agung [&hellip;]<\/p>\n","protected":false},"author":1,"featured_media":0,"parent":4178,"menu_order":1,"comment_status":"open","ping_status":"closed","template":"","meta":{"footnotes":""},"class_list":["post-4181","page","type-page","status-publish","hentry"],"_links":{"self":[{"href":"https:\/\/www.gaia-oasis.com\/de\/wp-json\/wp\/v2\/pages\/4181","targetHints":{"allow":["GET"]}}],"collection":[{"href":"https:\/\/www.gaia-oasis.com\/de\/wp-json\/wp\/v2\/pages"}],"about":[{"href":"https:\/\/www.gaia-oasis.com\/de\/wp-json\/wp\/v2\/types\/page"}],"author":[{"embeddable":true,"href":"https:\/\/www.gaia-oasis.com\/de\/wp-json\/wp\/v2\/users\/1"}],"replies":[{"embeddable":true,"href":"https:\/\/www.gaia-oasis.com\/de\/wp-json\/wp\/v2\/comments?post=4181"}],"version-history":[{"count":1,"href":"https:\/\/www.gaia-oasis.com\/de\/wp-json\/wp\/v2\/pages\/4181\/revisions"}],"predecessor-version":[{"id":4182,"href":"https:\/\/www.gaia-oasis.com\/de\/wp-json\/wp\/v2\/pages\/4181\/revisions\/4182"}],"up":[{"embeddable":true,"href":"https:\/\/www.gaia-oasis.com\/de\/wp-json\/wp\/v2\/pages\/4178"}],"wp:attachment":[{"href":"https:\/\/www.gaia-oasis.com\/de\/wp-json\/wp\/v2\/media?parent=4181"}],"curies":[{"name":"wp","href":"https:\/\/api.w.org\/{rel}","templated":true}]}}