{"id":4183,"date":"2017-12-15T08:32:47","date_gmt":"2017-12-15T08:32:47","guid":{"rendered":"http:\/\/www.gaia-oasis.com\/?page_id=4183"},"modified":"2017-12-15T08:32:47","modified_gmt":"2017-12-15T08:32:47","slug":"meer","status":"publish","type":"page","link":"https:\/\/www.gaia-oasis.com\/de\/meer\/","title":{"rendered":"Meer"},"content":{"rendered":"<p><a href=\"http:\/\/www.gaia-oasis.com\/meer\/head-ocean\/\" rel=\"attachment wp-att-3881\"><img loading=\"lazy\" decoding=\"async\" class=\"wp-image-3881 aligncenter\" src=\"http:\/\/www.gaia-oasis.com\/wp-content\/uploads\/2017\/12\/head-Ocean.jpg\" alt=\"head Ocean\" width=\"389\" height=\"215\" srcset=\"https:\/\/www.gaia-oasis.com\/wp-content\/uploads\/2017\/12\/head-Ocean.jpg 2318w, https:\/\/www.gaia-oasis.com\/wp-content\/uploads\/2017\/12\/head-Ocean-300x166.jpg 300w, https:\/\/www.gaia-oasis.com\/wp-content\/uploads\/2017\/12\/head-Ocean-1024x566.jpg 1024w\" sizes=\"auto, (max-width: 389px) 100vw, 389px\" \/><\/a><\/p>\n<p><strong>Gemeinsam st\u00e4rker<\/strong><\/p>\n<p>2007 startete Yayasan in Zusammenarbeit mit der \u00f6rtlichen Fischerei-Kooperative die Kampagne \u201cRettet das Riff\u201d, weil das Korallenriff vor unserem K\u00fcstenstreifen stark besch\u00e4digt war und die Fischbest\u00e4nde abnahmen.<\/p>\n<p>Seither helfen wir zusammen mit den lokalen Fischern und \u201cReef Check Indonesia\u201d bei der Einf\u00fchrung von Gesetzes\u00e4nderungen f\u00fcr betroffene Organisationen, den Ort und den Bezirk. Unser Strand wurde 2009 als \u00f6rtliches Marineverwaltungsgebiet ausgewiesen und 2011 schlossen wir uns mit 4 weiteren D\u00f6rfern zusammen, um f\u00fcr Ost Buleleng ein Marineschutzgebiet auf Bezirksebene zu bilden.<\/p>\n<p>Heute nehmen Marineschutzgebiete unter \u00f6rtlicher Verwaltung 14.040 Hektar an der ganzen Nordk\u00fcste des Bezirks Buleleng ein. Diese Gemeinschaftsinitiative von lokalen Gemeinden, NGO\u00b4s, Bezirk und Marine gewann 20014 den zweiten Preis bei den Auszeichnungen der Internationalen Korallenriff Allianz.<\/p>\n<p><strong>Riffe wiederherstellen und \u00fcberwachen<\/strong><\/p>\n<p>2009 haben wir 27 k\u00fcnstliche Riffe in Sechsecksform vor unserem Strandresort Pantai installiert. Diese haben inzwischen gut Form angenommen, mit neuem Korallenwachstum an der Oberfl\u00e4che als Wohn- und Brutst\u00e4tte f\u00fcr viele Fischarten. Au\u00dferdem brechen sie die Kraft der Wellen und lindern die Erosion.<\/p>\n<p>Danach wurden noch zwei elektrische Riffe installiert, um die Kalksteinbildung zu beschleunigen, sowie mehrere Felspfeiler, um die nat\u00fcrliche Riffbildung anzuregen.<\/p>\n<p>Neuerdings f\u00f6rdern wir j\u00e4hrliche \u00dcberwachungsaktivit\u00e4ten durch Wissenschaftler, Studenten, lokale Fischer, Taucher und andere Sympathisanten.<\/p>\n<p><strong>Die \u00f6rtlichen Fischer st\u00e4rken<\/strong><\/p>\n<p>Yayasan hat zusammen mit Partnern die \u00f6rtlichen Fischer bei folgenden Initiativen unterst\u00fctzt:<\/p>\n<p>16 Fischer bieten gemeinsam \u00f6kologisch bewusste Delphintouren an, die Delphine begleiten aber niemals jagen; ein Prozentanteil der Einnahmen wird f\u00fcr den Meeresschutz verwendet.<\/p>\n<p>7 Fischer aus Tejakula wurden als Taucher ausgebildet und unterst\u00fctzen \u201cReef Check\u201d bei der Unterwasser\u00fcberwachung. 5 von ihnen sind bereits voll zertifiert, 2 sind es in K\u00fcrze.<\/p>\n<p>2 Fischer befinden sich in Ausbildung zu Tauchlehrern an Tauchschulen nahe Tulamben und zwei weitere werden noch folgen. Die Finanzmittel zur Er\u00f6ffnung einer kleinen Tauchschule in Tejakula sind f\u00fcr n\u00e4chstes Jahr gesichert.<\/p>\n<p>Ein Patrouillenteam wurde gebildet, um die Bev\u00f6lkerung aufzukl\u00e4ren und um die Riffe gegen Besch\u00e4digung und Bombardierung mit Zyanid zu sch\u00fctzen.<\/p>\n<p>Die Baruna Bhrata Fischerkooperative wurde bei Antr\u00e4gen und Finanzberichten an die Regierung und andere Spender unterst\u00fctzt. Sie hat einen bedeutenden Zuschuss f\u00fcr ein elektrisches Riff in Tejakula erhalten.<\/p>\n<p>Ein Antrag f\u00fcr weitere Forschungs- und Erhaltungsaktivit\u00e4ten in Tejakula ist unterwegs, das nicht nur Schildkr\u00f6ten als Nistplatz dient, sondern auch Delphinen als Brut-, Schlaf und Futtersuchst\u00e4tte.<\/p>\n<p><strong>Umwelterziehung und regelm\u00e4\u00dfige Reinigungsaktionen<\/strong><\/p>\n<p>Schulkinder und Lehrer an vier Schulen wurden in Umweltschutz-Workshops, -Clubs, und -Programmen unterrichtet und mit Informationsmaterialien versorgt.<\/p>\n<p>Zusammen mit Schulkindern, Beh\u00f6rden, \u00f6rtlichen und internationalen Freiwilligen f\u00fchren wir regelm\u00e4\u00dfig Reinigungsaktionen f\u00fcr die K\u00fcste und Riffe durch, um sie von Plastikm\u00fcll usw. zu s\u00e4ubern.<\/p>\n","protected":false},"excerpt":{"rendered":"<p>Gemeinsam st\u00e4rker 2007 startete Yayasan in Zusammenarbeit mit der \u00f6rtlichen Fischerei-Kooperative die Kampagne \u201cRettet das Riff\u201d, weil das Korallenriff vor unserem K\u00fcstenstreifen stark besch\u00e4digt war und die Fischbest\u00e4nde abnahmen. Seither [&hellip;]<\/p>\n","protected":false},"author":1,"featured_media":0,"parent":0,"menu_order":0,"comment_status":"open","ping_status":"closed","template":"","meta":{"footnotes":""},"class_list":["post-4183","page","type-page","status-publish","hentry"],"_links":{"self":[{"href":"https:\/\/www.gaia-oasis.com\/de\/wp-json\/wp\/v2\/pages\/4183","targetHints":{"allow":["GET"]}}],"collection":[{"href":"https:\/\/www.gaia-oasis.com\/de\/wp-json\/wp\/v2\/pages"}],"about":[{"href":"https:\/\/www.gaia-oasis.com\/de\/wp-json\/wp\/v2\/types\/page"}],"author":[{"embeddable":true,"href":"https:\/\/www.gaia-oasis.com\/de\/wp-json\/wp\/v2\/users\/1"}],"replies":[{"embeddable":true,"href":"https:\/\/www.gaia-oasis.com\/de\/wp-json\/wp\/v2\/comments?post=4183"}],"version-history":[{"count":2,"href":"https:\/\/www.gaia-oasis.com\/de\/wp-json\/wp\/v2\/pages\/4183\/revisions"}],"predecessor-version":[{"id":4185,"href":"https:\/\/www.gaia-oasis.com\/de\/wp-json\/wp\/v2\/pages\/4183\/revisions\/4185"}],"wp:attachment":[{"href":"https:\/\/www.gaia-oasis.com\/de\/wp-json\/wp\/v2\/media?parent=4183"}],"curies":[{"name":"wp","href":"https:\/\/api.w.org\/{rel}","templated":true}]}}