{"id":4187,"date":"2017-12-15T08:36:43","date_gmt":"2017-12-15T08:36:43","guid":{"rendered":"http:\/\/www.gaia-oasis.com\/?page_id=4187"},"modified":"2022-02-12T04:14:42","modified_gmt":"2022-02-11T20:14:42","slug":"wasser","status":"publish","type":"page","link":"https:\/\/www.gaia-oasis.com\/de\/wasser\/","title":{"rendered":"Wasser"},"content":{"rendered":"<p><a href=\"http:\/\/www.gaia-oasis.com\/water\/water-cover\/\" rel=\"attachment wp-att-4168\"><img loading=\"lazy\" decoding=\"async\" class=\"wp-image-4168 aligncenter\" src=\"http:\/\/www.gaia-oasis.com\/wp-content\/uploads\/2017\/11\/Water-cover.jpg\" alt=\"Water cover\" width=\"214\" height=\"253\" srcset=\"https:\/\/www.gaia-oasis.com\/wp-content\/uploads\/2017\/11\/Water-cover.jpg 2919w, https:\/\/www.gaia-oasis.com\/wp-content\/uploads\/2017\/11\/Water-cover-253x300.jpg 253w, https:\/\/www.gaia-oasis.com\/wp-content\/uploads\/2017\/11\/Water-cover-865x1024.jpg 865w\" sizes=\"auto, (max-width: 214px) 100vw, 214px\" \/><\/a><\/p>\n<p>Gegenw\u00e4rtig gelten mehr als 60% von Balis Grundwasserquellen als ersch\u00f6pft. Weil jeder dritte Arbeitsplatz vom Tourismus abhh\u00e4ngt, hei\u00dft Bali trotzdem nach wie vor Touristen willkommen, obwohl die Zahl der Touristen das Doppelte der Einwohnerzahl betr\u00e4gt und ein Tourist durchschnittlich das 15-Fache an Wasser verbraucht.<\/p>\n<p>Gaia-Oasis liegt in Tejakula, wo die Wasserversorgung nicht durch die Regierung erfolgt. Die Einwohner Tejakulas haben sich entschieden, eine eigene Wasserversorgung f\u00fcr Landwirtschaft und Trinkwasser durch das Wasserkollektiv \u201cSubak\u201d sicherzustellen.<\/p>\n<p>Subak bezieht sein Wasser aus den nat\u00fcrlichen Quellen der umgebenden H\u00fcgellandschaft. Es zu sammeln, speichern und in Rohren durch h\u00fcgelig-rauhes Gel\u00e4nde in die entlegenen Bergregionen zu leiten, ist zeitaufwendig, teuer und nicht ungef\u00e4hrlich. Unser Bergresort Abasan hatte aufgrund von Leitungssch\u00e4den und daraus resultierenden Unterbrechungen h\u00e4ufig ernste Probleme mit der Wasserversorgung. Im Gefolge eines Tornados mit Sturzfluten und Erdrutschen im Januar 2017 war Abasan f\u00fcr 3 Monate ohne frisches Wasser.<\/p>\n<p>Bei solchen Unterbrechungen m\u00fcssen Einheimische von Abasan ohne ausreichendes Wassser einige Meilen zu einem \u201cWasssertempel\u201d gehen, um zu baden oder Wasser zum Waschen und Kochen zu holen. F\u00fcr Familien mit kleinem bis mittlerem Einkommen und ohne Motorrad belaufen sich allein die Kosten f\u00fcr die Besorgung von Wasser zum Trinken und Kochen auf bis zu 40% ihres Einkommens.<\/p>\n<p>Seit 2016 hat Yayasan mit den Wasserkollektiven und gro\u00dfz\u00fcgigen Spenden unserer Yogagruppen daran gearbeitet<\/p>\n<p>&#8211;&nbsp;&nbsp;&nbsp;&nbsp;&nbsp;&nbsp;&nbsp;&nbsp;&nbsp; Wasserrohre auf weniger gef\u00e4hrlichen Trasssen neu zu verlegen<br \/>\n&#8211;&nbsp;&nbsp;&nbsp;&nbsp;&nbsp;&nbsp;&nbsp;&nbsp;&nbsp; Die Hauptleitung f\u00fcr Tejakula nach Erdrutschen zu reparieren<br \/>\n&#8211;&nbsp;&nbsp;&nbsp;&nbsp;&nbsp;&nbsp;&nbsp;&nbsp;&nbsp; Eine eigene Leitung f\u00fcr das Wasserkollektiv von Selombo zu bauen<br \/>\n&#8211;&nbsp;&nbsp;&nbsp;&nbsp;&nbsp;&nbsp;&nbsp;&nbsp;&nbsp; F\u00fcr unsere Nachbarn von Abasan die als Wasserleitung genutzte (unsichere!) Stromleitung durch ungef\u00e4hrliche Trinkwasserrohre zu ersetzen<\/p>\n<p>2017 ist Yayasan Vereinbarungen zur Erschlie\u00dfung neuer Wassserquellen eingegangen, aufgrund derer wir unseren Nachbarn mehr Wasser zur Verf\u00fcgung stellen k\u00f6nnen. Wir praktizieren weiterhin verantwortungsbewusstes Wasserrmanagement und Abwasseraufbereitung in unseren Anlagen. Dadurch wollen wir sicherstellen, dass das reine Wasser, das wir aus den Bergen beziehen, sauber und wiederverwendbar in die Erde zur\u00fcckkehrt.<\/p>\n<p>Auf balinesischer Ebene ist Yayasan im Kontakt mit Forschern der Stiftung IDEP, um ihr Wassermanagement-Programm und ihre Gesamtvorhaben zur F\u00f6rderung einer nachhaltigen Lebensweise zu unterst\u00fctzen.<\/p>\n","protected":false},"excerpt":{"rendered":"<p>Gegenw\u00e4rtig gelten mehr als 60% von Balis Grundwasserquellen als ersch\u00f6pft. Weil jeder dritte Arbeitsplatz vom Tourismus abhh\u00e4ngt, hei\u00dft Bali trotzdem nach wie vor Touristen willkommen, obwohl die Zahl der Touristen [&hellip;]<\/p>\n","protected":false},"author":1,"featured_media":0,"parent":0,"menu_order":0,"comment_status":"closed","ping_status":"closed","template":"","meta":{"footnotes":""},"class_list":["post-4187","page","type-page","status-publish","hentry"],"_links":{"self":[{"href":"https:\/\/www.gaia-oasis.com\/de\/wp-json\/wp\/v2\/pages\/4187","targetHints":{"allow":["GET"]}}],"collection":[{"href":"https:\/\/www.gaia-oasis.com\/de\/wp-json\/wp\/v2\/pages"}],"about":[{"href":"https:\/\/www.gaia-oasis.com\/de\/wp-json\/wp\/v2\/types\/page"}],"author":[{"embeddable":true,"href":"https:\/\/www.gaia-oasis.com\/de\/wp-json\/wp\/v2\/users\/1"}],"replies":[{"embeddable":true,"href":"https:\/\/www.gaia-oasis.com\/de\/wp-json\/wp\/v2\/comments?post=4187"}],"version-history":[{"count":2,"href":"https:\/\/www.gaia-oasis.com\/de\/wp-json\/wp\/v2\/pages\/4187\/revisions"}],"predecessor-version":[{"id":5067,"href":"https:\/\/www.gaia-oasis.com\/de\/wp-json\/wp\/v2\/pages\/4187\/revisions\/5067"}],"wp:attachment":[{"href":"https:\/\/www.gaia-oasis.com\/de\/wp-json\/wp\/v2\/media?parent=4187"}],"curies":[{"name":"wp","href":"https:\/\/api.w.org\/{rel}","templated":true}]}}