{"id":4189,"date":"2017-12-15T08:39:24","date_gmt":"2017-12-15T08:39:24","guid":{"rendered":"http:\/\/www.gaia-oasis.com\/?page_id=4189"},"modified":"2017-12-15T08:39:24","modified_gmt":"2017-12-15T08:39:24","slug":"plastik-und-mull","status":"publish","type":"page","link":"https:\/\/www.gaia-oasis.com\/de\/gaia-foundation\/programme-der-stiftung\/plastik-und-mull\/","title":{"rendered":"Plastik und M\u00fcll"},"content":{"rendered":"<p><a href=\"http:\/\/www.gaia-oasis.com\/gaia-foundation\/gaia-oasis-foundation\/about-2\/plastic-iv\/\" rel=\"attachment wp-att-3768\"><img loading=\"lazy\" decoding=\"async\" class=\"wp-image-3768 aligncenter\" src=\"http:\/\/www.gaia-oasis.com\/wp-content\/uploads\/2017\/11\/Plastic-IV.jpg\" alt=\"Plastic IV\" width=\"257\" height=\"193\" srcset=\"https:\/\/www.gaia-oasis.com\/wp-content\/uploads\/2017\/11\/Plastic-IV.jpg 960w, https:\/\/www.gaia-oasis.com\/wp-content\/uploads\/2017\/11\/Plastic-IV-300x225.jpg 300w\" sizes=\"auto, (max-width: 257px) 100vw, 257px\" \/><\/a><\/p>\n<p><strong>Abfallmanagement in Tejakula<\/strong><\/p>\n<p>Sch\u00e4tzungen zufolge wird weniger als 50% des Abfalls in Bali eingesammelt und richtig entsorgt, und die Situation in Tejakula war nicht anders bis 2010, als der B\u00fcrgermeister von Tejakula ein Projekt f\u00fcr M\u00fcllentsorgung und Recycling initiierte. Bis dahin gab es keine M\u00fcllhalde und keine M\u00fcllabfuhr, und die D\u00f6rfer verbrannten ihren Abfall oder kippten ihn in den n\u00e4chstgelegenen Fluss.<\/p>\n<p>Gaia-Oasis unterst\u00fctzt dieses Projekt, das abzielt auf<\/p>\n<p>&#8211;\u00a0\u00a0\u00a0\u00a0\u00a0\u00a0\u00a0\u00a0\u00a0 eine regelm\u00e4\u00dfige M\u00fcllabfuhr und \u2013Entsorgung f\u00fcr die Dorfbewohner<br \/>\n&#8211;\u00a0\u00a0\u00a0\u00a0\u00a0\u00a0\u00a0\u00a0\u00a0 eine M\u00fcllhalde und eine M\u00fcllaufbereitungsanlage f\u00fcr das Dorf<br \/>\n&#8211;\u00a0\u00a0\u00a0\u00a0\u00a0\u00a0\u00a0\u00a0\u00a0 eine Reduktion der verbrannten M\u00fcllmenge<br \/>\n&#8211;\u00a0\u00a0\u00a0\u00a0\u00a0\u00a0\u00a0\u00a0\u00a0 eine Reduktion der unbedachten M\u00fcllentsorgung in Fl\u00fcssen, Feldern und an Stra\u00dfen<br \/>\n&#8211;\u00a0\u00a0\u00a0\u00a0\u00a0\u00a0\u00a0\u00a0\u00a0 Anreize f\u00fcr eine Trennung von Plastik- und Biom\u00fcll Matterial<br \/>\n&#8211;\u00a0\u00a0\u00a0\u00a0\u00a0\u00a0\u00a0\u00a0\u00a0 den Verkauf von wiederverwendbarem Plastik und recyclingf\u00e4higem<br \/>\n&#8211;\u00a0\u00a0\u00a0\u00a0\u00a0\u00a0\u00a0\u00a0\u00a0 eine Kompostierung von Biom\u00fcll<\/p>\n<p><strong>Unterst\u00fctzung durch Gaia<\/strong><\/p>\n<p>Gaia hat dieses Projekt unterst\u00fctzt durch<\/p>\n<p>&#8211;\u00a0\u00a0\u00a0\u00a0\u00a0\u00a0\u00a0\u00a0\u00a0 Finanzmittel zum Bau einer M\u00fcllhalde<br \/>\n&#8211;\u00a0\u00a0\u00a0\u00a0\u00a0\u00a0\u00a0\u00a0\u00a0 Finanzmittel zur teilweisen Aufstockung von L\u00f6hnen f\u00fcr M\u00fcllarbeiter<br \/>\n&#8211;\u00a0\u00a0\u00a0\u00a0\u00a0\u00a0\u00a0\u00a0\u00a0 Schulungsprogramme und ein Pilotprojekt zur Erh\u00f6hung der \u00f6ffentlichen Aufmerksamkeit<\/p>\n<p>2014 gewann Yayasan Hausbesitzer in einigen Stra\u00dfen f\u00fcr ein Pilotprojekt zur M\u00fclltrennung, um die B\u00fcrger zur Abfallreduktion zu mootivieren und das Dorf zu entlasten. Das Programm wurde durch die \u201cIngenieure ohne Grenzen\u201d aus Deutschland finanziert. Es band Schulclubs ein und unterrichte Sch\u00fcler darin, durch Blogs, Medien und Interviews mit Regierungsbeamten als Advokaten f\u00fcr ein Abfallmanagement aufzutreten.<\/p>\n<p>Ein Leiter dieses Pilotprojekts steht heute JEPRI-LINK vor, einem gut angesehenen Netzwerk von 80 im Abfallmanagement engagierten Ortseinwohnern, die ihre Botschaft in Schulen, Tempel, Gemeindegruppen (Subak, Jugend,\u2026) und in den privaten Bereich tragen, um dort eine gr\u00f6\u00dfere Verantwortung f\u00fcr den Umgang mit dem eigenen M\u00fcll zu f\u00f6rdern.<\/p>\n<p><strong>Neuere Entwicklungen<\/strong><\/p>\n<p>2017 hat das Dorf die M\u00fcllaufbereitungsanlage an die Gesch\u00e4ftseinheit BUMDES des Ortes \u00fcbergeben. BUMDES arbeitet daran, den Status und die Sicherheit der M\u00fcllarbeiter zu erh\u00f6hen, gibt ihnen Uniformen,Schutzkleidung, regelm\u00e4\u00dfiges Einkommen und, was noch wichtiger ist, \u00f6ffentliche Anerkennung und Respekt.<\/p>\n<p>BUMDES arbeitet auch mit JEPRI-LINK zuammen, um die die wichtigsten Meinungsf\u00fchrer als Vorbilder f\u00fcr ihre Nachbarn zu gewinnen, keinen M\u00fcll in die Fl\u00fcsse zu kippen.<\/p>\n<p>Heute sind Akzeptanz und Bewusstsein f\u00fcr die Wichtigkeit des Abfallmanagements viel h\u00f6her, und obwohl nur wenige Prozent der Bev\u00f6lkerung f\u00fcr dieses Projekt wirklich eingenommen sind und als aktive Bef\u00fcrworter auftreten, sind viele Dorfbewohner stolz auf ihre sichtbar sauberere Umgebung.<\/p>\n<p><strong>Wie sieht die Praxis aus<\/strong><\/p>\n<p>M\u00fcllm\u00e4nner sammeln jeden Morgen den Abfall von den M\u00fclltonnen der Hauptstra\u00dfen ein, von den Haushalten 2 mal w\u00f6chentlich.<\/p>\n<p>Alle 14 Tage holt Yayasan sortierten Plastikm\u00fcll auf 3 Routen mit 50 Haushalten ab und bringt ihn zu einem Depot, wo er getrennt und weiter sortiert wird. Recyclingf\u00e4higes Material wird f\u00fcr einen sp\u00e4teren Verkauf gesammelt.<\/p>\n<p>Der gr\u00f6\u00dfte Teil des Abfalls ist organisch. Der L\u00f6wenanteil wird der nat\u00fcrlichen Verrottung \u00fcberlassen und ein Teil wird kompostiert und dann verkauft.<\/p>\n<p>F\u00fcr die Zukunft wollen wir Auffanggitter in Fl\u00fcssen finanzieren, die den M\u00fcll daran hindern, direkt ins Meer zu gehen, sowie eine monatliche Sammlung von Plastikm\u00fcll im ganzen Dorf.<\/p>\n","protected":false},"excerpt":{"rendered":"<p>Abfallmanagement in Tejakula Sch\u00e4tzungen zufolge wird weniger als 50% des Abfalls in Bali eingesammelt und richtig entsorgt, und die Situation in Tejakula war nicht anders bis 2010, als der B\u00fcrgermeister [&hellip;]<\/p>\n","protected":false},"author":1,"featured_media":0,"parent":4178,"menu_order":2,"comment_status":"closed","ping_status":"closed","template":"","meta":{"footnotes":""},"class_list":["post-4189","page","type-page","status-publish","hentry"],"_links":{"self":[{"href":"https:\/\/www.gaia-oasis.com\/de\/wp-json\/wp\/v2\/pages\/4189","targetHints":{"allow":["GET"]}}],"collection":[{"href":"https:\/\/www.gaia-oasis.com\/de\/wp-json\/wp\/v2\/pages"}],"about":[{"href":"https:\/\/www.gaia-oasis.com\/de\/wp-json\/wp\/v2\/types\/page"}],"author":[{"embeddable":true,"href":"https:\/\/www.gaia-oasis.com\/de\/wp-json\/wp\/v2\/users\/1"}],"replies":[{"embeddable":true,"href":"https:\/\/www.gaia-oasis.com\/de\/wp-json\/wp\/v2\/comments?post=4189"}],"version-history":[{"count":1,"href":"https:\/\/www.gaia-oasis.com\/de\/wp-json\/wp\/v2\/pages\/4189\/revisions"}],"predecessor-version":[{"id":4190,"href":"https:\/\/www.gaia-oasis.com\/de\/wp-json\/wp\/v2\/pages\/4189\/revisions\/4190"}],"up":[{"embeddable":true,"href":"https:\/\/www.gaia-oasis.com\/de\/wp-json\/wp\/v2\/pages\/4178"}],"wp:attachment":[{"href":"https:\/\/www.gaia-oasis.com\/de\/wp-json\/wp\/v2\/media?parent=4189"}],"curies":[{"name":"wp","href":"https:\/\/api.w.org\/{rel}","templated":true}]}}