{"id":4195,"date":"2017-12-15T08:47:28","date_gmt":"2017-12-15T08:47:28","guid":{"rendered":"http:\/\/www.gaia-oasis.com\/?page_id=4195"},"modified":"2022-02-12T06:15:40","modified_gmt":"2022-02-11T22:15:40","slug":"kultur","status":"publish","type":"page","link":"https:\/\/www.gaia-oasis.com\/de\/kultur\/","title":{"rendered":"Kultur"},"content":{"rendered":"<p><a href=\"http:\/\/www.gaia-oasis.com\/kultur\/culture-7\/\" rel=\"attachment wp-att-3870\"><img loading=\"lazy\" decoding=\"async\" class=\"wp-image-3870 aligncenter\" src=\"http:\/\/www.gaia-oasis.com\/wp-content\/uploads\/2017\/12\/Culture-7.jpg\" alt=\"Culture (7)\" width=\"275\" height=\"183\" srcset=\"https:\/\/www.gaia-oasis.com\/wp-content\/uploads\/2017\/12\/Culture-7.jpg 4608w, https:\/\/www.gaia-oasis.com\/wp-content\/uploads\/2017\/12\/Culture-7-300x200.jpg 300w, https:\/\/www.gaia-oasis.com\/wp-content\/uploads\/2017\/12\/Culture-7-1024x682.jpg 1024w\" sizes=\"auto, (max-width: 275px) 100vw, 275px\" \/><\/a><\/p>\n<p><strong>Klangschule f\u00fcr Gamelan<\/strong><\/p>\n<p>Viele Besucher von Bali kommen mit den Kl\u00e4ngen von Gamelan erstmals in Ber\u00fchrung bei Kulturveranstaltungen und erfahren sie als eine Form von Unterhaltung. Gamelan ist jedoch weit mehr als ein balinesisches Symphonieorchester, das zur Unterhaltung spielt. Es untermalt fast alle Arten k\u00fcnstlerischer Vorstellungen in Bali und bildet ein Kernst\u00fcck religi\u00f6ser Rituale.<\/p>\n<p>Um ein weiteres Florieren von Gamelan in Bali zu sichern finanziert Yayasan eine Gamelan Musikschule in Tejakula. Die Schule er\u00f6ffnet jungen Balinesen kostenlosen Zugang zur vollen Ausstattung an Orchsterinstrumenten und systematischen Unterweisung durch Gamelan-Meister. Dabei leiten auch \u00e4ltere Sch\u00fcler die J\u00fcngeren an.<\/p>\n<p>\u00dcberdies kommen die j\u00fcngeren Sch\u00fcler in Kontakt mit einem breiteren Repertoire: mit weniger bekannten Werken der \u00dcberlieferung ebenso wie mit modernen Interpretationen. Dies geschieht verbunden mit einer Teilnahme an Festivals und in der Begegnung mit lebenden Meistern.<\/p>\n<p>Durch Verankerung der Sch\u00fcler in traditionellen Stilen und technischen Fertigkeiten bei gleichzeitiger Ber\u00fchrung mit einem breiteren Repertoire will die Schule dieser Kunst ein neues Leben einhauchen und das Alte mit Neuem verbinden, damit es sich mit der Zeit stetig weiterentwickeln kann.<\/p>\n<p><strong>Teilnehmer und Auszeichnungen<\/strong><\/p>\n<p>Insgesamt profitieren 40 Sch\u00fcler aus 8 Schulen im Bezirk von dieser 3-j\u00e4hrigen Betreuuung, die als benotete Zusatzaktivit\u00e4t au\u00dferhalb des Lehrplans wahrgenommen werden kann. Am Ende dieser 3 Jahre k\u00f6nnen die Sch\u00fcler all die verschiedenen Instrumente ihrer Gruppe spielen und an kulturellen Auftritten oder Tempelzeremonien des Dorfes mitwirken.<\/p>\n<p>Seit das Programm 2014 begann, hat Yayasan einen kontinuierlichen Zustrom von jungen und heranwachsenden Gamelanspielern generieren k\u00f6nnen und Lebendigkeit in die lokale Kunstlandsschaft gebracht. 2016 haben wir auch eine Gamelanklasse f\u00fcr M\u00e4dchen eingerichtet.<\/p>\n<p>Studenten der Klangschule haben an Wettbewerben von Festivals teilgenommen und dabei zahlreiche Auszeichnungen erhalten, darunter<\/p>\n<ul>\n<li>Bleganjur Festival Buleleng: 2. Platz (2014), 1. Platz (2015)<\/li>\n<li>Bali Bleganjur Festival: 4.<sup>. <\/sup>Platz (2016)<\/li>\n<li>G\u00e4ste beim Bali Kunstfestival (2016)<\/li>\n<li>Junge K\u00fcnstler des Jahres, Bezirk Buleleng (2016)<\/li>\n<\/ul>\n<p>2016 sind einige Absolventen in eine Zusammenarbeit mit Tejakula Wayang Wong eingetreten, einer Tanztradition im UNESCO Weltkulturerbe, um ein neues Werk namens \u201cSatyan Sita\u201d mit der Shakespearschauspielerin Peggy Rubin aufzuf\u00fchren. Wir hoffen, weitere Kooperationen und Projekte werden folgen.<\/p>\n","protected":false},"excerpt":{"rendered":"<p>Klangschule f\u00fcr Gamelan Viele Besucher von Bali kommen mit den Kl\u00e4ngen von Gamelan erstmals in Ber\u00fchrung bei Kulturveranstaltungen und erfahren sie als eine Form von Unterhaltung. Gamelan ist jedoch weit [&hellip;]<\/p>\n","protected":false},"author":1,"featured_media":0,"parent":0,"menu_order":0,"comment_status":"open","ping_status":"closed","template":"","meta":{"footnotes":""},"class_list":["post-4195","page","type-page","status-publish","hentry"],"_links":{"self":[{"href":"https:\/\/www.gaia-oasis.com\/de\/wp-json\/wp\/v2\/pages\/4195","targetHints":{"allow":["GET"]}}],"collection":[{"href":"https:\/\/www.gaia-oasis.com\/de\/wp-json\/wp\/v2\/pages"}],"about":[{"href":"https:\/\/www.gaia-oasis.com\/de\/wp-json\/wp\/v2\/types\/page"}],"author":[{"embeddable":true,"href":"https:\/\/www.gaia-oasis.com\/de\/wp-json\/wp\/v2\/users\/1"}],"replies":[{"embeddable":true,"href":"https:\/\/www.gaia-oasis.com\/de\/wp-json\/wp\/v2\/comments?post=4195"}],"version-history":[{"count":4,"href":"https:\/\/www.gaia-oasis.com\/de\/wp-json\/wp\/v2\/pages\/4195\/revisions"}],"predecessor-version":[{"id":5071,"href":"https:\/\/www.gaia-oasis.com\/de\/wp-json\/wp\/v2\/pages\/4195\/revisions\/5071"}],"wp:attachment":[{"href":"https:\/\/www.gaia-oasis.com\/de\/wp-json\/wp\/v2\/media?parent=4195"}],"curies":[{"name":"wp","href":"https:\/\/api.w.org\/{rel}","templated":true}]}}