{"id":4200,"date":"2017-12-15T08:51:43","date_gmt":"2017-12-15T08:51:43","guid":{"rendered":"http:\/\/www.gaia-oasis.com\/?page_id=4200"},"modified":"2017-12-15T08:51:43","modified_gmt":"2017-12-15T08:51:43","slug":"besondere-zielgruppen","status":"publish","type":"page","link":"https:\/\/www.gaia-oasis.com\/de\/gaia-foundation\/programme-der-stiftung\/besondere-zielgruppen\/","title":{"rendered":"Besondere Zielgruppen"},"content":{"rendered":"<p><a href=\"http:\/\/www.gaia-oasis.com\/special-groups\/elderly\/\" rel=\"attachment wp-att-3800\"><img loading=\"lazy\" decoding=\"async\" class=\"wp-image-3800 aligncenter\" src=\"http:\/\/www.gaia-oasis.com\/wp-content\/uploads\/2017\/11\/Elderly.jpg\" alt=\"Elderly\" width=\"282\" height=\"212\" srcset=\"https:\/\/www.gaia-oasis.com\/wp-content\/uploads\/2017\/11\/Elderly.jpg 960w, https:\/\/www.gaia-oasis.com\/wp-content\/uploads\/2017\/11\/Elderly-300x225.jpg 300w\" sizes=\"auto, (max-width: 282px) 100vw, 282px\" \/><\/a><\/p>\n<p><strong>Waisenkinder<\/strong><\/p>\n<p>Wir unterst\u00fctzen 37 Kindern im Alter zwischen 3 und 21 Jahren in einem Kinderheim namens Destawan mit Lebensmitteln und Schulausr\u00fcstung. Einige von ihnen sind Waisen, andere von ihren Eltern verlassen, wieder andere von Eltern ins Heim gebracht, die sich nicht leisten k\u00f6nnen, sie zur Schule zu schicken, und hoffen, dass sie auf diese Weise eine Schulausbildung erhalten k\u00f6nnen.<\/p>\n<p>Alle Kinder im Schulalter bekommen ein Stipendium, 10 Kinder gehen zur Universit\u00e4t. Der Leiter des Heimes Pak Ketut Sukresna ist \u00fcberzeugt, dass Schulbildung f\u00fcr die Kinder der Weg in eine bessereZukunft ist. Erg\u00e4nzend zum normalen Unterricht erhalten die Kinder Zusatzunterricht in balinesischem Gamelan, Tanz, Englisch und Computerbedienung.<\/p>\n<p>Unl\u00e4ngst hat Pak Ketut einen kostenlosen Kindergarten ins Leben gerufen, nicht nur f\u00fcr die Kinder im Heim, sondern auch f\u00fcr alle Kinder im nahegelegenen Dorf.<\/p>\n<p>Die Kinder genie\u00dfen das Landleben mit eigenen H\u00fchnern, Schweinen und K\u00fchen. Im Kontrast zu vielen anderen Waisenh\u00e4usern christlicher, islamischer oder hinduistischer Stiftungen in Bali wird Destawan im traditionellen balinesischen Stil betrieben, was f\u00fcr die Kinder eine gr\u00f6\u00dfere Kontinuit\u00e4t zu ihrem Leben vor dem Heimaufenthalt bedeutet.<br \/>\nAu\u00dferdem unterst\u00fctzen wir 9 Waisen im Alter zwischen 5 und 17 Jahren, die mit Verwandten (Onkeln, Tanten, Gro\u00dfm\u00fcttern,\u2026) in Tejakula leben. Alle von ihnen gehen zur Schule. Gaia gew\u00e4hrt ihnen ein monatlich ausbezahltes Stipendium f\u00fcr Schulbeg\u00fchren und Unterhaltskosten.<\/p>\n<p><strong>\u00c4ltere Menschen<\/strong><\/p>\n<p>Einmal im Jahr versorgen wir arme \u00e4ltere Menschen in Tejakula mit 9 Grundnahrungsmitteln (\u201csembako\u201d). 2017 waren es 190 betagte Personen. Sie wurden gemeinsam mit einer NGO namens Semeton Tejakula Peduli (STP) und Verantwortlichen des Dorfes ausgew\u00e4hlt &#8211; aufgrund von Arbeitsunf\u00e4higkeit, Gesundheitsproblemen oder finanzieller Bed\u00fcrftigkeit, Wir haben au\u00dferdem Arme und Alte in Form von kostenlosen oder subventionierten Reislieferungen unterst\u00fctzt.<\/p>\n<p>Gegenw\u00e4rtig leiten wir auch Geldmittel von Spendern an zwei \u00e4ltere Damen weiter, die an einer unheilbaren genetischen Krankheit leiden. Sie k\u00f6nnen weder gehen noch arbeiten. Die Spender haben eine bessere Einrichtung bereitgestellt und monatliche Zahlungen f\u00fcr Nahrungsmittel und sonstigen Lebensunterhalt.<\/p>\n","protected":false},"excerpt":{"rendered":"<p>Waisenkinder Wir unterst\u00fctzen 37 Kindern im Alter zwischen 3 und 21 Jahren in einem Kinderheim namens Destawan mit Lebensmitteln und Schulausr\u00fcstung. Einige von ihnen sind Waisen, andere von ihren Eltern [&hellip;]<\/p>\n","protected":false},"author":1,"featured_media":0,"parent":4178,"menu_order":6,"comment_status":"open","ping_status":"closed","template":"","meta":{"footnotes":""},"class_list":["post-4200","page","type-page","status-publish","hentry"],"_links":{"self":[{"href":"https:\/\/www.gaia-oasis.com\/de\/wp-json\/wp\/v2\/pages\/4200","targetHints":{"allow":["GET"]}}],"collection":[{"href":"https:\/\/www.gaia-oasis.com\/de\/wp-json\/wp\/v2\/pages"}],"about":[{"href":"https:\/\/www.gaia-oasis.com\/de\/wp-json\/wp\/v2\/types\/page"}],"author":[{"embeddable":true,"href":"https:\/\/www.gaia-oasis.com\/de\/wp-json\/wp\/v2\/users\/1"}],"replies":[{"embeddable":true,"href":"https:\/\/www.gaia-oasis.com\/de\/wp-json\/wp\/v2\/comments?post=4200"}],"version-history":[{"count":1,"href":"https:\/\/www.gaia-oasis.com\/de\/wp-json\/wp\/v2\/pages\/4200\/revisions"}],"predecessor-version":[{"id":4201,"href":"https:\/\/www.gaia-oasis.com\/de\/wp-json\/wp\/v2\/pages\/4200\/revisions\/4201"}],"up":[{"embeddable":true,"href":"https:\/\/www.gaia-oasis.com\/de\/wp-json\/wp\/v2\/pages\/4178"}],"wp:attachment":[{"href":"https:\/\/www.gaia-oasis.com\/de\/wp-json\/wp\/v2\/media?parent=4200"}],"curies":[{"name":"wp","href":"https:\/\/api.w.org\/{rel}","templated":true}]}}